{"id":1380,"date":"2020-12-08T15:08:45","date_gmt":"2020-12-08T22:08:45","guid":{"rendered":"https:\/\/sensorimotorpsychotherapy.org\/politica-de-cookies\/"},"modified":"2020-12-08T15:08:45","modified_gmt":"2020-12-08T22:08:45","slug":"politica-de-cookies","status":"publish","type":"page","link":"https:\/\/sensorimotorpsychotherapy.org\/es\/politica-de-cookies\/","title":{"rendered":"Pol\u00edtica de Cookies"},"content":{"rendered":"<p style=\"text-align: right;\"><strong>6-24-2020<\/strong><\/p>\n<p>Esta Pol\u00edtica de Cookies explica c\u00f3mo se utilizan las cookies y tecnolog\u00edas similares (colectivamente, <strong>\u00abCookie(s)<\/strong>\u00ab) cuando visita nuestro Sitio. Psychotherapy Institute (la \u00ab<strong>Compa\u00f1\u00eda<\/strong>\u00ab, \u00abnuestro\u00bb o \u00abnosotros\u00bb), as\u00ed como cualquier otro servicio que muestre esta Pol\u00edtica de cookies. Esta pol\u00edtica explica qu\u00e9 son estas tecnolog\u00edas y por qu\u00e9 se utilizan, as\u00ed como su derecho a controlar su uso. Esta pol\u00edtica explica qu\u00e9 son estas tecnolog\u00edas y por qu\u00e9 se utilizan, as\u00ed como su derecho a controlar su uso.<\/p>\n<p>Es posible que modifiquemos esta Pol\u00edtica de Cookies en cualquier momento. Mire la fecha de la \u00ab\u00daLTIMA REVISI\u00d3N\u201d en la parte superior de esta p\u00e1gina para ver cu\u00e1ndo se revis\u00f3 por \u00faltima vez esta Pol\u00edtica de Cookies. Cualquier cambio en esta Pol\u00edtica de Cookies entrar\u00e1 en vigor cuando pongamos a disposici\u00f3n la Pol\u00edtica de Cookies revisada en o a trav\u00e9s del Sitio.<\/p>\n<p>Si tiene cualquier pregunta, p\u00f3ngase en contacto con nosotros por correo electr\u00f3nico en <a href=\"mailto:outreach@sensorimotor.org\">outreach@sensorimotor.org<\/a>, o escr\u00edbanos a la siguiente direcci\u00f3n: Sensorimotor Psychotherapy Institute, 805 Burbank Street, Broomfield, CO 80020, attn.: Outreach &amp; Marketing.<\/p>\n<h1>1. \u00bfQu\u00e9 es una Cookie?<\/h1>\n<p>Una cookie es un peque\u00f1o archivo de texto (que a menudo incluye un identificador \u00fanico) que se env\u00eda al navegador de un usuario desde los ordenadores de un sitio web y se almacena en el disco duro del equipo de un usuario o en una tableta o dispositivo m\u00f3vil (colectivamente, \u00ab<strong>Ordenador<\/strong>\u00ab). Una Cookie almacena una peque\u00f1a cantidad de datos en su Ordenador sobre su visita al Sitio.<\/p>\n<p>Tambi\u00e9n podemos usar \u201cbalizas web\u201d (tambi\u00e9n conocidas como \u201cGIF transparentes\u201d o \u201cetiquetas de p\u00edxeles\u201d) o tecnolog\u00edas similares en nuestro Sitio para permitirnos saber si ha visitado una p\u00e1gina web o recibido un mensaje. Una baliza web es t\u00edpicamente una imagen transparente de un p\u00edxel (aunque tambi\u00e9n puede ser una imagen visible), ubicada en una p\u00e1gina web o en un correo electr\u00f3nico u otro tipo de mensaje, que se recupera de un sitio web remoto en Internet que permite la verificaci\u00f3n de la visualizaci\u00f3n o recepci\u00f3n de una p\u00e1gina web o mensaje por parte de una persona. Una baliza web nos ayuda a entender si lleg\u00f3 a nuestro sitio web a partir de un anuncio en l\u00ednea que se muestra en un sitio web de terceros, medir los \u00e9xitos de las campa\u00f1as de marketing por correo electr\u00f3nico y mejorar el rendimiento de nuestro sitio web. Tambi\u00e9n pueden permitirnos relacionar su visualizaci\u00f3n o recepci\u00f3n de una p\u00e1gina web o mensaje con otra informaci\u00f3n sobre usted, incluida su informaci\u00f3n personal. En muchos casos, las balizas web dependen de las cookies para funcionar correctamente, por lo que rechazar las cookies perjudicar\u00e1 su funcionamiento.<\/p>\n<p>Colocamos y accedemos a las Cookies en su Ordenador; estas Cookies se conocen como \u00abCookies de origen\u00bb. Algunos de nuestros proveedores externos tambi\u00e9n pueden colocar cookies y acceder a ellas, que se conocen como \u00abCookies de terceros\u00bb y se describen a continuaci\u00f3n. Algunas Cookies son \u00abCookies de sesi\u00f3n\u00bb, lo que significa que son Cookies temporales que solo se almacenan en su dispositivo mientras visita nuestro Sitio. Otras Cookies son \u00abCookies persistentes\u00bb, lo que significa que se almacenan en su dispositivo durante un per\u00edodo de tiempo despu\u00e9s de abandonar nuestro Sitio.<\/p>\n<p>Puede elegir si desea aceptar Cookies cambiando la configuraci\u00f3n de su navegador. Sin embargo, si deshabilita esta funci\u00f3n (o la mantiene deshabilitada, seg\u00fan lo establecido de forma predeterminada por ciertos navegadores), es posible que disminuya su experiencia en el Sitio y que algunas funciones no funcionen seg\u00fan lo previsto.<\/p>\n<h1>2. \u00bfQu\u00e9 Cookies utilizamos?<\/h1>\n<p>A continuaci\u00f3n, enumeramos los diferentes tipos de Cookies que se utilizan en el Sitio que est\u00e1 visitando.<\/p>\n<p>En la medida en que cualquier informaci\u00f3n personal se recopile a trav\u00e9s de Cookies de terceros, nuestra <a href=\"https:\/\/sensorimotorpsychotherapy.org\/es\/politica-de-privacidad\/\">Pol\u00edtica de Privacidad<\/a> aplica y complementa esta Pol\u00edtica de Cookies. La informaci\u00f3n personal recopilada a trav\u00e9s de una Cookie de terceros est\u00e1 sujeta a la pol\u00edtica de privacidad de ese tercero, y no a nuestra Pol\u00edtica de Privacidad.<\/p>\n<h2>Cookies esenciales<\/h2>\n<p>Las Cookies esenciales le permiten navegar por el Sitio y utilizar sus servicios y caracter\u00edsticas. Sin estas Cookies esenciales, el Sitio no funcionar\u00e1 tan bien para usted como nos gustar\u00eda y es posible que no podamos proporcionar el Sitio o ciertos servicios o caracter\u00edsticas.<\/p>\n<h2>Cookies de preferencias<\/h2>\n<p>Las Cookies de preferencias recopilan informaci\u00f3n sobre sus opciones y preferencias, y nos permiten recordar el idioma u otros ajustes locales y personalizar el Sitio en consecuencia.<\/p>\n<h2>Cookies de redes sociales<\/h2>\n<p>Las cookies de redes sociales se utilizan para permitirle compartir p\u00e1ginas y contenido que encuentre interesante en nuestro Sitio a trav\u00e9s de redes sociales de terceros y otros sitios web. Estas Cookies tambi\u00e9n se pueden utilizar con fines publicitarios.<\/p>\n<h2>Cookies anal\u00edticas<\/h2>\n<p>Las Cookies anal\u00edticas recopilan informaci\u00f3n sobre su uso del Sitio y nos permiten mejorar la forma en que funciona. Por ejemplo, las Cookies anal\u00edticas nos muestran cu\u00e1les son las p\u00e1ginas m\u00e1s visitadas en el Sitio, nos ayudan a registrar cualquier dificultad que tenga con el Sitio y nos muestran si nuestra publicidad es efectiva o no. Las Cookies anal\u00edticas nos permiten ver los patrones generales de uso en el Sitio, en lugar del uso de una sola persona. Utilizamos informaci\u00f3n de las Cookies anal\u00edticas para analizar el tr\u00e1fico del Sitio, pero no examinamos esta informaci\u00f3n para identificar informaci\u00f3n individualmente.<\/p>\n<h2>Cookies publicitarias<\/h2>\n<p>Las Cookies publicitarias est\u00e1n configuradas para gestionar nuestra publicidad. Estas Cookies recopilan informaci\u00f3n sobre sus actividades en este Sitio y otros sitios web para proporcionarle publicidad dirigida. En el E.E.E. la publicidad no es personalizada ni espec\u00edfica en funci\u00f3n de sus actividades.<\/p>\n<h1>3. \u00bfC\u00f3mo gestiono las Cookies?<\/h1>\n<p>Puede cambiar la anterior configuraci\u00f3n de las Cookies desactivando todas las Cookies.<\/p>\n<p>Puede rechazar o aceptar Cookies del Sitio o de cualquier otro sitio web en cualquier momento activando la configuraci\u00f3n de su navegador. La mayor\u00eda de los navegadores de Internet aceptan Cookies autom\u00e1ticamente, pero habitualmente usted puede modificar los valores de su navegador para que rechace las Cookies si as\u00ed lo prefiere. Si decide rechazar las Cookies, es posible que no pueda iniciar sesi\u00f3n o utilizar otras funciones interactivas de nuestro Sitio que dependan de las Cookies. Puede encontrar informaci\u00f3n sobre el procedimiento a seguir para habilitar o deshabilitar las Cookies en:<\/p>\n<ul>\n<li><a href=\"https:\/\/support.google.com\/chrome\/answer\/95647?hl=en\" target=\"_blank\" rel=\"noopener\">Chrome<\/a><\/li>\n<li><a href=\"https:\/\/support.apple.com\/en-gb\/guide\/safari\/sfri11471\/mac\" target=\"_blank\" rel=\"noopener\">Safari<\/a><\/li>\n<li><a href=\"https:\/\/support.apple.com\/en-us\/HT201265\" target=\"_blank\" rel=\"noopener\">Safari Mobile<\/a> (iPhone and iPads)<\/li>\n<li><a href=\"https:\/\/support.mozilla.org\/en-US\/kb\/cookies-information-websites-store-on-your-computer#w_cookie-settings\" target=\"_blank\" rel=\"noopener\">Firefox<\/a><\/li>\n<li><a href=\"https:\/\/support.microsoft.com\/en-us\/help\/17442\/windows-internet-explorer-delete-manage-cookies\" target=\"_blank\" rel=\"noopener\">Microsoft Edge<\/a><\/li>\n<\/ul>\n<p>Para obtener m\u00e1s informaci\u00f3n sobre otros navegadores de uso com\u00fan, consulte <a href=\"http:\/\/www.allaboutcookies.org\/manage-cookies\/\" target=\"_blank\" rel=\"noopener\">http:\/\/www.allaboutcookies.org\/manage-cookies\/<\/a>.<\/p>\n<p>Tenga en cuenta que, si se deshabilitan las Cookies, no todas las caracter\u00edsticas del Sitio pueden funcionar seg\u00fan lo previsto.<\/p>\n<p>Para optar por no participar en los datos de Google Analytics, siga las siguientes instrucciones: <a href=\"https:\/\/tools.google.com\/dlpage\/gaoptout\" target=\"_blank\" rel=\"noopener\">https:\/\/tools.google.com\/dlpage\/gaoptout<\/a>.<\/p>\n","protected":false},"excerpt":{"rendered":"<p>6-24-2020 Esta Pol\u00edtica de Cookies explica c\u00f3mo se utilizan las cookies y tecnolog\u00edas similares (colectivamente, \u00abCookie(s)\u00ab) cuando visita nuestro Sitio. Psychotherapy Institute (la \u00abCompa\u00f1\u00eda\u00ab, \u00abnuestro\u00bb o \u00abnosotros\u00bb), as\u00ed como cualquier otro servicio que muestre esta Pol\u00edtica de cookies. Esta pol\u00edtica explica qu\u00e9 son estas tecnolog\u00edas y por qu\u00e9 se utilizan, as\u00ed como su derecho a [&hellip;]<\/p>\n","protected":false},"author":2,"featured_media":0,"parent":0,"menu_order":0,"comment_status":"closed","ping_status":"open","template":"","meta":{"_acf_changed":false,"_et_pb_use_builder":"","_et_pb_old_content":"","_et_gb_content_width":"","om_disable_all_campaigns":false,"_monsterinsights_skip_tracking":false,"_monsterinsights_sitenote_active":false,"_monsterinsights_sitenote_note":"","_monsterinsights_sitenote_category":0,"footnotes":""},"class_list":["post-1380","page","type-page","status-publish","hentry"],"acf":[],"_links":{"self":[{"href":"https:\/\/sensorimotorpsychotherapy.org\/es\/wp-json\/wp\/v2\/pages\/1380","targetHints":{"allow":["GET"]}}],"collection":[{"href":"https:\/\/sensorimotorpsychotherapy.org\/es\/wp-json\/wp\/v2\/pages"}],"about":[{"href":"https:\/\/sensorimotorpsychotherapy.org\/es\/wp-json\/wp\/v2\/types\/page"}],"author":[{"embeddable":true,"href":"https:\/\/sensorimotorpsychotherapy.org\/es\/wp-json\/wp\/v2\/users\/2"}],"replies":[{"embeddable":true,"href":"https:\/\/sensorimotorpsychotherapy.org\/es\/wp-json\/wp\/v2\/comments?post=1380"}],"version-history":[{"count":0,"href":"https:\/\/sensorimotorpsychotherapy.org\/es\/wp-json\/wp\/v2\/pages\/1380\/revisions"}],"wp:attachment":[{"href":"https:\/\/sensorimotorpsychotherapy.org\/es\/wp-json\/wp\/v2\/media?parent=1380"}],"curies":[{"name":"wp","href":"https:\/\/api.w.org\/{rel}","templated":true}]}}