{"id":1381,"date":"2020-12-08T15:35:26","date_gmt":"2020-12-08T22:35:26","guid":{"rendered":"https:\/\/sensorimotorpsychotherapy.org\/quienes-somos\/"},"modified":"2022-04-11T11:17:01","modified_gmt":"2022-04-11T17:17:01","slug":"quienes-somos","status":"publish","type":"page","link":"https:\/\/sensorimotorpsychotherapy.org\/es\/quienes-somos\/","title":{"rendered":"Qui\u00e9nes somos"},"content":{"rendered":"<p>[et_pb_section fb_built=\u00bb1&#8243; admin_label=\u00bbsection\u00bb _builder_version=\u00bb4.1&#8243; animation_style=\u00bbfade\u00bb][et_pb_row column_structure=\u00bb1_2,1_2&#8243; make_equal=\u00bbon\u00bb module_class=\u00bbvertical-align\u00bb _builder_version=\u00bb4.1&#8243;][et_pb_column type=\u00bb1_2&#8243; _builder_version=\u00bb4.1&#8243;][et_pb_text admin_label=\u00bbText\u00bb _builder_version=\u00bb4.9.4&#8243; background_size=\u00bbinitial\u00bb background_position=\u00bbtop_left\u00bb background_repeat=\u00bbrepeat\u00bb]<\/p>\n<h1 style=\"text-align: left;\">Qui\u00e9nes somos<\/h1>\n<p>[\/et_pb_text][et_pb_text _builder_version=\u00bb4.9.4&#8243;]<\/p>\n<p>Sensorimotor Psychotherapy Institute (SPI) es una organizaci\u00f3n educativa profesional que dise\u00f1a y proporciona las formaciones y servicios de m\u00e1s alto nivel para servir a una red global de profesionales de la salud mental *, y para el p\u00fablico en general. Buscando mejorar las relaciones humanas, nuestro paradigma se fundamenta en la neurobiolog\u00eda interpersonal y es impulsado por la atenci\u00f3n plena aplicada en contextos interactivos.<\/p>\n<p>[\/et_pb_text][et_pb_text _builder_version=\u00bb4.1&#8243;]*SPI no es una organizaci\u00f3n reguladora ni licenciante y, por lo tanto, no est\u00e1 autorizada para certificar, licenciar u otorgar de otro modo la autorizaci\u00f3n legal para ejercer como profesional de la salud mental.<br \/>\n[\/et_pb_text][\/et_pb_column][et_pb_column type=\u00bb1_2&#8243; _builder_version=\u00bb4.1&#8243;][et_pb_image src=\u00bbhttps:\/\/sensorimotor.wpengine.com\/wp-content\/uploads\/2020\/01\/Sensorimotor-Class-Sept-2019-21.jpg\u00bb _builder_version=\u00bb4.1&#8243;][\/et_pb_image][\/et_pb_column][\/et_pb_row][\/et_pb_section][et_pb_section fb_built=\u00bb1&#8243; module_id=\u00bbmisi\u00f3n\u00bb _builder_version=\u00bb4.1&#8243; custom_padding=\u00bb0px|||||\u00bb][et_pb_row column_structure=\u00bb1_2,1_2&#8243; _builder_version=\u00bb4.1&#8243;][et_pb_column type=\u00bb1_2&#8243; _builder_version=\u00bb4.1&#8243; animation_style=\u00bbfade\u00bb animation_delay=\u00bb200ms\u00bb hover_enabled=\u00bb0&#8243; sticky_enabled=\u00bb0&#8243;][et_pb_text _builder_version=\u00bb4.1&#8243; custom_margin=\u00bb||0px||false|false\u00bb]<\/p>\n<h2>Nuestra misi\u00f3n<\/h2>\n<p>[\/et_pb_text][et_pb_divider color=\u00bb#1fb2ab\u00bb divider_weight=\u00bb5px\u00bb _builder_version=\u00bb4.1&#8243; module_alignment=\u00bbleft\u00bb custom_margin=\u00bb||0px||false|false\u00bb][\/et_pb_divider][et_pb_text _builder_version=\u00bb4.1&#8243; hover_enabled=\u00bb0&#8243; sticky_enabled=\u00bb0&#8243;]<\/p>\n<h6>Ofrecer una psicoterapia som\u00e1tica de vanguardia sin precedentes en todo el mundo a trav\u00e9s de la educaci\u00f3n, la pr\u00e1ctica y la investigaci\u00f3n.<\/h6>\n<p>[\/et_pb_text][\/et_pb_column][et_pb_column type=\u00bb1_2&#8243; _builder_version=\u00bb4.1&#8243; animation_style=\u00bbfade\u00bb animation_delay=\u00bb400ms\u00bb][et_pb_text _builder_version=\u00bb4.1&#8243; custom_margin=\u00bb||0px||false|false\u00bb]<\/p>\n<h2>Nuestra visi\u00f3n<\/h2>\n<p>[\/et_pb_text][et_pb_divider color=\u00bb#93a444&#8243; divider_weight=\u00bb5px\u00bb _builder_version=\u00bb4.1&#8243; module_alignment=\u00bbleft\u00bb custom_margin=\u00bb||0px||false|false\u00bb][\/et_pb_divider][et_pb_text _builder_version=\u00bb4.1&#8243;]<\/p>\n<h6>Aprovechar la sabidur\u00eda innata del cuerpo para liberar el potencial humano.<\/h6>\n<p>[\/et_pb_text][\/et_pb_column][\/et_pb_row][et_pb_row _builder_version=\u00bb4.1&#8243; custom_padding=\u00bb60px||10px||false|false\u00bb animation_style=\u00bbfade\u00bb animation_delay=\u00bb600ms\u00bb][et_pb_column type=\u00bb4_4&#8243; _builder_version=\u00bb4.1&#8243;][et_pb_text _builder_version=\u00bb4.1&#8243; custom_margin=\u00bb||0px||false|false\u00bb]<\/p>\n<h2>Nuestros principios<\/h2>\n<p>[\/et_pb_text][et_pb_divider color=\u00bb#ded85e\u00bb divider_weight=\u00bb5px\u00bb _builder_version=\u00bb4.1&#8243; module_alignment=\u00bbleft\u00bb custom_margin=\u00bb||0px||false|false\u00bb][\/et_pb_divider][\/et_pb_column][\/et_pb_row][et_pb_row column_structure=\u00bb1_3,1_3,1_3&#8243; _builder_version=\u00bb4.1&#8243;][et_pb_column type=\u00bb1_3&#8243; _builder_version=\u00bb4.1&#8243;][et_pb_blurb title=\u00bbOrganicidad\u00bb image=\u00bbhttps:\/\/sensorimotor.wpengine.com\/wp-content\/uploads\/2020\/01\/organicity.jpg\u00bb _builder_version=\u00bb4.1&#8243;]La organicidad se refiere a la sabidur\u00eda interna de todos los sistemas vivos. Por lo tanto, el terapeuta no \u00abcura\u00bb al cliente; m\u00e1s bien, el poder curativo y la inteligencia est\u00e1n dentro y cada persona tiene su propio camino de crecimiento \u00fanico, misterioso y emergente.[\/et_pb_blurb][\/et_pb_column][et_pb_column type=\u00bb1_3&#8243; _builder_version=\u00bb4.1&#8243;][et_pb_blurb title=\u00bbUnidad\u00bb image=\u00bbhttps:\/\/sensorimotor.wpengine.com\/wp-content\/uploads\/2020\/01\/unity.jpg\u00bb _builder_version=\u00bb4.1&#8243;]Existimos dentro de un complejo sistema org\u00e1nico de partes interdependientes. La unidad reconoce que todos estamos conectados, y que tenemos diferencias individuales y grupales. Aunque la unidad est\u00e1 siempre presente, se reconoce y experimenta m\u00e1s plenamente a trav\u00e9s de la comunicaci\u00f3n.[\/et_pb_blurb][\/et_pb_column][et_pb_column type=\u00bb1_3&#8243; _builder_version=\u00bb4.1&#8243;][et_pb_blurb title=\u00bbHolismo mental\/corporal\/espiritual\u00bb image=\u00bbhttps:\/\/sensorimotor.wpengine.com\/wp-content\/uploads\/2020\/01\/mind-body-spirit-holism.jpg\u00bb _builder_version=\u00bb4.1&#8243;]La mente, el cuerpo y el esp\u00edritu est\u00e1n \u00edntimamente relacionados, y son aspectos esenciales de cada uno de nosotros. Tenemos en consideraci\u00f3n a toda la persona, y consideramos el cuerpo y el esp\u00edritu de la mente en contexto y relaci\u00f3n, en lugar de trabajar con estos elementos de manera aislada.[\/et_pb_blurb][\/et_pb_column][\/et_pb_row][et_pb_row column_structure=\u00bb1_3,1_3,1_3&#8243; _builder_version=\u00bb4.1&#8243;][et_pb_column type=\u00bb1_3&#8243; _builder_version=\u00bb4.1&#8243;][et_pb_blurb title=\u00bbNo violencia\u00bb image=\u00bbhttps:\/\/sensorimotor.wpengine.com\/wp-content\/uploads\/2020\/01\/non-violence.jpg\u00bb _builder_version=\u00bb4.1&#8243;]Nuestro trabajo no es contundente. Creemos que las personas no necesitan ser \u00abarregladas\u00bb o cambiadas. Evitamos criticar, juzgar o patologizar, y fomentamos la curiosidad, y seguimos la organicidad natural para promover el cambio.[\/et_pb_blurb][\/et_pb_column][et_pb_column type=\u00bb1_3&#8243; _builder_version=\u00bb4.1&#8243;][et_pb_blurb title=\u00bbAtenci\u00f3n plena\/presencia\u00bb image=\u00bbhttps:\/\/sensorimotor.wpengine.com\/wp-content\/uploads\/2020\/01\/mindfulness.jpg\u00bb _builder_version=\u00bb4.1&#8243;]Fomentamos la conciencia de la experiencia interna del momento presente -tanto la nuestra como la de nuestros clientes- as\u00ed como el impacto que tenemos en los dem\u00e1s, y el de otros en nosotros. Nos esforzamos por estar en resonancia con nuestros clientes, cultivando un estado de presencia que sea propicio para la intuici\u00f3n y la inspiraci\u00f3n.[\/et_pb_blurb][\/et_pb_column][et_pb_column type=\u00bb1_3&#8243; _builder_version=\u00bb4.1&#8243;][et_pb_blurb title=\u00bbAlquimia relacional\u00bb image=\u00bbhttps:\/\/sensorimotor.wpengine.com\/wp-content\/uploads\/2020\/01\/relational-alchemy.jpg\u00bb _builder_version=\u00bb4.1&#8243;]Reconocemos que cada relaci\u00f3n tiene una naturaleza \u00fanica que engendra algo m\u00e1s grande que sus partes. Honramos la conexi\u00f3n profunda y aut\u00e9ntica, as\u00ed como los desaf\u00edos interpersonales que son v\u00edas de crecimiento personal, aceptando la imperfecci\u00f3n de la condici\u00f3n humana.[\/et_pb_blurb][\/et_pb_column][\/et_pb_row][\/et_pb_section][et_pb_section fb_built=\u00bb1&#8243; module_id=\u00bbpat-ogden\u00bb _builder_version=\u00bb4.1&#8243; background_color=\u00bb#007572&#8243; custom_padding=\u00bb100px||100px||false|false\u00bb][et_pb_row _builder_version=\u00bb4.1&#8243;][et_pb_column type=\u00bb4_4&#8243; _builder_version=\u00bb4.1&#8243;][et_pb_text _builder_version=\u00bb4.1&#8243; background_layout=\u00bbdark\u00bb]<\/p>\n<h2 style=\"text-align: center;\">Dra. Pat Ogden, Fundadora de Sensorimotor Psychotherapy<\/h2>\n<p>[\/et_pb_text][\/et_pb_column][\/et_pb_row][et_pb_row column_structure=\u00bb2_5,3_5&#8243; make_equal=\u00bbon\u00bb module_class=\u00bbvertical-align\u00bb _builder_version=\u00bb4.1&#8243;][et_pb_column type=\u00bb2_5&#8243; _builder_version=\u00bb4.1&#8243;][et_pb_image src=\u00bbhttps:\/\/sensorimotorpsychotherapy.org\/wp-content\/uploads\/2021\/01\/Pat-Ogden_2021-400x400px.jpg\u00bb title_text=\u00bbPat-Ogden_2021-400x400px\u00bb _builder_version=\u00bb4.7.7&#8243; animation_style=\u00bbfold\u00bb animation_delay=\u00bb300ms\u00bb border_color_all=\u00bb#ffffff\u00bb][\/et_pb_image][\/et_pb_column][et_pb_column type=\u00bb3_5&#8243; _builder_version=\u00bb4.1&#8243;][et_pb_text _builder_version=\u00bb4.1&#8243; background_layout=\u00bbdark\u00bb animation_style=\u00bbfade\u00bb animation_delay=\u00bb400ms\u00bb]A principios de la d\u00e9cada de 1970, mientras trabajaba como t\u00e9cnica y profesora de yoga\/danza en un hospital psiqui\u00e1trico de corto plazo, Pat Ogden se interes\u00f3 en la correlaci\u00f3n entre la desconexi\u00f3n de sus clientes de sus cuerpos, sus patrones f\u00edsicos y sus problemas psicol\u00f3gicos. Antes de que el Diagn\u00f3stico del Trastorno de Estr\u00e9s Postraum\u00e1tico se incluyera en el Manual Diagn\u00f3stico y Estad\u00edstico de los Trastornos Mentales (Diagnostic and Statistical Manual of Mental Disorders, DSM), la Dra. Ogden reconoci\u00f3 de primera mano la forma en que muchos de sus pacientes estaban a merced de revivir el pasado, y que los m\u00e9todos de tratamiento actuales solo parec\u00edan desencadenar recordatorios traum\u00e1ticos. Reconociendo el v\u00ednculo entre el cuerpo y los problemas psicol\u00f3gicos, comenz\u00f3 a formar los cimientos de Sensorimotor Psychotherapy\u00ae al unir la terapia som\u00e1tica y la psicoterapia en un m\u00e9todo integral para curar esta desconexi\u00f3n entre el cuerpo y la mente. En 1981, despu\u00e9s de cofundar el Hakomi Institute, inaugurado por Ron Kurtz, la Dra. Ogden fund\u00f3 su propia escuela, una rama del Hakomi Institute, cuyo nombre actual es el Sensorimotor Psychotherapy Institute (SPI).<br \/>\n[\/et_pb_text][\/et_pb_column][\/et_pb_row][\/et_pb_section][et_pb_section fb_built=\u00bb1&#8243; module_id=\u00bbwhat-is-sp\u00bb _builder_version=\u00bb4.1&#8243; custom_padding=\u00bb0px||0px|||\u00bb animation_style=\u00bbfade\u00bb animation_delay=\u00bb500ms\u00bb][et_pb_row column_structure=\u00bb1_5,3_5,1_5&#8243; make_equal=\u00bbon\u00bb _builder_version=\u00bb4.1&#8243; width=\u00bb100%\u00bb max_width=\u00bb2560px\u00bb module_alignment=\u00bbleft\u00bb custom_padding=\u00bb0px||0px||false|false\u00bb][et_pb_column type=\u00bb1_5&#8243; _builder_version=\u00bb4.1&#8243; background_color=\u00bb#ded85e\u00bb][\/et_pb_column][et_pb_column type=\u00bb3_5&#8243; _builder_version=\u00bb4.1&#8243; custom_padding=\u00bb80px|40px|80px|40px|false|false\u00bb][et_pb_text _builder_version=\u00bb4.1&#8243; min_height=\u00bb46px\u00bb]<\/p>\n<h2>\u00bfQu\u00e9 es la psicoterapia sensoriomotriz?<\/h2>\n<p>[\/et_pb_text][et_pb_text _builder_version=\u00bb4.4.6&#8243;]<\/p>\n<p>La psicoterapia sensoriomotriz (PS) es una modalidad terap\u00e9utica completa para problemas de trauma y apego. PS da la bienvenida al cuerpo como una fuente integral de informaci\u00f3n que puede guiar la dotaci\u00f3n de recursos y el acceso y procesamiento de experiencias desafiantes, traum\u00e1ticas y de desarrollo. La PS es un enfoque hol\u00edstico que incluye procesamiento e integraci\u00f3n som\u00e1tica, emocional y cognitiva.<\/p>\n<p>La PS permite a los clientes descubrir y cambiar patrones f\u00edsicos y psicol\u00f3gicos habituales que impiden un funcionamiento y bienestar \u00f3ptimos. La PS es \u00fatil para trabajar con la activaci\u00f3n desregulada y otros efectos del trauma, as\u00ed como los sistemas de creencias limitantes de los problemas de desarrollo.<\/p>\n<p>La PS ayuda a los clientes a cultivar sus fortalezas, a la vez que proporciona suficiente desaf\u00edo para estimular el crecimiento, el cambio duradero y el bienestar.<\/p>\n<p>La entrevista a continuaci\u00f3n de la Dra. Ogden en <a href=\"https:\/\/www.thetraumatherapistproject.com\/podcasts\/\" target=\"_blank\" rel=\"noopener\">The Trauma Therapist Podcast<\/a>presenta la discusi\u00f3n de un caso compuesto, que ayuda a resaltar el uso de la psicoterapia sensoriomotriz en la pr\u00e1ctica.<\/p>\n<p>[\/et_pb_text][et_pb_audio audio=\u00bbhttps:\/\/sensorimotorpsychotherapy.org\/wp-content\/uploads\/2020\/06\/working-trauma-bottom-up_062020.mp3&#8243; title=\u00bbtrabajar con trauma de abajo hacia arriba\u00bb artist_name=\u00bbDra. Pat Ogden\u00bb album_name=\u00bbTrauma Therapist Podcast &#8211; Junio de 2020 &#8211; Episode 456&#8243; _builder_version=\u00bb4.4.6&#8243;][\/et_pb_audio][et_pb_text _builder_version=\u00bb4.4.6&#8243;]<\/p>\n<h3>Desarrollo continuo de la psicoterapia sensoriomotriz<\/h3>\n<p>La Dra. Ogden est\u00e1 actualmente desarrollando la psicoterapia sensoriomotriz para ni\u00f1os, adolescentes, familias y parejas con compa\u00f1eros.<\/p>\n<p>Se est\u00e1n llevando a cabo o est\u00e1n en proceso de publicaci\u00f3n en las siguientes instituciones varios estudios de investigaci\u00f3n para recopilar datos sobre la eficacia de la PS:<\/p>\n<ul>\n<li>Maudsley Hospital (Londres, Reino Unido)<\/li>\n<li>Womens\u2019 College Hospital (Toronto, Ontario)<\/li>\n<li>Cl\u00ednica ambulatoria Modum Bad (Oslo, Noruega)<\/li>\n<\/ul>\n<p>[\/et_pb_text][et_pb_divider _builder_version=\u00bb4.1&#8243;][\/et_pb_divider][et_pb_text _builder_version=\u00bb4.1&#8243;]<\/p>\n<h3>Preguntas frecuentes<\/h3>\n<p>[\/et_pb_text][et_pb_accordion _builder_version=\u00bb4.4.6&#8243;][et_pb_accordion_item title=\u00bb\u00bfCon qu\u00e9 puede ayudar la psicoterapia sensoriomotriz?\u00bb open=\u00bbon\u00bb _builder_version=\u00bb4.1&#8243;]La PS puede cerrar la brecha cuando la terapia tradicional de \u00abconversaci\u00f3n\u00bb no ha ayudado. La PS puede ayudar con problemas relacionados con el trauma y el apego, tales como:<\/p>\n<ul>\n<li>Ansiedad<\/li>\n<li>Tener dificultad para concentrarse debido al miedo, pensamientos molestos o sensaciones f\u00edsicas (corporales) no deseadas<\/li>\n<li>Reacciones emocionales intensas y perturbadoras que parecen fuera de lugar con la situaci\u00f3n actual<\/li>\n<li>Estr\u00e9s postraum\u00e1tico: abuso, ataque, accidentes, flashbacks, pesadillas. Sentirse bloqueado o atascado en circunstancias familiares sin entender por qu\u00e9<\/li>\n<li>Dificultad para disfrutar de la vida, sentirse esperanzado y experimentar placer<\/li>\n<li>Heridas relacionadas con las relaciones: negligencia, una crianza dura durante la infancia, divorcio, separaciones entre padres e hijos<\/li>\n<li>Pensamientos negativos persistentes y regulares sobre la capacidad de alguien para prosperar, tener \u00e9xito y merecer<\/li>\n<li>Dificultad para mantener un trabajo, una familia, amistades y otras relaciones<\/li>\n<li>Sentirse separado de s\u00ed mismo y del mundo<\/li>\n<\/ul>\n<p>[\/et_pb_accordion_item][et_pb_accordion_item title=\u00bb\u00bfC\u00f3mo funciona la psicoterapia sensoriomotriz?\u00bb _builder_version=\u00bb4.1&#8243; open=\u00bboff\u00bb]La PS es un enfoque de tratamiento integral desarrollado por Pat Ogden, PhD. Algunos terapeutas usan la PS adem\u00e1s de otras estrategias de tratamiento para incluir el cuerpo como una pieza valiosa de la propia experiencia. La PS est\u00e1 informada por la investigaci\u00f3n en fisiolog\u00eda, neurociencia, psicolog\u00eda y sociolog\u00eda. Varios principios Hakomi tambi\u00e9n gu\u00edan este enfoque, ya que la Dra. Ogden fund\u00f3 una sucursal del Hakomi Institute, Hakomi Integrative Somatics, cuyo nombre actual es Sensorimotor Psychotherapy Institute.<\/p>\n<p>La PS utiliza un enfoque de tratamiento en tres fases para guiar al cliente suavemente a trav\u00e9s del proceso terap\u00e9utico: seguridad y estabilizaci\u00f3n, procesamiento e integraci\u00f3n. La colaboraci\u00f3n entre el terapeuta y el cliente es esencial para el enfoque de PS. El terapeuta debe prestar mucha atenci\u00f3n al cliente para asegurarse de que no se sienta abrumado por el proceso y al mismo tiempo involucrar sus propias habilidades y capacidades para la curaci\u00f3n.<\/p>\n<p>Se cree que la PS fortalece las capacidades instintivas para la supervivencia y ayuda a los clientes a restablecer o desarrollar recursos que no estaban disponibles o estaban ausentes en el momento en que ocurri\u00f3 el trauma o la herida. Una vez que se desarrollan y ponen en marcha los recursos, el evento traum\u00e1tico se puede procesar con la ayuda de recursos.<\/p>\n<p>La PS es un enfoque bien desarrollado con d\u00e9cadas de \u00e9xito en el tratamiento de traumas y heridas del desarrollo. Con resultados terap\u00e9uticos positivos s\u00f3lidamente establecidos, Sensorimotor Psychotherapy Institute aspira a embarcarse en un programa de investigaci\u00f3n para estudiar m\u00e1s de cerca c\u00f3mo funciona la PS y establecer una base de evidencia s\u00f3lida.<br \/>\n[\/et_pb_accordion_item][et_pb_accordion_item title=\u00bb\u00bfQu\u00e9 dicen los clientes sobre la psicoterapia sensoriomotriz?\u00bb _builder_version=\u00bb4.1&#8243; open=\u00bboff\u00bb]\u201cUtilizo la PS como un enfoque independiente, as\u00ed como para incorporarlo a mi repertorio existente de modalidades terap\u00e9uticas. Ha transformado a mis clientes. No s\u00f3lo han progresado, sino que han mantenido sus logros. Por lo general, experimentan un sentido de asombro, ya que se dan cuenta de que ya poseen las herramientas para curarse. Un cliente con un trauma complejo resumi\u00f3 los beneficios del enfoque PS: \u201c\u00a1Hay m\u00e1s correspondencia entre mi cuerpo y mi cerebro!\u201d\u201d<\/p>\n<p>-R.L. Alumno Nivel I<br \/>\n[\/et_pb_accordion_item][et_pb_accordion_item title=\u00bb\u00bfQu\u00e9 es la conexi\u00f3n de la PS con el m\u00e9todo Hakomi de Ron Kurtz?\u00bb _builder_version=\u00bb4.4.6&#8243; open=\u00bboff\u00bb]Pat Ogden, fundadora de Sensorimotor Psychotherapy, y Ron Kurtz, pionero del m\u00e9todo Hakomi y fundador del Hakomi Instituto, fueron \u00edntimos amigos y compa\u00f1eros desde principios de la d\u00e9cada de 1970 hasta su fallecimiento en 2011. Ogden fue una aprendiz con Ron a principios de los 70 y obtuvo su certificado en Hakomi antes de que se llevaran a cabo capacitaciones formales en el instituto. Como Directora Educativa en Hakomi, dise\u00f1\u00f3 el curr\u00edculo original en su totalidad. Junto con Kurtz, Ogden co-ense\u00f1\u00f3 la primera formaci\u00f3n Hakomi y ella fue la primera persona en obtener el certificado de Hakomi. La Drs. Ogden hered\u00f3 la Red de Educaci\u00f3n Hakomi de Kurtz.<\/p>\n<p>Con la bendici\u00f3n y el apoyo de Kurtz, la Dra. Ogden fund\u00f3 su propio instituto en 1981. Inicialmente llamada Hakomi Bodywork, y m\u00e1s adelante Hakomi Integrative Somatics, la Dra. Ogden persigui\u00f3 su inter\u00e9s en el trauma, el movimiento y la postura. Inspirada en su trabajo con supervivientes de abuso sexual, Ogden desarroll\u00f3 un inter\u00e9s en el trabajo del trauma que utilizaba el cuerpo como veh\u00edculo para la transformaci\u00f3n, en lugar de como medio para acceder a problemas psicol\u00f3gicos, y en 2002 Ogden renombr\u00f3 su escuela, el Sensorimotor Psychotherapy Institute.<br \/>\n[\/et_pb_accordion_item][\/et_pb_accordion][\/et_pb_column][et_pb_column type=\u00bb1_5&#8243; _builder_version=\u00bb4.1&#8243;][\/et_pb_column][\/et_pb_row][\/et_pb_section]<\/p>\n","protected":false},"excerpt":{"rendered":"<p>Qui\u00e9nes somosSensorimotor Psychotherapy Institute (SPI) es una organizaci\u00f3n educativa profesional que dise\u00f1a y proporciona las formaciones y servicios de m\u00e1s alto nivel para servir a una red global de profesionales de la salud mental *, y para el p\u00fablico en general. Buscando mejorar las relaciones humanas, nuestro paradigma se fundamenta en la neurobiolog\u00eda interpersonal y [&hellip;]<\/p>\n","protected":false},"author":2,"featured_media":0,"parent":0,"menu_order":0,"comment_status":"closed","ping_status":"open","template":"","meta":{"_acf_changed":false,"_et_pb_use_builder":"on","_et_pb_old_content":"","_et_gb_content_width":"","om_disable_all_campaigns":false,"_monsterinsights_skip_tracking":false,"_monsterinsights_sitenote_active":false,"_monsterinsights_sitenote_note":"","_monsterinsights_sitenote_category":0,"footnotes":""},"class_list":["post-1381","page","type-page","status-publish","hentry"],"acf":[],"_links":{"self":[{"href":"https:\/\/sensorimotorpsychotherapy.org\/es\/wp-json\/wp\/v2\/pages\/1381","targetHints":{"allow":["GET"]}}],"collection":[{"href":"https:\/\/sensorimotorpsychotherapy.org\/es\/wp-json\/wp\/v2\/pages"}],"about":[{"href":"https:\/\/sensorimotorpsychotherapy.org\/es\/wp-json\/wp\/v2\/types\/page"}],"author":[{"embeddable":true,"href":"https:\/\/sensorimotorpsychotherapy.org\/es\/wp-json\/wp\/v2\/users\/2"}],"replies":[{"embeddable":true,"href":"https:\/\/sensorimotorpsychotherapy.org\/es\/wp-json\/wp\/v2\/comments?post=1381"}],"version-history":[{"count":0,"href":"https:\/\/sensorimotorpsychotherapy.org\/es\/wp-json\/wp\/v2\/pages\/1381\/revisions"}],"wp:attachment":[{"href":"https:\/\/sensorimotorpsychotherapy.org\/es\/wp-json\/wp\/v2\/media?parent=1381"}],"curies":[{"name":"wp","href":"https:\/\/api.w.org\/{rel}","templated":true}]}}