{"id":1387,"date":"2020-12-08T17:28:37","date_gmt":"2020-12-09T00:28:37","guid":{"rendered":"https:\/\/sensorimotorpsychotherapy.org\/calendario\/"},"modified":"2023-11-20T09:23:35","modified_gmt":"2023-11-20T16:23:35","slug":"calendario","status":"publish","type":"page","link":"https:\/\/sensorimotorpsychotherapy.org\/es\/calendario\/","title":{"rendered":"Calendario"},"content":{"rendered":"<p>[et_pb_section fb_built=\u00bb1&#8243; _builder_version=\u00bb4.16&#8243; custom_padding=\u00bb0px||||false|false\u00bb global_colors_info=\u00bb{}\u00bb][et_pb_row _builder_version=\u00bb4.16&#8243; custom_padding=\u00bb12px||0px|||\u00bb global_colors_info=\u00bb{}\u00bb][et_pb_column type=\u00bb4_4&#8243; _builder_version=\u00bb4.16&#8243; global_colors_info=\u00bb{}\u00bb][et_pb_text admin_label=\u00bbText\u00bb _builder_version=\u00bb4.16&#8243; header_font_size=\u00bb36px\u00bb background_size=\u00bbinitial\u00bb background_position=\u00bbtop_left\u00bb background_repeat=\u00bbrepeat\u00bb global_colors_info=\u00bb{}\u00bb]<\/p>\n<h1 style=\"text-align: left;\">Calendario de cursos, programas y otros eventos de aprendizaje<\/h1>\n<p>[\/et_pb_text][\/et_pb_column][\/et_pb_row][et_pb_row _builder_version=\u00bb4.16&#8243; global_colors_info=\u00bb{}\u00bb][et_pb_column type=\u00bb4_4&#8243; _builder_version=\u00bb4.16&#8243; global_colors_info=\u00bb{}\u00bb][et_pb_button button_url=\u00bbhttps:\/\/sensorimotorpsychotherapy.org\/es\/contacta-con-nosotros\/lista-de-correo-electronico\/\u00bb button_text=\u00bbReciba las \u00faltimas noticias, recursos, eventos y ofertas de cursos en su bandeja de entrada.\u00bb _builder_version=\u00bb4.16&#8243; global_colors_info=\u00bb{}\u00bb][\/et_pb_button][\/et_pb_column][\/et_pb_row][et_pb_row column_structure=\u00bb1_3,1_3,1_3&#8243; use_custom_gutter=\u00bbon\u00bb gutter_width=\u00bb1&#8243; make_equal=\u00bbon\u00bb module_class=\u00bbflex-wrap calendar-wrap\u00bb _builder_version=\u00bb4.16&#8243; custom_margin=\u00bb0px||||false|false\u00bb border_color_all=\u00bbrgba(0,0,0,0)\u00bb border_style_all=\u00bbnone\u00bb global_colors_info=\u00bb{}\u00bb][et_pb_column type=\u00bb1_3&#8243; _builder_version=\u00bb4.16&#8243; border_width_all=\u00bb1px\u00bb border_color_all=\u00bb#3d4042&#8243; global_colors_info=\u00bb{}\u00bb][et_pb_cta title=\u00bbCursos de formaci\u00f3n activos (en curso)\u00bb button_url=\u00bbhttps:\/\/account.sensorimotorpsychotherapy.org\/pub\/ongoing-trainings\u00bb url_new_window=\u00bbon\u00bb button_text=\u00bbVER EVENTOS\u00bb module_id=\u00bbtrainings-active\u00bb module_class=\u00bbCTA-panel color-2&#8243; _builder_version=\u00bb4.16&#8243; background_color=\u00bb#3e918f\u00bb button_alignment=\u00bbcenter\u00bb custom_padding=\u00bb5px|5px|5px|5px|true|true\u00bb global_colors_info=\u00bb{}\u00bb]<\/p>\n<p>En un momento dado, SPI tiene muchas cohortes en nuestro programa de capacitaci\u00f3n profesional en marcha y en curso. La inscripci\u00f3n est\u00e1 cerrada para estas capacitaciones que ya est\u00e1n en progreso.<\/p>\n<p>[\/et_pb_cta][\/et_pb_column][et_pb_column type=\u00bb1_3&#8243; _builder_version=\u00bb4.16&#8243; border_width_all=\u00bb1px\u00bb border_color_all=\u00bb#3d4042&#8243; global_colors_info=\u00bb{}\u00bb][et_pb_cta title=\u00bbPr\u00f3ximos cursos de formaci\u00f3n\u00bb button_url=\u00bbhttps:\/\/account.sensorimotorpsychotherapy.org\/pub\/upcoming-trainings\u00bb url_new_window=\u00bbon\u00bb button_text=\u00bbVER EVENTOS\u00bb module_id=\u00bbtrainings-upcoming\u00bb module_class=\u00bbCTA-panel color-3&#8243; _builder_version=\u00bb4.16&#8243; background_color=\u00bb#1fb2ab\u00bb button_alignment=\u00bbcenter\u00bb custom_padding=\u00bb5px|5px|5px|5px|true|true\u00bb border_color_all=\u00bb#000000&#8243; border_style_all=\u00bbnone\u00bb global_colors_info=\u00bb{}\u00bb]\u00bfListo para dar el siguiente paso en su estudio de la Psicoterapia Sensoriomotora? \u00a1Vea una lista de capacitaciones planificadas que actualmente est\u00e1n abiertas para inscripci\u00f3n dentro de nuestro programa profesional![\/et_pb_cta][\/et_pb_column][et_pb_column type=\u00bb1_3&#8243; _builder_version=\u00bb4.16&#8243; border_width_all=\u00bb1px\u00bb border_color_all=\u00bb#3d4042&#8243; global_colors_info=\u00bb{}\u00bb][et_pb_cta title=\u00bbTalleres, seminarios web y conferencias\u00bb button_url=\u00bbhttps:\/\/sensorimotorpsychotherapy.org\/es\/plan-de-estudios\/programas-en-linea\/\u00bb button_text=\u00bbVER EVENTOS\u00bb module_id=\u00bbwebinars\u00bb module_class=\u00bbCTA-panel color-4&#8243; _builder_version=\u00bb4.16&#8243; background_color=\u00bb#cdc37b\u00bb button_alignment=\u00bbcenter\u00bb custom_padding=\u00bb5px|5px|5px|5px|true|true\u00bb border_style_all=\u00bbnone\u00bb global_colors_info=\u00bb{}\u00bb]<\/p>\n<p>Adem\u00e1s de nuestro programa de capacitaci\u00f3n profesional, SPI tambi\u00e9n ofrece programas m\u00e1s peque\u00f1os y seminarios web en l\u00ednea. Desde principiante hasta intermedio, estos son un excelente lugar para comenzar su viaje SP o complementarlo a medida que contin\u00faa perfeccionando y expandiendo sus habilidades.<\/p>\n<p>[\/et_pb_cta][\/et_pb_column][\/et_pb_row][\/et_pb_section]<\/p>\n","protected":false},"excerpt":{"rendered":"<p>Calendario de cursos, programas y otros eventos de aprendizajeEn un momento dado, SPI tiene muchas cohortes en nuestro programa de capacitaci\u00f3n profesional en marcha y en curso. La inscripci\u00f3n est\u00e1 cerrada para estas capacitaciones que ya est\u00e1n en progreso.\u00bfListo para dar el siguiente paso en su estudio de la Psicoterapia Sensoriomotora? \u00a1Vea una lista de [&hellip;]<\/p>\n","protected":false},"author":2,"featured_media":0,"parent":0,"menu_order":0,"comment_status":"closed","ping_status":"open","template":"","meta":{"_acf_changed":false,"_et_pb_use_builder":"on","_et_pb_old_content":"","_et_gb_content_width":"","om_disable_all_campaigns":false,"_monsterinsights_skip_tracking":false,"_monsterinsights_sitenote_active":false,"_monsterinsights_sitenote_note":"","_monsterinsights_sitenote_category":0,"footnotes":""},"class_list":["post-1387","page","type-page","status-publish","hentry"],"acf":[],"_links":{"self":[{"href":"https:\/\/sensorimotorpsychotherapy.org\/es\/wp-json\/wp\/v2\/pages\/1387","targetHints":{"allow":["GET"]}}],"collection":[{"href":"https:\/\/sensorimotorpsychotherapy.org\/es\/wp-json\/wp\/v2\/pages"}],"about":[{"href":"https:\/\/sensorimotorpsychotherapy.org\/es\/wp-json\/wp\/v2\/types\/page"}],"author":[{"embeddable":true,"href":"https:\/\/sensorimotorpsychotherapy.org\/es\/wp-json\/wp\/v2\/users\/2"}],"replies":[{"embeddable":true,"href":"https:\/\/sensorimotorpsychotherapy.org\/es\/wp-json\/wp\/v2\/comments?post=1387"}],"version-history":[{"count":0,"href":"https:\/\/sensorimotorpsychotherapy.org\/es\/wp-json\/wp\/v2\/pages\/1387\/revisions"}],"wp:attachment":[{"href":"https:\/\/sensorimotorpsychotherapy.org\/es\/wp-json\/wp\/v2\/media?parent=1387"}],"curies":[{"name":"wp","href":"https:\/\/api.w.org\/{rel}","templated":true}]}}