{"id":1388,"date":"2020-12-08T17:37:02","date_gmt":"2020-12-09T00:37:02","guid":{"rendered":"https:\/\/sensorimotorpsychotherapy.org\/comunidad\/"},"modified":"2020-12-22T07:27:48","modified_gmt":"2020-12-22T14:27:48","slug":"comunidad","status":"publish","type":"page","link":"https:\/\/sensorimotorpsychotherapy.org\/es\/comunidad\/","title":{"rendered":"Comunidad"},"content":{"rendered":"<p>[et_pb_section fb_built=\u00bb1&#8243; admin_label=\u00bbsection\u00bb _builder_version=\u00bb4.0.11&#8243;][et_pb_row column_structure=\u00bb1_2,1_2&#8243; make_equal=\u00bbon\u00bb _builder_version=\u00bb4.2&#8243;][et_pb_column type=\u00bb1_2&#8243; _builder_version=\u00bb4.1&#8243;][et_pb_text admin_label=\u00bbText\u00bb _builder_version=\u00bb4.2&#8243; background_size=\u00bbinitial\u00bb background_position=\u00bbtop_left\u00bb background_repeat=\u00bbrepeat\u00bb]<\/p>\n<h1 style=\"text-align: left;\">Comunidad<\/h1>\n<p>[\/et_pb_text][et_pb_text admin_label=\u00bbText\u00bb _builder_version=\u00bb4.2&#8243; background_size=\u00bbinitial\u00bb background_position=\u00bbtop_left\u00bb background_repeat=\u00bbrepeat\u00bb]<\/p>\n<p>Sensorimotor Psychotherapy Institute se basa en la comunidad. Desde nuestro comit\u00e9 asesor hasta nuestro profesorado y ex alumnos, esta comunidad impulsa la psicoterapia sensoriomotriz, ya que mantiene una base de apoyo y conexi\u00f3n.<\/p>\n<p>[\/et_pb_text][\/et_pb_column][et_pb_column type=\u00bb1_2&#8243; _builder_version=\u00bb4.1&#8243;][et_pb_image src=\u00bbhttps:\/\/sensorimotor.wpengine.com\/wp-content\/uploads\/2020\/01\/montage.jpg\u00bb _builder_version=\u00bb4.2&#8243;][\/et_pb_image][\/et_pb_column][\/et_pb_row][et_pb_row column_structure=\u00bb1_4,1_4,1_4,1_4&#8243; _builder_version=\u00bb4.2&#8243; custom_padding=\u00bb40px||10px||false|false\u00bb][et_pb_column type=\u00bb1_4&#8243; _builder_version=\u00bb4.1&#8243; animation_style=\u00bbfade\u00bb animation_delay=\u00bb200ms\u00bb][et_pb_text _builder_version=\u00bb4.3.1&#8243; custom_margin=\u00bb||0px||false|false\u00bb]<\/p>\n<h2>Comit\u00e9 asesor<br \/>\n<\/h2>\n<p>[\/et_pb_text][et_pb_divider color=\u00bb#ded85e\u00bb divider_weight=\u00bb5px\u00bb _builder_version=\u00bb4.3.1&#8243; module_alignment=\u00bbleft\u00bb custom_margin=\u00bb||0px||false|false\u00bb][\/et_pb_divider][et_pb_text _builder_version=\u00bb4.2&#8243; custom_margin=\u00bb||0px||false|false\u00bb]<\/p>\n<h6>El comit\u00e9 asesor de SPI est\u00e1 formado por personas que aportan conocimientos y habilidades \u00fanicos que aumentan los del profesorado y el personal para guiar m\u00e1s eficazmente al instituto. El comit\u00e9 asesor desempe\u00f1a un papel importante en las relaciones p\u00fablicas, adem\u00e1s de proporcionar al profesorado y al personal de SPI una nueva perspectiva sobre temas y cuestiones relacionados con la psicoterapia som\u00e1tica.<\/h6>\n<p>[\/et_pb_text][et_pb_text _builder_version=\u00bb4.7.7&#8243; _dynamic_attributes=\u00bblink_option_url\u00bb text_font=\u00bb|700|||||||\u00bb text_text_color=\u00bb#007572&#8243; custom_margin=\u00bb||||false|false\u00bb link_option_url=\u00bb@ET-DC@eyJkeW5hbWljIjp0cnVlLCJjb250ZW50IjoicG9zdF9saW5rX3VybF9wYWdlIiwic2V0dGluZ3MiOnsicG9zdF9pZCI6IjExOCJ9fQ==@\u00bb hover_enabled=\u00bb0&#8243; sticky_enabled=\u00bb0&#8243;]<a href=\"\/es\/comunidad\/comite-asesor\/\" data-wplink-edit=\"true\"><strong>Conozca a nuestro Comit\u00e9 asesor \u00bb<\/strong><\/a>[\/et_pb_text][\/et_pb_column][et_pb_column type=\u00bb1_4&#8243; _builder_version=\u00bb4.1&#8243; animation_style=\u00bbfade\u00bb animation_delay=\u00bb400ms\u00bb][et_pb_text _builder_version=\u00bb4.3.1&#8243; custom_margin=\u00bb||0px||false|false\u00bb]<\/p>\n<h2>Nuestro profesorado<br \/>\n<\/h2>\n<p>[\/et_pb_text][et_pb_divider color=\u00bb#1fb2ab\u00bb divider_weight=\u00bb5px\u00bb _builder_version=\u00bb4.1&#8243; module_alignment=\u00bbleft\u00bb custom_margin=\u00bb||0px||false|false\u00bb][\/et_pb_divider][et_pb_text _builder_version=\u00bb4.4.6&#8243; custom_margin=\u00bb||0px||false|false\u00bb]<\/p>\n<h6>SPI tiene m\u00e1s de 20 profesores y el n\u00famero sigue creciendo en todo el mundo. Los Formadores de SPI son variados en sus orientaciones y especialidades, que incluyen psicoterapia para adultos, ni\u00f1os y adolescentes, terapia de pareja, trastornos disociativos, terapia de grupo y muchas m\u00e1s. <\/h6>\n<p>[\/et_pb_text][et_pb_text _builder_version=\u00bb4.6.6&#8243; _dynamic_attributes=\u00bblink_option_url\u00bb text_font=\u00bb|700|||||||\u00bb text_text_color=\u00bb#007572&#8243; custom_margin=\u00bb||||false|false\u00bb link_option_url=\u00bb@ET-DC@eyJkeW5hbWljIjp0cnVlLCJjb250ZW50IjoicG9zdF9saW5rX3VybF9wYWdlIiwic2V0dGluZ3MiOnsicG9zdF9pZCI6IjEyNSJ9fQ==@\u00bb]<\/p>\n<p><a href=\"\/es\/comunidad\/profesorado\/\"><strong>Conozca a nuestro profesorado \u00bb<\/strong><\/a><\/p>\n<p>[\/et_pb_text][\/et_pb_column][et_pb_column type=\u00bb1_4&#8243; _builder_version=\u00bb4.1&#8243; animation_style=\u00bbfade\u00bb animation_delay=\u00bb400ms\u00bb][et_pb_text _builder_version=\u00bb4.3.1&#8243; custom_margin=\u00bb||0px||false|false\u00bb]<\/p>\n<h2>Orientadores de certificaci\u00f3n<br \/>\n<\/h2>\n<p>[\/et_pb_text][et_pb_divider color=\u00bb#a6d856&#8243; divider_weight=\u00bb5px\u00bb _builder_version=\u00bb4.3.1&#8243; module_alignment=\u00bbleft\u00bb custom_margin=\u00bb||0px||false|false\u00bb][\/et_pb_divider][et_pb_text _builder_version=\u00bb4.2&#8243; custom_margin=\u00bb||0px||false|false\u00bb]<\/p>\n<h6>Los Orientadores de Certificaci\u00f3n son personal capacitado de SPI que apoya a los estudiantes en la Formaci\u00f3n de Certificaci\u00f3n en PS con adquisici\u00f3n de habilidades. Los Orientadores de Certificaci\u00f3n participan en un programa de formaci\u00f3n supervisados por el profesorado de SPI. Los estudiantes de la Formaci\u00f3n de Certificaci\u00f3n de PS pueden ponerse en contacto con los Orientadores de Certificaci\u00f3n para obtener ayuda adicional a un coste negociado directamente con el propio Orientador.<\/h6>\n<p>[\/et_pb_text][et_pb_text _builder_version=\u00bb4.6.6&#8243; _dynamic_attributes=\u00bblink_option_url\u00bb text_font=\u00bb|700|||||||\u00bb text_text_color=\u00bb#007572&#8243; custom_margin=\u00bb||||false|false\u00bb link_option_url=\u00bb@ET-DC@eyJkeW5hbWljIjp0cnVlLCJjb250ZW50IjoicG9zdF9saW5rX3VybF9wYWdlIiwic2V0dGluZ3MiOnsicG9zdF9pZCI6IjEyNiJ9fQ==@\u00bb]<\/p>\n<p><a href=\"\/es\/comunidad\/orientadores-de-certificacion\/\"><strong>Conozca a nuestros Orientadores de Certificaci\u00f3n \u00bb<\/strong><\/a><\/p>\n<p>[\/et_pb_text][\/et_pb_column][et_pb_column type=\u00bb1_4&#8243; _builder_version=\u00bb4.1&#8243; animation_style=\u00bbfade\u00bb animation_delay=\u00bb400ms\u00bb][et_pb_text _builder_version=\u00bb4.3.1&#8243; custom_margin=\u00bb||0px||false|false\u00bb]<\/p>\n<h2>Consultores PS<br \/>\n<\/h2>\n<p>[\/et_pb_text][et_pb_divider color=\u00bb#93a444&#8243; divider_weight=\u00bb5px\u00bb _builder_version=\u00bb4.1&#8243; module_alignment=\u00bbleft\u00bb custom_margin=\u00bb||0px||false|false\u00bb][\/et_pb_divider][et_pb_text _builder_version=\u00bb4.3.1&#8243; custom_margin=\u00bb||0px||false|false\u00bb]<\/p>\n<h6>Los consultores aprobados por SPI proporcionan consulta a los ex-alumnos de SPI sobre la integraci\u00f3n de intervenciones y conceptos de PS en la pr\u00e1ctica cl\u00ednica. Est\u00e1n Certificados en PS, han completado un programa de consulta de 20 horas y han cumplido con criterios espec\u00edficos. Los Consultores aprobados por SPI completan el desarrollo profesional para mantener su estado.<\/h6>\n<p>[\/et_pb_text][et_pb_text _builder_version=\u00bb4.6.6&#8243; _dynamic_attributes=\u00bblink_option_url\u00bb text_font=\u00bb|700|||||||\u00bb text_text_color=\u00bb#007572&#8243; custom_margin=\u00bb||||false|false\u00bb link_option_url=\u00bb@ET-DC@eyJkeW5hbWljIjp0cnVlLCJjb250ZW50IjoicG9zdF9saW5rX3VybF9wYWdlIiwic2V0dGluZ3MiOnsicG9zdF9pZCI6IjEyNSJ9fQ==@\u00bb]<\/p>\n<p><a href=\"\/es\/comunidad\/consultores-ps\/\"><strong>Conozca a nuestros consultores de PS \u00bb<\/strong><\/a><\/p>\n<p>[\/et_pb_text][\/et_pb_column][\/et_pb_row][\/et_pb_section][et_pb_section fb_built=\u00bb1&#8243; module_id=\u00bbprofessional-association\u00bb _builder_version=\u00bb4.4.5&#8243; background_color=\u00bb#1fb2ab\u00bb use_background_color_gradient=\u00bbon\u00bb background_color_gradient_start=\u00bb#93a444&#8243; background_color_gradient_end=\u00bb#007572&#8243; background_color_gradient_direction=\u00bb135deg\u00bb][et_pb_row column_structure=\u00bb1_2,1_2&#8243; _builder_version=\u00bb4.2&#8243;][et_pb_column type=\u00bb1_2&#8243; _builder_version=\u00bb4.2&#8243;][et_pb_image src=\u00bbhttps:\/\/sensorimotor.wpengine.com\/wp-content\/uploads\/2020\/02\/Sensorimotor-Class-Sept-2019-33.jpg\u00bb _builder_version=\u00bb4.3.1&#8243;][\/et_pb_image][\/et_pb_column][et_pb_column type=\u00bb1_2&#8243; _builder_version=\u00bb4.2&#8243;][et_pb_text _builder_version=\u00bb4.4.6&#8243; background_layout=\u00bbdark\u00bb]<\/p>\n<h2>Asociaci\u00f3n profesional<\/h2>\n<p>La Asociaci\u00f3n Profesional del Sensorimotor Psychotherapy Institute (SPIPA) est\u00e1 abierta a todos los ex-alumnos de SPI que hayan completado la formaci\u00f3n de Nivel I o superior. SPIPA se compone de Divisiones Regionales. El prop\u00f3sito de cada divisi\u00f3n es crear una comunidad regional de graduados de SPI\u00ae dedicada a su aprendizaje continuo y a la visi\u00f3n, misi\u00f3n y crecimiento de SPI\u00ae.<\/p>\n<p>Si desea obtener m\u00e1s informaci\u00f3n sobre c\u00f3mo unirse a una divisi\u00f3n de SPIPA, p\u00f3ngase en contacto con <a style=\"color: #fff;\" href=\"mailto:studentservices@sensorimotor.org\">studentservices@sensorimotor.org<\/a><\/p>\n<p>[\/et_pb_text][\/et_pb_column][\/et_pb_row][\/et_pb_section]<\/p>\n","protected":false},"excerpt":{"rendered":"<p>ComunidadSensorimotor Psychotherapy Institute se basa en la comunidad. Desde nuestro comit\u00e9 asesor hasta nuestro profesorado y ex alumnos, esta comunidad impulsa la psicoterapia sensoriomotriz, ya que mantiene una base de apoyo y conexi\u00f3n.Comit\u00e9 asesor El comit\u00e9 asesor de SPI est\u00e1 formado por personas que aportan conocimientos y habilidades \u00fanicos que aumentan los del profesorado y [&hellip;]<\/p>\n","protected":false},"author":2,"featured_media":0,"parent":0,"menu_order":0,"comment_status":"closed","ping_status":"open","template":"","meta":{"_acf_changed":false,"_et_pb_use_builder":"on","_et_pb_old_content":"","_et_gb_content_width":"","om_disable_all_campaigns":false,"_monsterinsights_skip_tracking":false,"_monsterinsights_sitenote_active":false,"_monsterinsights_sitenote_note":"","_monsterinsights_sitenote_category":0,"footnotes":""},"class_list":["post-1388","page","type-page","status-publish","hentry"],"acf":[],"_links":{"self":[{"href":"https:\/\/sensorimotorpsychotherapy.org\/es\/wp-json\/wp\/v2\/pages\/1388","targetHints":{"allow":["GET"]}}],"collection":[{"href":"https:\/\/sensorimotorpsychotherapy.org\/es\/wp-json\/wp\/v2\/pages"}],"about":[{"href":"https:\/\/sensorimotorpsychotherapy.org\/es\/wp-json\/wp\/v2\/types\/page"}],"author":[{"embeddable":true,"href":"https:\/\/sensorimotorpsychotherapy.org\/es\/wp-json\/wp\/v2\/users\/2"}],"replies":[{"embeddable":true,"href":"https:\/\/sensorimotorpsychotherapy.org\/es\/wp-json\/wp\/v2\/comments?post=1388"}],"version-history":[{"count":0,"href":"https:\/\/sensorimotorpsychotherapy.org\/es\/wp-json\/wp\/v2\/pages\/1388\/revisions"}],"wp:attachment":[{"href":"https:\/\/sensorimotorpsychotherapy.org\/es\/wp-json\/wp\/v2\/media?parent=1388"}],"curies":[{"name":"wp","href":"https:\/\/api.w.org\/{rel}","templated":true}]}}