{"id":1393,"date":"2020-12-08T17:49:43","date_gmt":"2020-12-09T00:49:43","guid":{"rendered":"https:\/\/sensorimotorpsychotherapy.org\/comunidad\/orientadores-de-certificacion\/"},"modified":"2022-06-30T10:37:38","modified_gmt":"2022-06-30T16:37:38","slug":"orientadores-de-certificacion","status":"publish","type":"page","link":"https:\/\/sensorimotorpsychotherapy.org\/es\/comunidad\/orientadores-de-certificacion\/","title":{"rendered":"Orientadores de certificaci\u00f3n"},"content":{"rendered":"<p>[et_pb_section fb_built=\u00bb1&#8243; admin_label=\u00bbsection\u00bb _builder_version=\u00bb4.0.11&#8243; custom_padding=\u00bb||40px|||\u00bb][et_pb_row admin_label=\u00bbrow\u00bb _builder_version=\u00bb4.0.11&#8243; background_size=\u00bbinitial\u00bb background_position=\u00bbtop_left\u00bb background_repeat=\u00bbrepeat\u00bb][et_pb_column type=\u00bb4_4&#8243; _builder_version=\u00bb3.25&#8243; custom_padding=\u00bb|||\u00bb custom_padding__hover=\u00bb|||\u00bb][et_pb_text admin_label=\u00bbText\u00bb _builder_version=\u00bb4.2&#8243; background_size=\u00bbinitial\u00bb background_position=\u00bbtop_left\u00bb background_repeat=\u00bbrepeat\u00bb]<\/p>\n<h1 style=\"text-align: left;\">Orientadores de certificaci\u00f3n<\/h1>\n<p>Los Orientadores de Certificaci\u00f3n son personal capacitado de SPI que apoya a los estudiantes en la Formaci\u00f3n de Certificaci\u00f3n en PS con adquisici\u00f3n de habilidades. Los Orientadores de Certificaci\u00f3n participan en un programa de formaci\u00f3n supervisados por el profesorado de SPI. Los estudiantes de la Formaci\u00f3n de Certificaci\u00f3n de PS pueden ponerse en contacto con los Orientadores de Certificaci\u00f3n para obtener ayuda adicional a un coste negociado directamente con el propio Orientador.<\/p>\n<p>[\/et_pb_text][\/et_pb_column][\/et_pb_row][\/et_pb_section][et_pb_section fb_built=\u00bb1&#8243; _builder_version=\u00bb4.1&#8243; custom_margin=\u00bb||0px||false|false\u00bb custom_padding=\u00bb0px||0px||false|false\u00bb][et_pb_row _builder_version=\u00bb4.1&#8243; width=\u00bb100%\u00bb max_width=\u00bb2560px\u00bb module_alignment=\u00bbcenter\u00bb custom_margin=\u00bb||0px||false|false\u00bb custom_padding=\u00bb0px||0px||false|false\u00bb][et_pb_column type=\u00bb4_4&#8243; _builder_version=\u00bb4.0.11&#8243;][et_pb_dp_dmb_module_193 bio_section_title=\u00bbCertification Coach Bios\u00bb _builder_version=\u00bb4.9.4&#8243;][et_pb_dp_dmb_module_193_item first_name=\u00bbGrayce\u00bb last_name=\u00bbGusmano\u00bb professional_title=\u00bbLMFT, LPC\u00bb photo=\u00bbhttps:\/\/sensorimotor.wpengine.com\/wp-content\/uploads\/2020\/01\/GusmanG_HS_Color_20190117.jpg\u00bb bio_text=\u00bbGrayce Gusmano, LMFT is a Marriage and Family Therapist and Licensed Professional Counselor. She is a Certified Sensorimotor Practitioner and Consultant in Training. She is a certified EMDR Therapist and is an EMDRIA-approved consultant in EMDR. Grayce is also a Certified Practioner in Psychodrama. She has advanced trauining in Emotionally Focused Couple\u2019s Work and AEDP. She is a trauma informed therapist and works from an attachment frame. She specializes in complex trauma, couples work and eating disorders. She has presented at several National conferences on attachment and experiential work. She maintains a private practice in Scottsdale, Arizona.  480-405-2711  \u00bb admin_title=\u00bbGrayce Gusmano\u00bb _builder_version=\u00bb4.4.6&#8243;][\/et_pb_dp_dmb_module_193_item][et_pb_dp_dmb_module_193_item first_name=\u00bbLori\u00bb last_name=\u00bbHickman  \u00bb professional_title=\u00bbLPC\u00bb photo=\u00bbhttps:\/\/sensorimotor.wpengine.com\/wp-content\/uploads\/2020\/01\/HickmanL_Head-Shot-Color-20190509.jpg\u00bb bio_text=\u00bbLori Hickman is a Licensed Professional Counselor from Anchorage, Alaska. She is also a State of Alaska LPC board approved supervisor. She graduated with a Bachelor&#8217;s Degree in Criminology at the University of Minnesota-Duluth in 1998 and obtained a Master&#8217;s of Science in Counseling Psychology in 2003. She is a trained EMDR therapist. Lori started her journey with Sensorimotor Psychotherapy in November 2013. She obtained certification on March 2018 in Los Angeles, CA. Lori works primarily in her private practice with adolescents and adults. She provides individual, family, and couples therapy. She has co-facilitated a Sensorimotor and Yoga group as well. Much of her practice is working with individuals who have experienced trauma and\/or attachment trauma and suffer from depression and anxiety. She finds that she often turn to Sensorimotor Psychotherapy and EMDR therapy in her practice and has found that these modalities are very effective in helping individuals with their healing. In her free time, Lori enjoys spending time doing a lot of activities with family, including racquetball, handball, soccer, baseball, and snowboarding. She also enjoys time with her dog Mabel. Lori loves being outdoors, traveling, reading, and playing games with friends.  innerwisdomreflections@gmail.com  \u00bb admin_title=\u00bbLori Hickman\u00bb _builder_version=\u00bb4.4.6&#8243;][\/et_pb_dp_dmb_module_193_item][et_pb_dp_dmb_module_193_item first_name=\u00bbBarbara\u00bb last_name=\u00bbPhillips\u00bb professional_title=\u00bbPhD, LICSW\u00bb photo=\u00bbhttps:\/\/sensorimotor.wpengine.com\/wp-content\/uploads\/2020\/05\/B.-Phillips-Headshot-full-2019.jpg\u00bb bio_text=\u00bbBarbara Phillips, PhD, LICSW is a psychotherapist, consultant, and advocate for the integration of body, emotion, and the mind. A Certified Sensorimotor Psychotherapist (2008); SPI- approved Consultant; and L-3 Certification Coach (NYC, Boston, Kansas City, UK to date), Barbara is also the Boston Organizer\/SPI trainings liaison whose outreach includes a yearly SPI informational presence at Bessel van der Kolk\u2019s International Psychological Trauma Conference and presentations on the following topics: A Sensorimotor Psychotherapy Approach to the Treatment of Trauma: Embodying the Foundational Principles (Harvard Divinity School); Three Storytellers in Search of a Author (Harvard Grand Rounds); An Insider\/Outsider Account of Reaching Out to Shame; Deconstructing Shame: A Multi-Perspective Approach (NASW Biennial Symposia), and Sensorimotor Psychotherapy: A Body\/Mind Talk Therapy for the Treatment of Trauma (Guest speaker: BC Colloquium Series; Cambridge Hospital). Dr. Phillips has also taught Adult Psychological Trauma (Boston College SSW Gradate Program) and served as Dissertation Chair (Psy.D. Program, JFK University College of Graduate and Professional Studies). Barbara is a past president of NESTTD and Board member for 10 years. She has a private practice in Arlington, MA. where she also consults to individuals and groups on the use of somatic interventions in trauma treatment.  phillipsba@aol.com  \u00bb admin_title=\u00bbBarbara Phillips\u00bb _builder_version=\u00bb4.4.6&#8243;][\/et_pb_dp_dmb_module_193_item][et_pb_dp_dmb_module_193_item first_name=\u00bbSusan\u00bb last_name=\u00bbSpiegel\u00bb professional_title=\u00bbPhD, LCSW\u00bb photo=\u00bbhttps:\/\/sensorimotor.wpengine.com\/wp-content\/uploads\/2020\/01\/Susan-Spiegel.jpg\u00bb bio_text=\u00bbSusan Spiegel, PhD, LCSW, is a Certified Sensorimotor Psychotherapist. She has 35 years\u2019 experience in teaching, psychotherapy, supervision and consultation with children, adolescents, adults, couples. Currently she is on the doctoral faculty of The Sanville Institute for Clinical Social Work and Psychotherapy; teaches trauma and relational therapy to post-doctoral fellowship students at Reiss Davis; and maintains a private practice in Beverly Hills where she integrates both Sensorimotor and Psychodynamic psychotherapy with adolescents, adults and couples.  310-478-1386  \u00bb admin_title=\u00bbSusan Spiegel\u00bb _builder_version=\u00bb4.4.6&#8243;][\/et_pb_dp_dmb_module_193_item][et_pb_dp_dmb_module_193_item first_name=\u00bbRuth\u00bb last_name=\u00bbSteenvoorden\u00bb professional_title=\u00bbR.G.N.\u00bb photo=\u00bbhttps:\/\/sensorimotorpsychotherapy.org\/wp-content\/uploads\/2020\/05\/ruth-800&#215;800-1.png\u00bb bio_text=\u00bbRuth Steenvoorden began her career in the medical field when she qualified with a Distinction of Excellence as a Certified Registered Trauma Nurse and a community Midwife (USA). During this period of work, interest in the relationship between Psyche and Soma deepened, leading her to return to Ireland where she undertook six years of extensive training in Humanistic and Integrative Psychotherapy. She also earned a Higher Diploma in Gestalt Psychotherapy and a Certificate in sudden bereavement for children. Certifying in Sensorimotor Psychotherapy in 2016 in Ireland, she now has over 23 years of experience in the therapeutic field and has assisted on all Levels of the Sensorimotor trainings. She currently divides her time between her own private clinical practice, assisting on Sensorimotor trainings and is a Certification Coach in training. Ruth\u2019s aim and sincere intention as a Certification Coach in training is to offer students attuned clarity, sensitivity and heartfelt encouragement during their sensorimotor training.  ruthsteenvoorden@gmail.com  \u00bb admin_title=\u00bbRuth Steenvoorden\u00bb _builder_version=\u00bb4.4.6&#8243;][\/et_pb_dp_dmb_module_193_item][et_pb_dp_dmb_module_193_item first_name=\u00bbMargaret\u00bb last_name=\u00bbG. Woodtke\u00bb professional_title=\u00bbLCSW\u00bb photo=\u00bbhttps:\/\/sensorimotorpsychotherapy.org\/wp-content\/uploads\/2021\/05\/Margaret-Woodtke_website800x800.png\u00bb bio_text=\u00bbMargaret G. Woodtke, LCSW, is a Clinical Social Worker who has worked in community and school settings with extensive experience in the fields of eating disorders and grief, using mindfulness and compassion as her overriding principles. A Certified Sensorimotor Psychotherapist as well as a Certification Coach and SP consultant, she has supported students toward certification both in the US and abroad. Margaret also has a Certification in Complex Trauma and brings specialized training in the Structural Dissociation Model. She is also trained in EMDR. The integration of all these models as well as a grounded psychodynamic approach inform Margaret\u2019s work. She holds an MSW from the University of Connecticut. Margaret is in private practice in Connecticut, bringing more the 30 years of experience to her work with individuals, family and group therapy, as well as supervision.  \u201cI have been blessed and inspired by my many mentors on this path and it is such a privilege to join others on their journey!\u201d   marg-gold-wood@att.net  \u00bb admin_title=\u00bbMargaret G. Woodtke\u00bb _builder_version=\u00bb4.9.4&#8243;][\/et_pb_dp_dmb_module_193_item][\/et_pb_dp_dmb_module_193][\/et_pb_column][\/et_pb_row][\/et_pb_section]<\/p>\n","protected":false},"excerpt":{"rendered":"<p>Orientadores de certificaci\u00f3n Los Orientadores de Certificaci\u00f3n son personal capacitado de SPI que apoya a los estudiantes en la Formaci\u00f3n de Certificaci\u00f3n en PS con adquisici\u00f3n de habilidades. Los Orientadores de Certificaci\u00f3n participan en un programa de formaci\u00f3n supervisados por el profesorado de SPI. Los estudiantes de la Formaci\u00f3n de Certificaci\u00f3n de PS pueden ponerse [&hellip;]<\/p>\n","protected":false},"author":2,"featured_media":0,"parent":1388,"menu_order":0,"comment_status":"closed","ping_status":"open","template":"","meta":{"_acf_changed":false,"_et_pb_use_builder":"on","_et_pb_old_content":"","_et_gb_content_width":"","om_disable_all_campaigns":false,"_monsterinsights_skip_tracking":false,"_monsterinsights_sitenote_active":false,"_monsterinsights_sitenote_note":"","_monsterinsights_sitenote_category":0,"footnotes":""},"class_list":["post-1393","page","type-page","status-publish","hentry"],"acf":[],"_links":{"self":[{"href":"https:\/\/sensorimotorpsychotherapy.org\/es\/wp-json\/wp\/v2\/pages\/1393","targetHints":{"allow":["GET"]}}],"collection":[{"href":"https:\/\/sensorimotorpsychotherapy.org\/es\/wp-json\/wp\/v2\/pages"}],"about":[{"href":"https:\/\/sensorimotorpsychotherapy.org\/es\/wp-json\/wp\/v2\/types\/page"}],"author":[{"embeddable":true,"href":"https:\/\/sensorimotorpsychotherapy.org\/es\/wp-json\/wp\/v2\/users\/2"}],"replies":[{"embeddable":true,"href":"https:\/\/sensorimotorpsychotherapy.org\/es\/wp-json\/wp\/v2\/comments?post=1393"}],"version-history":[{"count":0,"href":"https:\/\/sensorimotorpsychotherapy.org\/es\/wp-json\/wp\/v2\/pages\/1393\/revisions"}],"up":[{"embeddable":true,"href":"https:\/\/sensorimotorpsychotherapy.org\/es\/wp-json\/wp\/v2\/pages\/1388"}],"wp:attachment":[{"href":"https:\/\/sensorimotorpsychotherapy.org\/es\/wp-json\/wp\/v2\/media?parent=1393"}],"curies":[{"name":"wp","href":"https:\/\/api.w.org\/{rel}","templated":true}]}}