{"id":1394,"date":"2020-12-08T17:51:23","date_gmt":"2020-12-09T00:51:23","guid":{"rendered":"https:\/\/sensorimotorpsychotherapy.org\/comunidad\/consultores-ps\/"},"modified":"2020-12-08T18:05:26","modified_gmt":"2020-12-09T01:05:26","slug":"consultores-ps","status":"publish","type":"page","link":"https:\/\/sensorimotorpsychotherapy.org\/es\/comunidad\/consultores-ps\/","title":{"rendered":"Consultores PS"},"content":{"rendered":"<p>[et_pb_section fb_built=\u00bb1&#8243; admin_label=\u00bbsection\u00bb _builder_version=\u00bb4.0.11&#8243; custom_padding=\u00bb||0px|||\u00bb][et_pb_row admin_label=\u00bbrow\u00bb _builder_version=\u00bb4.0.11&#8243; background_size=\u00bbinitial\u00bb background_position=\u00bbtop_left\u00bb background_repeat=\u00bbrepeat\u00bb][et_pb_column type=\u00bb4_4&#8243; _builder_version=\u00bb3.25&#8243; custom_padding=\u00bb|||\u00bb custom_padding__hover=\u00bb|||\u00bb][et_pb_text admin_label=\u00bbText\u00bb _builder_version=\u00bb4.4.5&#8243; background_size=\u00bbinitial\u00bb background_position=\u00bbtop_left\u00bb background_repeat=\u00bbrepeat\u00bb]<\/p>\n<h1>Los consultores aprobados por SPI<\/h1>\n<p>[\/et_pb_text][\/et_pb_column][\/et_pb_row][et_pb_row _builder_version=\u00bb4.0.11&#8243;][et_pb_column type=\u00bb4_4&#8243; _builder_version=\u00bb4.0.11&#8243;][et_pb_text _builder_version=\u00bb4.3.1&#8243;]<\/p>\n<p>Los consultores aprobados por SPI proporcionan consulta a los ex-alumnos de SPI sobre la integraci\u00f3n de intervenciones y conceptos de PS en la pr\u00e1ctica cl\u00ednica. Est\u00e1n Certificados en PS, han completado un programa de consulta de 20 horas y han cumplido con criterios espec\u00edficos. Los Consultores aprobados por SPI completan el desarrollo profesional para mantener su estado.<\/p>\n<p>[\/et_pb_text][\/et_pb_column][\/et_pb_row][\/et_pb_section][et_pb_section fb_built=\u00bb1&#8243; _builder_version=\u00bb4.1&#8243; custom_margin=\u00bb||0px||false|false\u00bb custom_padding=\u00bb0px||0px||false|false\u00bb][et_pb_row _builder_version=\u00bb4.4.6&#8243; width=\u00bb100%\u00bb max_width=\u00bb2560px\u00bb module_alignment=\u00bbcenter\u00bb custom_margin=\u00bb||0px||false|false\u00bb custom_padding=\u00bb0px||0px||false|false\u00bb][et_pb_column type=\u00bb4_4&#8243; _builder_version=\u00bb4.0.11&#8243;][et_pb_dp_dmb_module_193 bio_section_title=\u00bbBios del Consultores PS\u00bb _builder_version=\u00bb4.6.6&#8243; hover_enabled=\u00bb0&#8243; sticky_enabled=\u00bb0&#8243;][et_pb_dp_dmb_module_193_item first_name=\u00bbKay\u00bb last_name=\u00bbButler-Lueking\u00bb professional_title=\u00bbMC, LPC, NCC\u00bb photo=\u00bbhttps:\/\/sensorimotorpsychotherapy.org\/wp-content\/uploads\/2020\/08\/butlerlk-headshot.jpg\u00bb admin_title=\u00bbKay Butler-Lueking, MC, LPC, NCC\u00bb _builder_version=\u00bb4.6.6&#8243;][\/et_pb_dp_dmb_module_193_item][et_pb_dp_dmb_module_193_item first_name=\u00bbKelley\u00bb last_name=\u00bbCallahan\u00bb professional_title=\u00bbPhD\u00bb photo=\u00bbhttps:\/\/sensorimotorpsychotherapy.org\/wp-content\/uploads\/2020\/01\/CallahanK_PR_HS_CLR_2015.jpg\u00bb bio_text=\u00bbKelley L. Callahan, Ph.D., (she\/her\/hers) is a licensed Clinical Psychologist (CA, PSY21875) with over 20 years of clinical experience.\u202f She is on the Faculty at the Sensorimotor Psychotherapy Institute and is thrilled to be supporting students nationally and internationally on their SP journey, which began for her back in 2001. Kelley received her Ph.D from The Derner Institute for Advanced Psychological Studies at Adelphi University, with an internship at the National Center for PTSD and Dartmouth Medical School, followed by a two-year post-doc at Harvard Medical School, Victims of Violence Program. She has served as adjunct faculty for John F. Kennedy University and California Institute of Integral Studies teaching courses on somatic approaches to the treatment of trauma as well as attachment informed psychotherapy.\u202f She has provided numerous lectures and trainings on trauma including the neurobiology of trauma, complex PTSD, trauma and addiction, trauma informed care, and vicarious trauma.\u202f     Kelley is in private practice in Albany, Ca, with an increasing focus on consultation to individuals, small groups, and treatment centers to integrate SP and Structural Dissociation in working with trauma.\u202f Groups are in person or online and can be mixed-level, organized by level (Level I, Level II or Certification), or skills practice groups.\u202f    Contact Information:  Kelley L. Callahan, Ph.D.  Email: k.callahan@sensorimotor.org  Phone: (510) 926-5715  \u00bb admin_title=\u00bbKelley L. Callahan, Ph.D.\u00bb _builder_version=\u00bb4.4.6&#8243;][\/et_pb_dp_dmb_module_193_item][et_pb_dp_dmb_module_193_item first_name=\u00bbMary\u00bb last_name=\u00bbChoi\u00bb professional_title=\u00bbLICSW, LCSW-C\u00bb photo=\u00bbhttps:\/\/sensorimotor.wpengine.com\/wp-content\/uploads\/2020\/05\/mary-choi_800x800-1.png\u00bb bio_text=\u00bbMary Choi, MSW, LICSW, LCSW-C, (she, her, hers) is an experienced clinical social worker in private practice in Washington, D.C. and Maryland. Her current practice focuses on adults who have experienced trauma, and she incorporates a variety of psychodynamic and somatic approaches in her work, including Sensorimotor Psychotherapy and EMDR. As a first generation Asian American born in the U.S. to immigrant parents, Mary is passionate about community-based change and facilitates workshops and provides consultation on race equity and social justice with Baltimore Racial Justice Action (BRJA), a local non-profit working to undo the harmful effects of systemic racism. In addition to her work in private practice and with BRJA, she has experience in a variety of community-based mental health settings (including in home therapy, intensive outpatient programs, and community mental health clinics) working with children, adolescents, adults, and families.  Mary is an educator and a consultant. Her clinical interests include trauma, anxiety, attachment, relationships, consciousness, and culture. She believes in the possibility of change and in the importance of community, and she enjoys teaching and walking alongside other SP therapists along their journeys.  Mary offers individual and group consultation, both in person and online, with a focus on the experiential elements of Sensorimotor Psychotherapy.   Contact Information: Mary Choi, LICSW, LCSW-C 2029 P Street, NW, Suite 202 Washington, D.C. 20036 and 3355 St. John\u2019s Ln., Suite F Ellicott City, MD, 21042 Phone: 443-345-9862 marychoi.therapy@gmail.com\u00bb admin_title=\u00bbMary Choi\u00bb _builder_version=\u00bb4.6.6&#8243;][\/et_pb_dp_dmb_module_193_item][et_pb_dp_dmb_module_193_item first_name=\u00bbNancy\u00bb last_name=\u00bbChristie\u00bb professional_title=\u00bbRP\u00bb photo=\u00bbhttps:\/\/sensorimotor.wpengine.com\/wp-content\/uploads\/2020\/05\/ChristieN_PR_HS_CLR_20191101.jpg\u00bb bio_text=\u00bbNancy Christie is a Registered Psychotherapist. She has been a psychotherapist in private practice for over thirty years. Nancy has a special interest in trauma, parenting, adolescents, prenatal\/postpartum psychology and somatic psychotherapy.  She runs experiential psycho-educational groups as support to those in therapy.   Nancy&#8217;s background in dance therapy, movement education, child and youth work, and childbirth education has informed her work as a psychotherapist. Nancy shares that experience as a mother and grandmother, including grandchildren with autism, has taught her humility and a sense of humour. She continues to learn and to dance in her mature years.  Contact Information:   Nancy Christie, RP 170 The Donway West, suite 404 North York, Ontario Canada M3C 2G3 Phone: 416.691.3768 nancychristie1@gmail.com\u00bb admin_title=\u00bbNancy Christie, RP\u00bb _builder_version=\u00bb4.6.6&#8243;][\/et_pb_dp_dmb_module_193_item][et_pb_dp_dmb_module_193_item first_name=\u00bbDarlene\u00bb last_name=\u00bbCohn\u00bb professional_title=\u00bbPhD, LPC\u00bb photo=\u00bbhttps:\/\/sensorimotorpsychotherapy.org\/wp-content\/uploads\/2020\/08\/cohnd_headshot.jpg\u00bb bio_text=\u00bbDarlene B. Cohn, PhD is a Licensed Clinical Psychologist (CA;PSY; 18484) in private practice with over 30-years of practical and clinical experience. She has provided Individual and Group supervision and Case consultation for many years. Trained in psychodynamic, and relational therapy. She has been involved with SPI for over 10 years certified in Sensorimotor and an SPI trainer. In her private practice she works with adolescents and adults. Combining psychodynamic and SPI approaches.   Darlene does individual consultation and 2-4 person groups. She also offers a sliding scale for payments.    Contact Information:   Darlene B. Cohn, PhD, LCP  Phone: 313-209-4995  dcohnphd@gmail.com  \u00bb admin_title=\u00bbDarlene Cohn, PhD, LCP\u00bb _builder_version=\u00bb4.4.6&#8243;][\/et_pb_dp_dmb_module_193_item][et_pb_dp_dmb_module_193_item first_name=\u00bbJayne\u00bb last_name=\u00bbDean\u00bb professional_title=\u00bbLMFT, LADC, RPT\u2010S\u00bb photo=\u00bbhttps:\/\/sensorimotor.wpengine.com\/wp-content\/uploads\/2020\/05\/JAYNE_DEAN_Headshot.jpg\u00bb admin_title=\u00bbJayne Dean, LMFT, LADC, RPT\u2010S\u00bb _builder_version=\u00bb4.6.6&#8243;][\/et_pb_dp_dmb_module_193_item][et_pb_dp_dmb_module_193_item first_name=\u00bbGrayce\u00bb last_name=\u00bbGusmano\u00bb professional_title=\u00bbMMFT, LPC, PAT\u00bb photo=\u00bbhttps:\/\/sensorimotorpsychotherapy.org\/wp-content\/uploads\/2020\/01\/GusmanG_HS_Color_20190117.jpg\u00bb admin_title=\u00bbGrayce Gusmano\u00bb _builder_version=\u00bb4.6.6&#8243;][\/et_pb_dp_dmb_module_193_item][et_pb_dp_dmb_module_193_item first_name=\u00bbJim\u00bb last_name=\u00bbHelling\u00bb professional_title=\u00bbLICSW, CMPC\u00bb photo=\u00bbhttps:\/\/sensorimotorpsychotherapy.org\/wp-content\/uploads\/2020\/08\/jh-headshot-3.jpg\u00bb bio_text=\u00bbJim Helling, LICSW, CMPC (male pronouns) is a psychotherapist, trainer, researcher, lecturer, author, and mental performance consultant specializing in complex traumatization and adaptive resilience.  He trained with Bessell van der Kolk, Onno van der Hart, Pat Ogden, Janina Fisher, Lana Epstein, Anne Wescott, Roger Solomon, Anssi Leikola, Ilana Rubenfeld, Missy Vineyard and others. Jim founded the International Center for Psychological Trauma &#038; Resilience at Traumaterapiakeskus in Helsinki Finland in 2007 and continues to maintain a private psychotherapy and consultation practice specializing in psychological trauma, adaptive resilience, healthy embodiment, and treatment of severe dissociative disorders.      Jim was an embedded psychotherapist and performance consultant in the UMass, Amherst Department of Athletics from 2008-2019 and directed the Athletic Counseling Office (ACO) from 2011-2019. He has a background in public health approaches to psychological and behavioral health promotion focusing on inclusive, culturally attuned, and culturally resonant approaches to college mental health. He is an AASP certified mental performance consultant, certified in EMDR &#038; Clinical Hypnosis  and associates his work with the action psychology of Pierre Janet and the Theory of Structural Dissociation of Personality.    In addition to his clinical and consultation work, Jim is a co-investigator and lead trainer with a multidisciplinary childhood adversity and resilience training research team based at UMass, Amherst.  He partners with Genevieve Chandler, PhD, RN in developing and disseminating the nationally recognized Changing Minds, Changing Lives resilience program.  He also developed (e)Motion, an experiential mindfulness and movement program for self-regulation and self-care. Building on that model, he leads cultural somatics workshops to explore the embodiment of White identity and facilitate intersectional and inter-group dialogues.  He is an instructor at UMass, Amherst, a faculty member in the Alliance of Social Workers in Sports Certificate Program and served as board president of Western Mass EMDRIA from 2014-2019, chairing the annual conference for 5 years.      Jim\u2019s national and international publications and presentations focus on topics related to the neurobiology of psychotherapeutic change, embodied psychotherapy, the social ecology of adaptive resilience responses, adaptive embodiment and peak performance, mental health disparities, treatment of dissociative disorders, Adverse Childhood Experiences, equity in college mental health and athletic systems, college athletics reform, moral injury,  and trauma-informed care. Prior to training as a trauma therapist, resilience educator, and sport social worker, he was an award-winning broadcast photojournalist, documentary cinematographer, producer, and director who covered US and international politics, global security &#038; military affairs, investigations and social issues.   Contact Information:  Jim Helling, LICSW, CMPC  International Center for Psychological Trauma &#038; Resilience  409 Main St. #256  Amherst, MA 01002  Voice 413.824.2808  Fax 888.827.7456  jhelling.licsw@gmail.com\u00bb admin_title=\u00bbJim Helling\u00bb _builder_version=\u00bb4.6.6&#8243;][\/et_pb_dp_dmb_module_193_item][et_pb_dp_dmb_module_193_item first_name=\u00bbLori\u00bb last_name=\u00bbHickman\u00bb professional_title=\u00bbLPC\u00bb photo=\u00bbhttps:\/\/sensorimotor.wpengine.com\/wp-content\/uploads\/2020\/05\/HickmanL_Head-Shot_-Color-20190507.jpg\u00bb bio_text=\u00bbMy name is Lori Hickman and I am from Anchorage, Alaska and am a Licensed Professional Counselor. I am also a State of Alaska LPC board approved supervisor. I graduated with a Bachelor&#8217;s Degree in Criminology at the University of Minnesota-Duluth in 1998 and with my Master&#8217;s of Science in Counseling Psychology in 2003. I am a trained EMDR therapist. I started my journey with Sensorimotor Psychotherapy in November 2013. I completed my Certification level on March 2018 in Los Angeles, CA.  I work primarily in my practice with adolescents and adults. I provide individual, family, and couples therapy. I have co-facilitated a Sensorimotor and Yoga group as well.  Much of my practice is working with individuals who have experienced trauma and\/or attachment trauma and suffer from depression and anxiety. I find that I often turn to Sensorimotor Psychotherapy and EMDR therapy in my practice and have found that these modalities to be very effective in helping individuals with their healing.   In my free time, I enjoy spending time doing a lot of activities with my family, including racquetball, handball, soccer, baseball, and snowboarding. I also enjoy my time with my dog Mabel. I love being outdoors, traveling, reading, and playing games with friends.   Contact Information: Lori Hickman, LPC Phone: 907\u2010344\u20102500(message only) innerwisdomreflections@gmail.com\u00bb admin_title=\u00bbLori Hickman, LPC\u00bb _builder_version=\u00bb4.4.6&#8243;][\/et_pb_dp_dmb_module_193_item][et_pb_dp_dmb_module_193_item first_name=\u00bbLaia\u00bb last_name=\u00bbJorba\u00bb professional_title=\u00bbLPC, PhD\u00bb photo=\u00bbhttps:\/\/sensorimotorpsychotherapy.org\/wp-content\/uploads\/2020\/01\/JorbaL_PR_HS_CLR_20190918.jpg\u00bb admin_title=\u00bbLaia Jorba, LPC, PhD\u00bb _builder_version=\u00bb4.6.6&#8243;][\/et_pb_dp_dmb_module_193_item][et_pb_dp_dmb_module_193_item first_name=\u00bbDeb\u00bb last_name=\u00bbKennard\u00bb professional_title=\u00bbMS\u00bb photo=\u00bbhttps:\/\/sensorimotorpsychotherapy.org\/wp-content\/uploads\/2020\/08\/deborah-kennard-headshot.jpg\u00bb bio_text=\u00bbDeb Kennard, MS, has been in clinical practice for over 20 years.\u202f Deb has been a Certified Sensorimotor Psychotherapist since early 2014. She is an EMDR Trainer and the founder of the Personal Transformation Institute, personaltransformationinstitute.com, offering Somatic and attachment focused, SAFE EMDR training and a variety of online training options.\u202f In addition to her clinical practice, Deb practices Vipassana meditation, enjoys playing corn hole and spending time outdoors with her family. \u202f   Deb offers group consultation and online payment options. \u202f   Contact Information:  Deborah Kennard, MS  deb@personaltransformationinstitute.com  \u00bb admin_title=\u00bbDeb Kennard, MS\u00bb _builder_version=\u00bb4.6.6&#8243;][\/et_pb_dp_dmb_module_193_item][et_pb_dp_dmb_module_193_item first_name=\u00bbJanice\u00bb last_name=\u00bbMeilach\u00bb professional_title=\u00bbMEd, RP, CSP\u00bb photo=\u00bbhttps:\/\/sensorimotor.wpengine.com\/wp-content\/uploads\/2020\/05\/JaniceMeilach_FinalPhoto.jpg\u00bb admin_title=\u00bbJanice Meilach, MEd, RP, CSP\u00bb _builder_version=\u00bb4.6.6&#8243;][\/et_pb_dp_dmb_module_193_item][et_pb_dp_dmb_module_193_item first_name=\u00bbJan\u00bb last_name=\u00bbOhm\u00bb professional_title=\u00bbRP, CSP\u00bb photo=\u00bbhttps:\/\/sensorimotor.wpengine.com\/wp-content\/uploads\/2020\/05\/Jan-Ohm_BWHeadshot.jpg\u00bb bio_text=\u00bbI came to body-oriented work through my love of movement. I am a 30 yr. practitioner and teacher of Tai Chi Chuan, martial arts and mindful movement. Sensorimotor Psychotherapy offered me a way to bring together the lived experience of the body with my psychodynamic underpinning. In private practice since 1993, my journey with SP began in 2005 and I was so enthusiastic about the method, I became a training liaison for Toronto, Canada, where we now have a thriving SP community.  I am currently the owner and Clinical Director of WellSpace Trauma Therapy Clinic in Toronto. We offer Sensorimotor Psychotherapy, Neurofeedback, Neurostimulation and Sensorimotor-based Group Therapy for survivors of Trauma, Developmental Trauma and Dissociative Disorders. I maintain a thriving clinical practice, teach, supervise and continue to study as a Neurotherapist. I am thrilled to be recognized as a Sensorimotor Consultant and look forward to supporting other SP practitioners on their journey!  Contact Information: Jan Ohm RP, CSP WellSpace Trauma Therapy Clinic 908 Bathurst Street, Toronto ON Canada M5R 3G3 jan@torontotherapists.ca\u00bb admin_title=\u00bbJan Ohm RP, CSP\u00bb _builder_version=\u00bb4.4.6&#8243;][\/et_pb_dp_dmb_module_193_item][et_pb_dp_dmb_module_193_item first_name=\u00bbBarbara\u00bb last_name=\u00bbPhillips\u00bb professional_title=\u00bbPhD, LICSW\u00bb photo=\u00bbhttps:\/\/sensorimotor.wpengine.com\/wp-content\/uploads\/2020\/05\/B.-Phillips-Headshot-full-2019.jpg\u00bb bio_text=\u00bbBarbara Phillips, PhD, LICSW is a psychotherapist, consultant, and advocate for the integration of body, emotion, and the mind. A Certified Sensorimotor Psychotherapist (2008); SPI- approved Consultant; and L-3 Certification Coach (NYC, Boston, Kansas City, UK to date), Barbara is also the Boston Organizer\/SPI trainings liaison whose outreach includes a yearly SPI informational presence at Bessel van der Kolk\u2019s International Psychological Trauma Conference and presentations on the following topics: A Sensorimotor Psychotherapy Approach to the Treatment of Trauma: Embodying the Foundational Principles (Harvard Divinity School); Three Storytellers in Search of a Author (Harvard Grand Rounds); An Insider\/Outsider Account of Reaching Out to Shame; Deconstructing Shame: A Multi-Perspective Approach (NASW Biennial Symposia), and Sensorimotor Psychotherapy: A Body\/Mind Talk Therapy for the Treatment of Trauma (Guest speaker: BC Colloquium Series; Cambridge Hospital). Dr. Phillips has also taught Adult Psychological Trauma (Boston College SSW Gradate Program) and served as Dissertation Chair (Psy.D. Program, JFK University College of Graduate and Professional Studies). Barbara is a past president of NESTTD and Board member for 10 years. She has a private practice in Arlington, MA. where she also consults to individuals and groups on the use of somatic interventions in trauma treatment.  Contact Information: Barbara Phillips, PhD, LICSW 259 Massachusetts Avenue Arlington, MA 02474 phillipsba@aol.com\u00bb admin_title=\u00bbBarbara Phillips, PhD, LICSW\u00bb _builder_version=\u00bb4.4.6&#8243;][\/et_pb_dp_dmb_module_193_item][et_pb_dp_dmb_module_193_item first_name=\u00bbLinda\u00bb last_name=\u00bbvon Richter\u00bb professional_title=\u00bbMEd, RP, SP\u00bb photo=\u00bbhttps:\/\/sensorimotor.wpengine.com\/wp-content\/uploads\/2020\/05\/RichterL_HS_COLOR_20190204.jpg\u00bb bio_text=\u00bbLinda had a first career teaching business and English in secondary schools, vocational institutes and colleges in Canada:  in three provinces and the Yukon Territory. Following a calling, she enrolled in an energy therapist training, and upon graduation, began a private practice as an energy therapist.\tLinda took a week-long Hakomi workshop with Ron Kurtz and then enrolled in Sensorimotor Trauma training with Pat Ogden.  This training engendered  a love for Sensorimotor Psychotherapy and was followed by taking Levels 2 and 3. She has assisted in a number of Level 1 and 2 trainings in Canada and the U.S.  She also assisted in two Level 3 trainings, one in Canada and one in Boston. Training to become a consultant in SP was a natural next step.  She is enjoying helping therapists work with their clients to use SP in their sessions with confidence.  Contact Information:   Linda Von Richter, MEd, RP, SP 1585 Lakeshore Rd. W., Suite 310 Mississauga, ON L5J 0B1 416\u2010580\u20101788 lindavonrichter@gmail.com\u00bb admin_title=\u00bbLinda von Richter, MEd, RP, SP\u00bb _builder_version=\u00bb4.4.6&#8243;][\/et_pb_dp_dmb_module_193_item][et_pb_dp_dmb_module_193_item first_name=\u00bbRaymond\u00bb last_name=\u00bbRodrgiuez\u00bb professional_title=\u00bbLCSW-R, Rev.  \u00bb photo=\u00bbhttps:\/\/sensorimotorpsychotherapy.org\/wp-content\/uploads\/2020\/01\/RodriguezR_PR_HS_CLR_20190604.jpg\u00bb admin_title=\u00bbRaymond Rodrgiuez, LCSW-R, Rev.\u00bb _builder_version=\u00bb4.6.6&#8243; _module_preset=\u00bbdefault\u00bb][\/et_pb_dp_dmb_module_193_item][et_pb_dp_dmb_module_193_item first_name=\u00bbPam\u00bb last_name=\u00bbSobo\u00bb professional_title=\u00bbPsy.D.\u00bb photo=\u00bbhttps:\/\/sensorimotor.wpengine.com\/wp-content\/uploads\/2020\/05\/pam-sobo_800x800-1.png\u00bb admin_title=\u00bbPam Sobo\u00bb _builder_version=\u00bb4.6.6&#8243;][\/et_pb_dp_dmb_module_193_item][et_pb_dp_dmb_module_193_item first_name=\u00bbLenora M.\u00bb last_name=\u00bbWing Lun\u00bb professional_title=\u00bbPhD\/MPsych(Clin), MCogSc, MBA, MAPS, FCCLP\u00bb photo=\u00bbhttps:\/\/sensorimotor.wpengine.com\/wp-content\/uploads\/2020\/05\/WingLunL_Headshot_Color.jpg\u00bb admin_title=\u00bbLenora M. Wing Lun, PhD\/MPsych(Clin), MCogSc, MBA, MAPS, FCCLP\u00bb _builder_version=\u00bb4.6.6&#8243;][\/et_pb_dp_dmb_module_193_item][\/et_pb_dp_dmb_module_193][\/et_pb_column][\/et_pb_row][\/et_pb_section]<\/p>\n","protected":false},"excerpt":{"rendered":"<p>Los consultores aprobados por SPILos consultores aprobados por SPI proporcionan consulta a los ex-alumnos de SPI sobre la integraci\u00f3n de intervenciones y conceptos de PS en la pr\u00e1ctica cl\u00ednica. Est\u00e1n Certificados en PS, han completado un programa de consulta de 20 horas y han cumplido con criterios espec\u00edficos. Los Consultores aprobados por SPI completan el [&hellip;]<\/p>\n","protected":false},"author":2,"featured_media":0,"parent":1388,"menu_order":0,"comment_status":"closed","ping_status":"open","template":"","meta":{"_acf_changed":false,"_et_pb_use_builder":"on","_et_pb_old_content":"","_et_gb_content_width":"","om_disable_all_campaigns":false,"_monsterinsights_skip_tracking":false,"_monsterinsights_sitenote_active":false,"_monsterinsights_sitenote_note":"","_monsterinsights_sitenote_category":0,"footnotes":""},"class_list":["post-1394","page","type-page","status-publish","hentry"],"acf":[],"_links":{"self":[{"href":"https:\/\/sensorimotorpsychotherapy.org\/es\/wp-json\/wp\/v2\/pages\/1394","targetHints":{"allow":["GET"]}}],"collection":[{"href":"https:\/\/sensorimotorpsychotherapy.org\/es\/wp-json\/wp\/v2\/pages"}],"about":[{"href":"https:\/\/sensorimotorpsychotherapy.org\/es\/wp-json\/wp\/v2\/types\/page"}],"author":[{"embeddable":true,"href":"https:\/\/sensorimotorpsychotherapy.org\/es\/wp-json\/wp\/v2\/users\/2"}],"replies":[{"embeddable":true,"href":"https:\/\/sensorimotorpsychotherapy.org\/es\/wp-json\/wp\/v2\/comments?post=1394"}],"version-history":[{"count":0,"href":"https:\/\/sensorimotorpsychotherapy.org\/es\/wp-json\/wp\/v2\/pages\/1394\/revisions"}],"up":[{"embeddable":true,"href":"https:\/\/sensorimotorpsychotherapy.org\/es\/wp-json\/wp\/v2\/pages\/1388"}],"wp:attachment":[{"href":"https:\/\/sensorimotorpsychotherapy.org\/es\/wp-json\/wp\/v2\/media?parent=1394"}],"curies":[{"name":"wp","href":"https:\/\/api.w.org\/{rel}","templated":true}]}}