{"id":1403,"date":"2020-12-09T11:53:35","date_gmt":"2020-12-09T18:53:35","guid":{"rendered":"https:\/\/sensorimotorpsychotherapy.org\/contacta-con-nosotros\/lista-de-correo-electronico\/"},"modified":"2020-12-10T17:13:38","modified_gmt":"2020-12-11T00:13:38","slug":"lista-de-correo-electronico","status":"publish","type":"page","link":"https:\/\/sensorimotorpsychotherapy.org\/es\/contacta-con-nosotros\/lista-de-correo-electronico\/","title":{"rendered":"Lista de Correo Electr\u00f3nico"},"content":{"rendered":"<p>[et_pb_section fb_built=\u00bb1&#8243; _builder_version=\u00bb3.22&#8243;][et_pb_row column_structure=\u00bb3_5,2_5&#8243; _builder_version=\u00bb4.4.6&#8243;][et_pb_column type=\u00bb3_5&#8243; _builder_version=\u00bb4.4.6&#8243;][et_pb_text admin_label=\u00bbText\u00bb _builder_version=\u00bb4.4.6&#8243; background_size=\u00bbinitial\u00bb background_position=\u00bbtop_left\u00bb background_repeat=\u00bbrepeat\u00bb]<\/p>\n<h2>Mantente Informado y Conectado<\/h2>\n<p>Sensorimotor Psychotherapy Institute\u00ae (SPI) utilizar\u00e1 la informaci\u00f3n que proporcione en este formulario para estar en contacto con usted y enviarle noticias, recursos, eventos y ofertas de cursos del instituto.<\/p>\n<p>\n<script type=\"text\/javascript\" async=\"true\" src=\"https:\/\/app.ontraport.com\/js\/ontraport\/opt_assets\/drivers\/opf.js\" data-opf-uid=\"p2c187200f2\" data-opf-params=\"borderColor=#000000&amp;borderSize=0px&amp;embed=true&amp;formHeight=1332&amp;formWidth=550px&amp;popPosition=mc&amp;instance=n135445804\"><\/script>\n<\/p>\n<p>[\/et_pb_text][\/et_pb_column][et_pb_column type=\u00bb2_5&#8243; _builder_version=\u00bb4.4.6&#8243;][et_pb_text _builder_version=\u00bb4.4.6&#8243;]<\/p>\n<p>Puede cambiar sus preferencias de comunicaci\u00f3n en cualquier momento haciendo clic en el enlace para darse de baja en el pie de p\u00e1gina de cualquier correo electr\u00f3nico que reciba de nosotros o enviando un correo electr\u00f3nico a <a href=\"mailto:outreach@sensorimotor.org\">outreach@sensorimotor.org<\/a>.<\/p>\n<p>Trataremos su informaci\u00f3n con respeto. Encontrar\u00e1 informaci\u00f3n adicional sobre nuestras pr\u00e1cticas de privacidad <a href=\"https:\/\/sensorimotorpsychotherapy.org\/es\/politica-de-privacidad\/\">aqu\u00ed<\/a> en nuestro sitio web.<\/p>\n<p>Al hacer clic en \u00abEnviar\u00bb, acepta que podemos procesar su informaci\u00f3n de acuerdo con estos t\u00e9rminos.<\/p>\n<p>Utilizamos Ontraport como nuestra plataforma de marketing. Al hacer clic en \u00abEnviar\u00bb, reconoce que su informaci\u00f3n se transferir\u00e1 a Ontraport para su procesamiento. Obtenga m\u00e1s informaci\u00f3n sobre las pr\u00e1cticas de privacidad de Ontraport <a href=\"https:\/\/ontraport.com\/legal#op-container--23\" target=\"_blank\" rel=\"noopener\">aqu\u00ed<\/a>.<\/p>\n<p>[\/et_pb_text][\/et_pb_column][\/et_pb_row][\/et_pb_section]<\/p>\n","protected":false},"excerpt":{"rendered":"<p>Mantente Informado y Conectado Sensorimotor Psychotherapy Institute\u00ae (SPI) utilizar\u00e1 la informaci\u00f3n que proporcione en este formulario para estar en contacto con usted y enviarle noticias, recursos, eventos y ofertas de cursos del instituto. Puede cambiar sus preferencias de comunicaci\u00f3n en cualquier momento haciendo clic en el enlace para darse de baja en el pie de [&hellip;]<\/p>\n","protected":false},"author":2,"featured_media":0,"parent":1402,"menu_order":0,"comment_status":"closed","ping_status":"open","template":"","meta":{"_acf_changed":false,"_et_pb_use_builder":"on","_et_pb_old_content":"","_et_gb_content_width":"","om_disable_all_campaigns":false,"_monsterinsights_skip_tracking":false,"_monsterinsights_sitenote_active":false,"_monsterinsights_sitenote_note":"","_monsterinsights_sitenote_category":0,"footnotes":""},"class_list":["post-1403","page","type-page","status-publish","hentry"],"acf":[],"_links":{"self":[{"href":"https:\/\/sensorimotorpsychotherapy.org\/es\/wp-json\/wp\/v2\/pages\/1403","targetHints":{"allow":["GET"]}}],"collection":[{"href":"https:\/\/sensorimotorpsychotherapy.org\/es\/wp-json\/wp\/v2\/pages"}],"about":[{"href":"https:\/\/sensorimotorpsychotherapy.org\/es\/wp-json\/wp\/v2\/types\/page"}],"author":[{"embeddable":true,"href":"https:\/\/sensorimotorpsychotherapy.org\/es\/wp-json\/wp\/v2\/users\/2"}],"replies":[{"embeddable":true,"href":"https:\/\/sensorimotorpsychotherapy.org\/es\/wp-json\/wp\/v2\/comments?post=1403"}],"version-history":[{"count":0,"href":"https:\/\/sensorimotorpsychotherapy.org\/es\/wp-json\/wp\/v2\/pages\/1403\/revisions"}],"up":[{"embeddable":true,"href":"https:\/\/sensorimotorpsychotherapy.org\/es\/wp-json\/wp\/v2\/pages\/1402"}],"wp:attachment":[{"href":"https:\/\/sensorimotorpsychotherapy.org\/es\/wp-json\/wp\/v2\/media?parent=1403"}],"curies":[{"name":"wp","href":"https:\/\/api.w.org\/{rel}","templated":true}]}}