{"id":1406,"date":"2020-12-09T12:25:40","date_gmt":"2020-12-09T19:25:40","guid":{"rendered":"https:\/\/sensorimotorpsychotherapy.org\/plan-de-estudios\/certificacion-nivel-iii\/"},"modified":"2022-04-06T15:52:37","modified_gmt":"2022-04-06T21:52:37","slug":"certificacion-nivel-iii","status":"publish","type":"page","link":"https:\/\/sensorimotorpsychotherapy.org\/es\/plan-de-estudios-2\/certificacion-nivel-iii\/","title":{"rendered":"Certificaci\u00f3n \u2013 Nivel III"},"content":{"rendered":"<p>[et_pb_section fb_built=\u00bb1&#8243; specialty=\u00bbon\u00bb module_class=\u00bblayout-curriculum\u00bb _builder_version=\u00bb4.2.2&#8243;][et_pb_column type=\u00bb3_4&#8243; specialty_columns=\u00bb3&#8243; _builder_version=\u00bb3.25&#8243; custom_padding=\u00bb|||\u00bb custom_padding__hover=\u00bb|||\u00bb][et_pb_row_inner _builder_version=\u00bb4.2.2&#8243; custom_padding=\u00bb12px||0px|||\u00bb][et_pb_column_inner saved_specialty_column_type=\u00bb3_4&#8243; _builder_version=\u00bb4.2.2&#8243;][et_pb_text admin_label=\u00bbText\u00bb _builder_version=\u00bb4.3.1&#8243; header_font_size=\u00bb36px\u00bb background_size=\u00bbinitial\u00bb background_position=\u00bbtop_left\u00bb background_repeat=\u00bbrepeat\u00bb]<\/p>\n<h1 style=\"text-align: left;\">Formaci\u00f3n Integradora Avanzada en PS<\/h1>\n<p>[\/et_pb_text][\/et_pb_column_inner][\/et_pb_row_inner][et_pb_row_inner _builder_version=\u00bb4.2.2&#8243;][et_pb_column_inner saved_specialty_column_type=\u00bb3_4&#8243; _builder_version=\u00bb4.2.2&#8243;][et_pb_text _builder_version=\u00bb4.3.1&#8243;]<\/p>\n<p>Esta formaci\u00f3n es para graduados de PS de la Formaci\u00f3n en Trauma N1 y Formaci\u00f3n de Desarrollo N2. La Formaci\u00f3n Integradora Avanzada en Psicoterapia Sensoriomotriz consta de tres componentes:<\/p>\n<ol>\n<li>Consolidaci\u00f3n de competencias: Trauma (SCT) &#8211; en l\u00ednea<\/li>\n<li>Consolidaci\u00f3n de competencias: Desarrollo (SCD) &#8211; en l\u00ednea<\/li>\n<li>Formaci\u00f3n Integradora Avanzada en Psicoterapia Sensoriomotriz &#8211; presencial<\/li>\n<\/ol>\n<p>Ambas partes de Consolidaci\u00f3n de Habilidades del curso con componentes en l\u00ednea, autodirigidos y a su propio ritmo que apoyan la consolidaci\u00f3n de conocimientos y habilidades introducidas en los dos cursos b\u00e1sicos de PS para trauma y trabajo de desarrollo para preparar al alumno para la certificaci\u00f3n en PS. El SCT consta de 13 unidades de habilidades b\u00e1sicas, y el SCD consta de 16 unidades de habilidades b\u00e1sicas, que gu\u00edan al alumno desde Fundamentos de PS a trav\u00e9s de Habilidades Esenciales hasta las Cinco Etapas del Proceso. Bas\u00e1ndose en la informaci\u00f3n b\u00e1sica y la pr\u00e1ctica inicial de la aplicaci\u00f3n de habilidades de las formaciones de N1-Trauma y N2-Desarrollo, el estudiante ver\u00e1 nuevas presentaciones de Pat Ogden y otros profesores de SPI, revisar\u00e1 contenido del v\u00eddeo de la aplicaci\u00f3n cl\u00ednica, participar\u00e1 en discusiones en grupos peque\u00f1os y completar\u00e1 actividades de aprendizaje autodirigidas utilizando medios interactivos y proporcionar\u00e1 hojas de trabajo para consolidar el aprendizaje pasado y refinar las habilidades existentes para la Certificaci\u00f3n en PS.<\/p>\n<p>El curso de Formaci\u00f3n Integradora Avanzada (Advanced Integrative Training, AIT) se presenta en un formato de aprendizaje h\u00edbrido (presencial con soporte en l\u00ednea), con 108 horas de cr\u00e9dito proporcionadas presencialmente. Los estudiantes reciben m\u00f3dulos de preparaci\u00f3n cortos a trav\u00e9s del sistema de aprendizaje en l\u00ednea de SPI para maximizar las oportunidades de pr\u00e1cticas presenciales, retroalimentaci\u00f3n e integraci\u00f3n de Fundamentos de PS durante los m\u00f3dulos presenciales correspondientes. El formato de 6 m\u00f3dulos de AIT profundiza en la aplicaci\u00f3n pr\u00e1ctica y ampl\u00eda el conocimiento del estudiante sobre los siguientes temas:<\/p>\n<ol>\n<li>Modulaci\u00f3n de los est\u00edmulos y el cuerpo como recurso (recursos som\u00e1ticos)<\/li>\n<li>Orientaci\u00f3n y respuestas defensivas<\/li>\n<li>Cuesti\u00f3n actual<\/li>\n<li>Memoria de desarrollo<\/li>\n<li>C\u00f3mo expandir la pr\u00e1ctica<\/li>\n<li>Finalizaci\u00f3n<\/li>\n<\/ol>\n<p>[\/et_pb_text][\/et_pb_column_inner][\/et_pb_row_inner][et_pb_row_inner _builder_version=\u00bb4.2.2&#8243; custom_padding=\u00bb30px||50px|||\u00bb][et_pb_column_inner saved_specialty_column_type=\u00bb3_4&#8243; _builder_version=\u00bb4.2.2&#8243;][et_pb_tabs _builder_version=\u00bb4.4.5&#8243;][et_pb_tab title=\u00bbEstructura\u00bb _builder_version=\u00bb4.3.1&#8243;]<\/p>\n<p>Cada uno de los dos m\u00f3dulos de aprendizaje en l\u00ednea tiene aproximadamente 20 horas de trabajo requerido y 40 horas de materiales complementarios. Los m\u00f3dulos presenciales constan de aproximadamente 108 horas de contacto divididas entre 6 m\u00f3dulos de 3 d\u00edas.<\/p>\n<h4>Evaluaci\u00f3n<\/h4>\n<ul>\n<li>La Formaci\u00f3n Integradora Avanzada en PS es un curso evaluativo<\/li>\n<\/ul>\n<h4>Soporte<\/h4>\n<p>Los siguientes tipos de apoyo est\u00e1n disponibles para ayudar a los estudiantes a superar los desaf\u00edos de naturaleza evaluativa de la Formaci\u00f3n de Nivel III.<\/p>\n<ul>\n<li>Orientadores de certificaci\u00f3n: Los estudiantes pueden optar por trabajar con un Orientador de Certificaci\u00f3n SPI, u Orientador de Certificaci\u00f3n en Formaci\u00f3n, por una tarifa por hora pagada. Los Orientadores de Certificaci\u00f3n est\u00e1n capacitados para ayudar a los estudiantes a demostrar una comprensi\u00f3n clara de habilidades espec\u00edficas y son capaces de proporcionar comentarios valiosos sobre las tareas. La informaci\u00f3n de contacto de los <a href=\"https:\/\/sensorimotorpsychotherapy.org\/es\/comunidad\/orientadores-de-certificacion\/\">Orientadores de Certificaci\u00f3n<\/a> se proporciona previa solicitud.<\/li>\n<li>Feedback individual: Cada estudiante recibe atenci\u00f3n individualizada del personal de formaci\u00f3n enfocada a la adquisici\u00f3n de habilidades y encarnaci\u00f3n de principios.<\/li>\n<li>Sesiones educativas con ayudantes u orientadores: Los ayudantes u orientadores (seg\u00fan disponibilidad) pueden proporcionar hasta tres sesiones educativas durante el transcurso de la formaci\u00f3n.<\/li>\n<li>Conferencias de evoluci\u00f3n: En cualquier momento durante la formaci\u00f3n, los estudiantes u orientadores pueden solicitar una conferencia orientador-estudiante para discutir el progreso y ajustar los planes de aprendizaje.<\/li>\n<\/ul>\n<p>[\/et_pb_tab][et_pb_tab title=\u00bbTemario\u00bb _builder_version=\u00bb4.3.1&#8243;]<\/p>\n<ol>\n<li>Modulaci\u00f3n de los est\u00edmulos y el cuerpo como recurso (recursos som\u00e1ticos)<\/li>\n<li>Orientaci\u00f3n y respuestas defensivas<\/li>\n<li>Cuesti\u00f3n actual<\/li>\n<li>Memoria de desarrollo<\/li>\n<li>C\u00f3mo expandir la pr\u00e1ctica<\/li>\n<li>Finalizaci\u00f3n<\/li>\n<\/ol>\n<p><strong><a href=\"https:\/\/sensorimotorpsychotherapy.org\/es\/admisiones\/educacion-continua\/\">&#8211;<\/a><\/strong><\/p>\n<p>[\/et_pb_tab][et_pb_tab title=\u00bbRequisitos\u00bb _builder_version=\u00bb4.3.1&#8243;]<\/p>\n<h4>Los candidatos deben cumplir con cada uno de los siguientes criterios para ser considerados para la inscripci\u00f3n:<\/h4>\n<ul>\n<li>Finalizaci\u00f3n exitosa de las formaciones sobre Trauma y Desarrollo<\/li>\n<li>Recomendaci\u00f3n de los orientadores de formaci\u00f3n en Trauma y Desarrollo<\/li>\n<li>Haber rellenado la solicitud de formaci\u00f3n y el cuestionario<\/li>\n<li>Entrevista con el Jefe de Formaci\u00f3n de Certificaci\u00f3n (despu\u00e9s de enviar la solicitud)<\/li>\n<\/ul>\n<p>[\/et_pb_tab][et_pb_tab title=\u00bbTestimonios\u00bb _builder_version=\u00bb4.4.5&#8243;]<\/p>\n<blockquote>\n<p>\u201cLa transformaci\u00f3n ocurre dentro del espacio personal de otros cl\u00ednicos en un espacio de aprendizaje y por lo tanto m\u00e1s vulnerable, humilde, abierto, compasivo y de aceptaci\u00f3n. Mi transformaci\u00f3n personal fue significativa al ayudarme a abrir mi coraz\u00f3n a mis clientes, mi familia, mi mundo y A M\u00cd MISMA. Soy capaz de invocar mi compasi\u00f3n por todas las luchas y vulnerabilidades m\u00edas y ajenas con mayor facilidad y rapidez.\u201d<\/p>\n<p>\u2013 Ellen Odza, Psicoterapeuta Sensoriomotriz Certificada<\/p>\n<p>&nbsp;<\/p>\n<p>\u201c<em>Nivel III de SPI: La formaci\u00f3n avanzada en habilidades\/certificaci\u00f3n<\/em> ha cumplido y superado con creces mis expectativas y es, con mucho, la formaci\u00f3n cl\u00ednica m\u00e1s dura y la mejor a la que he asistido desde que comenc\u00e9 mis estudios de psicolog\u00eda cl\u00ednica. Las ense\u00f1anzas que aprend\u00ed a trav\u00e9s de la formaci\u00f3n revolucionaron mi trabajo con los clientes y han proporcionado una hoja de ruta confiable y herramientas pr\u00e1cticas que utilizo literalmente en cada sesi\u00f3n con cliente. Si bien el <em>Nivel III<\/em> es incre\u00edblemente desafiante y exigente, agradezco la precisi\u00f3n de las habilidades que me hicieron elevar a un nivel de competencia que, a lo largo de los meses, se ha integrado en el aumento de mi dominio cl\u00ednico.\u201d<\/p>\n<p>\u2013 Marilynne Ch\u00f6phel, MFT, Psicoterapeuta Sensoriomotriz Certificada<\/p>\n<\/blockquote>\n<p>[\/et_pb_tab][\/et_pb_tabs][\/et_pb_column_inner][\/et_pb_row_inner][et_pb_row_inner module_class=\u00bblegal\u00bb _builder_version=\u00bb4.3.1&#8243;][et_pb_column_inner saved_specialty_column_type=\u00bb3_4&#8243; _builder_version=\u00bb4.3.1&#8243;][et_pb_text _builder_version=\u00bb4.4.5&#8243;]<\/p>\n<p><strong>Certificaci\u00f3n<\/strong><\/p>\n<ul>\n<li>La finalizaci\u00f3n de la Formaci\u00f3n Integradora Avanzada en PS no garantiza la Certificaci\u00f3n en Psicoterapia Sensoriomotriz. La certificaci\u00f3n es un proceso altamente individualizado que puede requerir m\u00e1s trabajo fuera de las horas programadas del curso.<\/li>\n<li>Los graduados del curso Integrador Avanzado que reciben la \u201cCertificaci\u00f3n en Psicoterapia Sensoriomotriz\u201d pueden usar las frases \u201cCertificado en Psicoterapia Sensoriomotriz\u201d y \u201cPsicoterapeuta Sensoriomotriz\u201d para indicar su logro. \u201cCertificado en Psicoterapia Sensoriomotriz\u201d y \u201cPsicoterapeuta Sensoriomotriz\u201d son frases utilizadas por el Sensorimotor Psychotherapy Institute(R) para identificar a los Graduados Certificados que han alcanzado la competencia del m\u00e9todo de Psicoterapia Sensoriomotriz y que tienen credenciales legalmente aceptadas en el campo de la salud mental. Estas frases no sustituyen de ninguna manera, real o impl\u00edcita, las leyes que rigen la autorizaci\u00f3n legal para ejercer como profesional de la salud mental.<\/li>\n<li>SPI no es una organizaci\u00f3n reguladora ni licenciante y, por lo tanto, no est\u00e1 autorizada para certificar, licenciar u otorgar de otro modo la autorizaci\u00f3n legal para ejercer como profesional de la salud mental.<\/li>\n<\/ul>\n<p>[\/et_pb_text][\/et_pb_column_inner][\/et_pb_row_inner][\/et_pb_column][et_pb_column type=\u00bb1_4&#8243; _builder_version=\u00bb3.25&#8243; custom_padding=\u00bb|||\u00bb custom_padding__hover=\u00bb|||\u00bb][et_pb_testimonial author=\u00bbRon Kurtz\u00bb company_name=\u00bbFundador del M\u00e9todo Hakomi\u00bb _builder_version=\u00bb4.4.5&#8243;]<\/p>\n<p>S\u00f3lo una terapia que conozco llega tan profundamente dentro del cuerpo como en la mente, y al alcanzar ambos, toca el alma.<\/p>\n<p>[\/et_pb_testimonial][et_pb_cta title=\u00bbPr\u00f3xima Formaci\u00f3n\u00bb button_url=\u00bbhttps:\/\/account.sensorimotorpsychotherapy.org\/pub\/upcoming-trainings\u00bb button_text=\u00bbM\u00c1S INFORMACI\u00d3N\u00bb module_class=\u00bbCTA-panel rail-panel\u00bb _builder_version=\u00bb4.4.6&#8243; global_module=\u00bb426&#8243; saved_tabs=\u00bball\u00bb][\/et_pb_cta][et_pb_cta title=\u00bbAdmisiones\u00bb button_url=\u00bbhttps:\/\/sensorimotorpsychotherapy.org\/admissions\/\u00bb button_text=\u00bbM\u00c1S INFORMACI\u00d3N\u00bb module_class=\u00bbCTA-panel rail-panel\u00bb _builder_version=\u00bb4.4.6&#8243; global_module=\u00bb428&#8243; saved_tabs=\u00bball\u00bb][\/et_pb_cta][et_pb_cta title=\u00bbProfesorado\u00bb button_url=\u00bbhttps:\/\/sensorimotorpsychotherapy.org\/community\/faculty\/\u00bb button_text=\u00bbM\u00c1S INFORMACI\u00d3N\u00bb module_class=\u00bbCTA-panel rail-panel\u00bb _builder_version=\u00bb4.4.6&#8243; global_module=\u00bb429&#8243; saved_tabs=\u00bball\u00bb][\/et_pb_cta][et_pb_cta title=\u00bbOrientadores de certificaci\u00f3n\u00bb button_url=\u00bbhttps:\/\/sensorimotorpsychotherapy.org\/community\/certification-coaches\/\u00bb button_text=\u00bbM\u00c1S INFORMACI\u00d3N\u00bb module_class=\u00bbCTA-panel rail-panel\u00bb _builder_version=\u00bb4.3.1&#8243;][\/et_pb_cta][\/et_pb_column][\/et_pb_section]<\/p>\n","protected":false},"excerpt":{"rendered":"<p>Formaci\u00f3n Integradora Avanzada en PSEsta formaci\u00f3n es para graduados de PS de la Formaci\u00f3n en Trauma N1 y Formaci\u00f3n de Desarrollo N2. La Formaci\u00f3n Integradora Avanzada en Psicoterapia Sensoriomotriz consta de tres componentes: Consolidaci\u00f3n de competencias: Trauma (SCT) &#8211; en l\u00ednea Consolidaci\u00f3n de competencias: Desarrollo (SCD) &#8211; en l\u00ednea Formaci\u00f3n Integradora Avanzada en Psicoterapia Sensoriomotriz [&hellip;]<\/p>\n","protected":false},"author":2,"featured_media":0,"parent":1405,"menu_order":0,"comment_status":"closed","ping_status":"open","template":"","meta":{"_acf_changed":false,"_et_pb_use_builder":"on","_et_pb_old_content":"","_et_gb_content_width":"","om_disable_all_campaigns":false,"_monsterinsights_skip_tracking":false,"_monsterinsights_sitenote_active":false,"_monsterinsights_sitenote_note":"","_monsterinsights_sitenote_category":0,"footnotes":""},"class_list":["post-1406","page","type-page","status-publish","hentry"],"acf":[],"_links":{"self":[{"href":"https:\/\/sensorimotorpsychotherapy.org\/es\/wp-json\/wp\/v2\/pages\/1406","targetHints":{"allow":["GET"]}}],"collection":[{"href":"https:\/\/sensorimotorpsychotherapy.org\/es\/wp-json\/wp\/v2\/pages"}],"about":[{"href":"https:\/\/sensorimotorpsychotherapy.org\/es\/wp-json\/wp\/v2\/types\/page"}],"author":[{"embeddable":true,"href":"https:\/\/sensorimotorpsychotherapy.org\/es\/wp-json\/wp\/v2\/users\/2"}],"replies":[{"embeddable":true,"href":"https:\/\/sensorimotorpsychotherapy.org\/es\/wp-json\/wp\/v2\/comments?post=1406"}],"version-history":[{"count":0,"href":"https:\/\/sensorimotorpsychotherapy.org\/es\/wp-json\/wp\/v2\/pages\/1406\/revisions"}],"up":[{"embeddable":true,"href":"https:\/\/sensorimotorpsychotherapy.org\/es\/wp-json\/wp\/v2\/pages\/1405"}],"wp:attachment":[{"href":"https:\/\/sensorimotorpsychotherapy.org\/es\/wp-json\/wp\/v2\/media?parent=1406"}],"curies":[{"name":"wp","href":"https:\/\/api.w.org\/{rel}","templated":true}]}}