{"id":1409,"date":"2020-12-09T16:18:34","date_gmt":"2020-12-09T23:18:34","guid":{"rendered":"https:\/\/sensorimotorpsychotherapy.org\/plan-de-estudios\/formacion-en-especialidades\/"},"modified":"2023-11-20T09:29:20","modified_gmt":"2023-11-20T16:29:20","slug":"formacion-en-especialidades","status":"publish","type":"page","link":"https:\/\/sensorimotorpsychotherapy.org\/es\/plan-de-estudios-2\/formacion-en-especialidades\/","title":{"rendered":"Formaci\u00f3n en especialidades"},"content":{"rendered":"<p>[et_pb_section fb_built=\u00bb1&#8243; specialty=\u00bbon\u00bb module_class=\u00bblayout-curriculum\u00bb _builder_version=\u00bb4.16&#8243; global_colors_info=\u00bb{}\u00bb][et_pb_column type=\u00bb3_4&#8243; specialty_columns=\u00bb3&#8243; _builder_version=\u00bb4.16&#8243; custom_padding=\u00bb|||\u00bb global_colors_info=\u00bb{}\u00bb custom_padding__hover=\u00bb|||\u00bb][et_pb_row_inner _builder_version=\u00bb4.16&#8243; custom_padding=\u00bb12px||0px|||\u00bb global_colors_info=\u00bb{}\u00bb][et_pb_column_inner saved_specialty_column_type=\u00bb3_4&#8243; _builder_version=\u00bb4.16&#8243; global_colors_info=\u00bb{}\u00bb][et_pb_text admin_label=\u00bbText\u00bb _builder_version=\u00bb4.16&#8243; header_font_size=\u00bb36px\u00bb background_size=\u00bbinitial\u00bb background_position=\u00bbtop_left\u00bb background_repeat=\u00bbrepeat\u00bb global_colors_info=\u00bb{}\u00bb]<\/p>\n<h1 style=\"text-align: left;\">Formaci\u00f3n en especialidades<\/h1>\n<p>[\/et_pb_text][\/et_pb_column_inner][\/et_pb_row_inner][et_pb_row_inner _builder_version=\u00bb4.16&#8243; global_colors_info=\u00bb{}\u00bb][et_pb_column_inner saved_specialty_column_type=\u00bb3_4&#8243; _builder_version=\u00bb4.16&#8243; global_colors_info=\u00bb{}\u00bb][et_pb_text _builder_version=\u00bb4.16&#8243; global_colors_info=\u00bb{}\u00bb]<\/p>\n<p>Las formaciones en especialidades son desarrolladas por el profesorado de SPI y dise\u00f1adas para los alumnos de los cursos de formaci\u00f3n en PS.<\/p>\n<ul>\n<li><a href=\"#sp-for-complex-trauma\">SP para Trauma complejo y disociaci\u00f3n: Desarrollado por la Dra. Janina Fisher<\/a><\/li>\n<\/ul>\n<p>[\/et_pb_text][\/et_pb_column_inner][\/et_pb_row_inner][et_pb_row_inner module_id=\u00bbsp-for-complex-trauma\u00bb _builder_version=\u00bb4.16&#8243; custom_padding=\u00bb30px||50px|||\u00bb global_colors_info=\u00bb{}\u00bb][et_pb_column_inner saved_specialty_column_type=\u00bb3_4&#8243; _builder_version=\u00bb4.16&#8243; global_colors_info=\u00bb{}\u00bb][et_pb_text _builder_version=\u00bb4.16&#8243; global_colors_info=\u00bb{}\u00bb]<\/p>\n<h3>SP para Trauma complejo y disociaci\u00f3n<\/h3>\n<p>[\/et_pb_text][et_pb_tabs _builder_version=\u00bb4.16&#8243; global_colors_info=\u00bb{}\u00bb][et_pb_tab title=\u00bbCurso\u00bb _builder_version=\u00bb4.16&#8243; global_colors_info=\u00bb{}\u00bb]<\/p>\n<h4>Desarrollado por la Dra. Janina Fisher<\/h4>\n<p>Las t\u00e9cnicas de Psicoterapia Sensoriomotriz son especialmente adecuadas para clientes con s\u00edntomas y trastornos complejos. Los clientes de trauma complejo y trastorno l\u00edmite de personalidad se benefician del \u00e9nfasis en la atenci\u00f3n plena y el enfoque actual, mientras que los clientes de trastorno disociativo se benefician de trabajar con el cuerpo que es un todo compartido para todas las partes. A pesar de que los clientes m\u00e1s complejos pueden ser f\u00edsico-f\u00f3bicos o tener dificultades con el movimiento y la acci\u00f3n, las t\u00e9cnicas de Psicoterapia Sensoriomotriz se pueden acomodar para adaptarse a sus requisitos especiales. &#8211; Disminuir el ritmo, trabajar con \u00abpedacitos\u00bb de informaci\u00f3n, combinar el trabajo de cuerpo y piezas, aumentar la cantidad de repetici\u00f3n y pr\u00e1ctica contribuyen a expandir la Ventana de Tolerancia.<\/p>\n<p>[\/et_pb_tab][et_pb_tab title=\u00bbEstructura\u00bb _builder_version=\u00bb4.16&#8243; global_colors_info=\u00bb{}\u00bb]La formaci\u00f3n en Trauma complejo y disociaci\u00f3n consta de aproximadamente 50 horas de contacto divididas en 2 a 4 m\u00f3dulos de varios d\u00edas, para un total de 8 d\u00edas. Los m\u00f3dulos suelen estar separados por entre 6 y 8 semanas; las formaciones generalmente se completan en 3 a 6 meses.[\/et_pb_tab][et_pb_tab title=\u00bbTemario\u00bb _builder_version=\u00bb4.16&#8243; global_colors_info=\u00bb{}\u00bb]<\/p>\n<ul>\n<li>Desaf\u00edos en el tratamiento de pacientes con trauma complejo y trastorno disociativo<\/li>\n<li>Estimulaci\u00f3n auton\u00f3mica desregulada<\/li>\n<li>Comportamiento impulsivo e inseguro<\/li>\n<li>Dificultad para conectarse con las emociones y el cuerpo<\/li>\n<li>Compartimentaci\u00f3n disociativa<\/li>\n<li>Dificultad para mantener la conciencia dual<\/li>\n<li>Defensas hipoactivas e hiperactivas<\/li>\n<li>C\u00f3mo abordar las barreras para un tratamiento efectivo<\/li>\n<li>C\u00f3mo aumentar la capacidad del cliente para la atenci\u00f3n plena y la regulaci\u00f3n ascendiente<\/li>\n<li>C\u00f3mo trabajar con el cuerpo con clientes f\u00edsico-f\u00f3bicos<\/li>\n<li>C\u00f3mo superar las reacciones traum\u00e1ticas mediante la pr\u00e1ctica de nuevas acciones<\/li>\n<li>C\u00f3mo ajustar las intervenciones para clientes desregulados<\/li>\n<li>C\u00f3mo facilitar la neuroplasticidad a trav\u00e9s de la repetici\u00f3n y la pr\u00e1ctica<\/li>\n<li>C\u00f3mo resolver conflictos internos que impiden defensas y l\u00edmites saludables<\/li>\n<li>C\u00f3mo trabajar con memoria con clientes desregulados<\/li>\n<li>C\u00f3mo reorganizar respuestas orientativas y defensivas con clientes disociativos<\/li>\n<li>C\u00f3mo ayudar a los clientes desregulados a mantener la conciencia dual<\/li>\n<li>C\u00f3mo procesar la experiencia presente y la memoria impl\u00edcita<\/li>\n<li>C\u00f3mo convertirse en un regulador neurobiol\u00f3gico<\/li>\n<li>Contratransferencia som\u00e1tica<\/li>\n<li>Afinaci\u00f3n y contacto con individuos fragmentados<\/li>\n<li>T\u00e9cnicas regulatorias interactivas para clientes desregulados\/disociativos<\/li>\n<\/ul>\n<p><strong><a href=\"https:\/\/sensorimotorpsychotherapy.org\/es\/admisiones\/educacion-continua\/\">&#8211;<\/a><\/strong><\/p>\n<p>[\/et_pb_tab][et_pb_tab title=\u00bbRequisitos\u00bb _builder_version=\u00bb4.16&#8243; global_colors_info=\u00bb{}\u00bb]<\/p>\n<h4>Los candidatos para la formaci\u00f3n en Trauma complejo y disociaci\u00f3n deben cumplir con cada uno de los siguientes criterios para ser considerados para su inscripci\u00f3n:<\/h4>\n<ul>\n<li>Haber completado con \u00e9xito la Formaci\u00f3n de Nivel I &#8211; Trauma<\/li>\n<li>Recomendaci\u00f3n del orientador de Nivel I<\/li>\n<li>Haber completado la solicitud<\/li>\n<\/ul>\n<p>[\/et_pb_tab][\/et_pb_tabs][\/et_pb_column_inner][\/et_pb_row_inner][\/et_pb_column][et_pb_column type=\u00bb1_4&#8243; _builder_version=\u00bb4.16&#8243; custom_padding=\u00bb|||\u00bb global_colors_info=\u00bb{}\u00bb custom_padding__hover=\u00bb|||\u00bb][et_pb_testimonial author=\u00bbPat Ogden and Janina Fisher\u00bb _builder_version=\u00bb4.16&#8243; global_colors_info=\u00bb{}\u00bb]La inteligencia del cuerpo es en gran medida un recurso sin explotar en psicoterapia, sin embargo, la historia contada por la \u201cnarrativa som\u00e1tica\u201d -gesto, postura, prosodia, expresiones faciales, la mirada y el movimiento- es posiblemente m\u00e1s significativa que la historia contada con palabras.[\/et_pb_testimonial][et_pb_cta title=\u00bbPr\u00f3xima Formaci\u00f3n\u00bb button_url=\u00bbhttps:\/\/account.sensorimotorpsychotherapy.org\/pub\/upcoming-trainings\u00bb button_text=\u00bbM\u00c1S INFORMACI\u00d3N\u00bb admin_label=\u00bbUpcoming Trainings\u00bb module_class=\u00bbCTA-panel rail-panel\u00bb _builder_version=\u00bb4.9.4&#8243; global_module=\u00bb426&#8243; saved_tabs=\u00bball\u00bb global_colors_info=\u00bb{}\u00bb][\/et_pb_cta][et_pb_cta title=\u00bbAdmisiones\u00bb button_url=\u00bbhttps:\/\/sensorimotorpsychotherapy.org\/es\/admisiones\/\u00bb button_text=\u00bbM\u00c1S INFORMACI\u00d3N\u00bb admin_label=\u00bbAdmissions\u00bb module_class=\u00bbCTA-panel rail-panel\u00bb _builder_version=\u00bb4.9.4&#8243; global_module=\u00bb428&#8243; saved_tabs=\u00bball\u00bb global_colors_info=\u00bb{}\u00bb][\/et_pb_cta][et_pb_cta title=\u00bbProfesorado\u00bb button_url=\u00bbhttps:\/\/sensorimotorpsychotherapy.org\/comunidad\/profesorado\/\u00bb button_text=\u00bbM\u00c1S INFORMACI\u00d3N\u00bb admin_label=\u00bbFaculty\u00bb module_class=\u00bbCTA-panel rail-panel\u00bb _builder_version=\u00bb4.9.4&#8243; global_module=\u00bb429&#8243; saved_tabs=\u00bball\u00bb global_colors_info=\u00bb{}\u00bb][\/et_pb_cta][\/et_pb_column][\/et_pb_section]<\/p>\n","protected":false},"excerpt":{"rendered":"<p>Formaci\u00f3n en especialidadesLas formaciones en especialidades son desarrolladas por el profesorado de SPI y dise\u00f1adas para los alumnos de los cursos de formaci\u00f3n en PS. SP para Trauma complejo y disociaci\u00f3n: Desarrollado por la Dra. Janina Fisher SP para Trauma complejo y disociaci\u00f3nDesarrollado por la Dra. Janina Fisher Las t\u00e9cnicas de Psicoterapia Sensoriomotriz son especialmente [&hellip;]<\/p>\n","protected":false},"author":2,"featured_media":0,"parent":1405,"menu_order":0,"comment_status":"closed","ping_status":"open","template":"","meta":{"_acf_changed":false,"_et_pb_use_builder":"on","_et_pb_old_content":"","_et_gb_content_width":"","om_disable_all_campaigns":false,"_monsterinsights_skip_tracking":false,"_monsterinsights_sitenote_active":false,"_monsterinsights_sitenote_note":"","_monsterinsights_sitenote_category":0,"footnotes":""},"class_list":["post-1409","page","type-page","status-publish","hentry"],"acf":[],"_links":{"self":[{"href":"https:\/\/sensorimotorpsychotherapy.org\/es\/wp-json\/wp\/v2\/pages\/1409","targetHints":{"allow":["GET"]}}],"collection":[{"href":"https:\/\/sensorimotorpsychotherapy.org\/es\/wp-json\/wp\/v2\/pages"}],"about":[{"href":"https:\/\/sensorimotorpsychotherapy.org\/es\/wp-json\/wp\/v2\/types\/page"}],"author":[{"embeddable":true,"href":"https:\/\/sensorimotorpsychotherapy.org\/es\/wp-json\/wp\/v2\/users\/2"}],"replies":[{"embeddable":true,"href":"https:\/\/sensorimotorpsychotherapy.org\/es\/wp-json\/wp\/v2\/comments?post=1409"}],"version-history":[{"count":0,"href":"https:\/\/sensorimotorpsychotherapy.org\/es\/wp-json\/wp\/v2\/pages\/1409\/revisions"}],"up":[{"embeddable":true,"href":"https:\/\/sensorimotorpsychotherapy.org\/es\/wp-json\/wp\/v2\/pages\/1405"}],"wp:attachment":[{"href":"https:\/\/sensorimotorpsychotherapy.org\/es\/wp-json\/wp\/v2\/media?parent=1409"}],"curies":[{"name":"wp","href":"https:\/\/api.w.org\/{rel}","templated":true}]}}