{"id":1415,"date":"2020-12-10T17:37:58","date_gmt":"2020-12-11T00:37:58","guid":{"rendered":"https:\/\/sensorimotorpsychotherapy.org\/politica-de-privacidad\/"},"modified":"2020-12-10T17:38:00","modified_gmt":"2020-12-11T00:38:00","slug":"politica-de-privacidad","status":"publish","type":"page","link":"https:\/\/sensorimotorpsychotherapy.org\/es\/politica-de-privacidad\/","title":{"rendered":"Pol\u00edtica de Privacidad"},"content":{"rendered":"&#13;\n<p><strong>Sensorimotor Psychotherapy Institute, LLC (\u00abnosotros\u00bb o \u00abnuestro\u00bb) instituye las condiciones de esta Pol\u00edtica de Privacidad para garantizar que la informaci\u00f3n de identificaci\u00f3n personal<\/strong>(\u00abIIP\u00bb\u201d) se mantenga de una manera segura y responsable. A continuaci\u00f3n, se describe c\u00f3mo recopilamos, usamos y compartimos la IIP obtenida de y sobre las personas que usan el sitio web ubicado en www.sensorimotorpsychotherapy.org (\u00abSitio web\u00bb). La Pol\u00edtica de Privacidad que se detalla a continuaci\u00f3n se aplica solo a la informaci\u00f3n recopilada a trav\u00e9s del Sitio Web y no se aplica a la informaci\u00f3n que podamos recopilar fuera del uso del Sitio Web, como por tel\u00e9fono o por correo electr\u00f3nico o correo ordinario. Al utilizar este Sitio Web, usted acepta la recopilaci\u00f3n y el uso de la informaci\u00f3n que proporciona a este Sitio Web tal y como se describe a continuaci\u00f3n.   <\/p>&#13;\n&#13;\n<p><strong>Informaci\u00f3n Recopilada<\/strong><strong>:<\/strong> Podemos recopilar IIP para fines relacionados con nuestro negocio, para mejorar el contenido del Sitio Web y nuestros servicios, o para cualquier otro prop\u00f3sito comercial. La \u00fanica IIP recopilada de usted nos ha sido enviada y proporcionada voluntariamente a trav\u00e9s de su uso del Sitio Web o en respuesta a solicitudes de informaci\u00f3n. Podemos recopilar dichos datos para el procesamiento necesario para la prestaci\u00f3n de nuestros servicios, tal como se lleva a cabo en nuestros intereses leg\u00edtimos.  <\/p>&#13;\n&#13;\n<ol class=\"list-alpha wp-block-list\">&#13;\n<li>Informaci\u00f3n proporcionada por el usuario. Cuando utilice el Sitio Web, puede proporcionar, y podemos recopilar, IIP. Los tipos de informaci\u00f3n que podemos recopilar incluyen, pero no se limitan, a: nombre, direcci\u00f3n, direcci\u00f3n de correo electr\u00f3nico y n\u00famero de tel\u00e9fono. IIP tambi\u00e9n incluye otra informaci\u00f3n, como \u00e1reas geogr\u00e1ficas o preferencias, cuando dicha informaci\u00f3n est\u00e1 vinculada a informaci\u00f3n que identifica a un individuo espec\u00edfico.   <\/li>&#13;\n<li>Informaci\u00f3n recopilada autom\u00e1ticamente. Cuando utiliza el Sitio Web, podemos registrar autom\u00e1ticamente cierta informaci\u00f3n de su dispositivo mediante el uso de varios tipos de tecnolog\u00eda, incluidas las cookies. Esta informaci\u00f3n \u00abrecopilada autom\u00e1ticamente\u00bb puede incluir la direcci\u00f3n IP u otra direcci\u00f3n o ID del dispositivo, el navegador web y\/o el tipo de dispositivo, las p\u00e1ginas o el contenido con el que ve o interact\u00faa en el Sitio Web, y las fechas y horas de su acceso o uso del Sitio Web.  <\/li>&#13;\n<li>Informaci\u00f3n de otras fuentes. Podemos obtener informaci\u00f3n, incluida IIP, de terceros y fuentes distintas del Sitio Web. Si la informaci\u00f3n de otras fuentes se combina o asocia con IIP recopilada a trav\u00e9s del Sitio Web, esta informaci\u00f3n combinada se tratar\u00e1 como IIP de acuerdo con esta Pol\u00edtica de Privacidad.  <\/li>&#13;\n<\/ol>&#13;\n&#13;\n<p><strong>C\u00f3mo se utiliza la informaci\u00f3n recopilada<\/strong><strong>:<\/strong> podemos usar la informaci\u00f3n que se recopila de diversas maneras al proporcionar el Sitio Web, que incluye, pero no se limita a, lo siguiente:<\/p>&#13;\n&#13;\n<ol class=\"wp-block-list\">&#13;\n<li>Operaciones. Podemos usar IIP para operar, mantener, mejorar y proporcionar todas las caracter\u00edsticas del Sitio Web, para proporcionar los servicios e informaci\u00f3n que usted solicite, para responder a comentarios y preguntas y para proporcionar soporte al usuario. <\/li>&#13;\n<li>Mejoras. Podemos usar la IIP recopilada para comprender y analizar las tendencias y preferencias de uso, para mejorar el Sitio Web y para desarrollar nuevos servicios, caracter\u00edsticas y funcionalidades. <\/li>&#13;\n<li>c. Comunicaciones. Podemos usar IIP para comunicarnos con usted con fines administrativos, como servicio al cliente, actualizaciones sobre pol\u00edticas o t\u00e9rminos y comunicaci\u00f3n relacionada con los servicios. Puede optar por no recibir dichas comunicaciones en cualquier momento a trav\u00e9s de un enlace en el correo electr\u00f3nico que recibe o enviando un correo electr\u00f3nico a outreach@sensorimotor.org.  <\/li>&#13;\n<li>Tecnolog\u00eda de seguimiento y cookies. Podemos utilizar informaci\u00f3n recopilada autom\u00e1ticamente y otra informaci\u00f3n recopilada en el Sitio Web a trav\u00e9s de cookies y tecnolog\u00edas similares para: (i) personalizar los servicios del Sitio Web; (ii) monitorear y analizar la efectividad del Sitio Web; y (iii) monitorear las m\u00e9tricas agregadas de uso del sitio, como el n\u00famero de visitantes y p\u00e1ginas vistas. Obtenga m\u00e1s informaci\u00f3n en nuestra <g id=\"gid_0\">Pol\u00edtica de Cookies<\/g>.     <\/li>&#13;\n<\/ol>&#13;\n&#13;\n<p><strong>C\u00f3mo se comparte la informaci\u00f3n<\/strong><strong>:<\/strong>a excepci\u00f3n de lo descrito en esta Pol\u00edtica de Privacidad, no revelaremos intencionalmente su IIP a terceros sin su consentimiento expl\u00edcito. Podemos revelar informaci\u00f3n a terceros con su consentimiento, as\u00ed como en las siguientes circunstancias: <\/p>&#13;\n&#13;\n<ol class=\"wp-block-list\">&#13;\n<li>Informaci\u00f3n sin restricciones. El contenido generado por usted y publicado en el Sitio Web, o en cualquiera de nuestros sitios de redes sociales asociados, es su responsabilidad \u00fanica y exclusiva y no tenemos ninguna responsabilidad o asociaci\u00f3n o participaci\u00f3n con dicho contenido. Cualquier informaci\u00f3n que usted muestre voluntariamente al p\u00fablico en el Sitio Web estar\u00e1 disponible para cualquier persona que tenga acceso a ese contenido. No podemos y no garantizaremos la seguridad de su contenido generado por el usuario.   <\/li>&#13;\n<li>Proveedores de servicios. En algunos casos, podemos trabajar con proveedores de servicios que proporcionan sitios web, desarrollo de aplicaciones, alojamiento, mantenimiento y otros servicios. Estos terceros pueden tener acceso o procesar IIP como parte de la prestaci\u00f3n de dichos servicios. Limitamos la informaci\u00f3n proporcionada a estos proveedores de servicios a aquella que sea razonablemente necesaria para que desempe\u00f1en sus funciones.   <\/li>&#13;\n<li>c. Informaci\u00f3n que no permite la identificaci\u00f3n personal. Podemos poner a disposici\u00f3n de terceros cierta informaci\u00f3n recopilada autom\u00e1ticamente, agregada o de otro modo no identificable personalmente para diversos fines, incluidos: (i) cumplimiento de las obligaciones de informaci\u00f3n; y (ii) fines comerciales o de marketing.   <\/li>&#13;\n<li>Cumplimiento de la ley. Podemos divulgar IIP u otra informaci\u00f3n si as\u00ed lo requiere la ley o en la creencia de buena fe de que dicha acci\u00f3n es necesaria para cumplir con las leyes aplicables, en respuesta a una orden judicial v\u00e1lida, citaci\u00f3n judicial u otra orden u orden gubernamental, o para cooperar de otra manera con las fuerzas del orden u otras agencias gubernamentales. Tambi\u00e9n nos reservamos el derecho de divulgar IIP u otra informaci\u00f3n que creamos, de buena fe, que sea apropiada o necesaria para: (i) tomar precauciones contra la responsabilidad; (ii) proteger contra usos o actividades fraudulentas, abusivas o ilegales; (iii) investigar y defendernos contra reclamos o alegaciones de terceros; o (iv) proteger nuestra propiedad u otros derechos legales, hacer cumplir nuestros contratos o proteger los derechos, la propiedad o la seguridad de terceros.      <\/li>&#13;\n<li>Cambio en la estructura\/titularidad. La informaci\u00f3n, incluida la IIP, puede divulgarse y transferirse de otro modo a un adquirente, sucesor o cesionario como parte de cualquier fusi\u00f3n, adquisici\u00f3n, financiaci\u00f3n de deuda, venta de activos o transacci\u00f3n similar, as\u00ed como en caso de insolvencia, quiebra o administraci\u00f3n judicial en la que la informaci\u00f3n se transfiera a uno o m\u00e1s terceros como uno de nuestros activos comerciales y solo si el destinatario de la IIP se compromete a una pol\u00edtica de privacidad que tenga condiciones sustancialmente consistentes con esta Pol\u00edtica de Privacidad. <\/li>&#13;\n<\/ol>&#13;\n&#13;\n<p><strong>Sus derechos<\/strong><strong>:<\/strong> Respetamos sus derechos de privacidad y le proporcionamos un acceso razonable a la IIP que puede haber proporcionado a trav\u00e9s de su uso del Sitio Web. Si desea acceder o modificar cualquier informaci\u00f3n o IIP que tengamos sobre usted, puede ponerse en contacto con nosotros tal y como se establece en la secci\u00f3n \u00abContacto\u00bb. A petici\u00f3n suya, eliminaremos o bloquearemos de nuestros registros cualquier referencia relacionada a usted. Podemos retener cierta informaci\u00f3n que env\u00ede para copias de seguridad, archivo, prevenci\u00f3n de fraude y abuso, an\u00e1lisis, cumplimiento de obligaciones legales o cuando creamos razonablemente que hay una raz\u00f3n leg\u00edtima para hacerlo. Usted puede, en cualquier momento, negarse a compartir cierta IIP con nosotros, en cuyo caso es posible que no podamos proporcionarle algunas de las caracter\u00edsticas y funcionalidades del Sitio Web.    <\/p>&#13;\n&#13;\n<p>En cualquier momento, puede oponerse al procesamiento de su IIP, por motivos leg\u00edtimos, excepto si la ley aplicable permite lo contrario. Siempre tendr\u00e1 derecho a presentar una queja ante las autoridades de protecci\u00f3n de datos. Si recibe correos electr\u00f3nicos comerciales de nuestra parte, puede darse de baja en cualquier momento poni\u00e9ndose en contacto con nosotros en outreach@sensorimotor.org. Tenga en cuenta que se puede tardar hasta 10 d\u00edas h\u00e1biles en procesar su solicitud. Adem\u00e1s, incluso despu\u00e9s de optar por no recibir mensajes comerciales, puede continuar recibiendo mensajes administrativos relacionados con el Sitio Web.    <\/p>&#13;\n&#13;\n<p><strong>Sitios Web de Terceros<\/strong><strong>:<\/strong> esta Pol\u00edtica de Privacidad se aplica solo al Sitio Web y no a los sitios web de socios, afiliados u otros terceros. Es posible que se le exija aceptar pol\u00edticas adicionales antes de su uso de los enlaces accedidos a trav\u00e9s del Sitio Web. No somos responsables del contenido o de las pr\u00e1cticas y pol\u00edticas de privacidad y seguridad de sitios o servicios de terceros a los que se proporcionan enlaces o acceso a trav\u00e9s del Sitio Web. Le animamos a conocer las pol\u00edticas de privacidad y seguridad de terceros antes de proporcionarles informaci\u00f3n.   <\/p>&#13;\n&#13;\n<p><strong>Servidores de terceros<\/strong><strong>:<\/strong> Cierta informaci\u00f3n almacenada o transmitida por nosotros en virtud de la presente, incluyendo IIP, puede ser almacenada, administrada o procesada de otra manera por terceros. Usted entiende y acepta que no somos responsables por la informaci\u00f3n comunicada a o a trav\u00e9s de servidores de terceros y, por la presente, usted nos libera de cualquier responsabilidad asociada consistente con las indemnizaciones, limitaciones de responsabilidad y pol\u00edtica de privacidad incluidas en este documento. Si est\u00e1 ubicado en la Uni\u00f3n Europea o el \u00c1rea Econ\u00f3mica Europea, tenga en cuenta que no transferiremos informaci\u00f3n, incluida la IIP, a un pa\u00eds fuera de la Uni\u00f3n Europea o el \u00c1rea Econ\u00f3mica Europea.  <\/p>&#13;\n&#13;\n<p><strong>Seguridad de datos<\/strong><strong>:<\/strong> seguimos est\u00e1ndares generalmente aceptados para proteger la informaci\u00f3n que se nos env\u00eda, tanto durante la transmisi\u00f3n como una vez que la recibimos. Mantenemos medidas de seguridad administrativas, t\u00e9cnicas y f\u00edsicas apropiadas para proteger la IIP contra la destrucci\u00f3n accidental o il\u00edcita, p\u00e9rdida accidental, alteraci\u00f3n no autorizada, divulgaci\u00f3n o acceso no autorizado, uso indebido y cualquier otra forma il\u00edcita de procesamiento de la IIP en nuestra posesi\u00f3n. Esto puede incluir, por ejemplo, cortafuegos, tecnolog\u00eda SSL, caracter\u00edsticas de seguridad de capa de aplicaci\u00f3n, protecci\u00f3n con contrase\u00f1a y otros controles de acceso y autenticaci\u00f3n. Sin embargo, ning\u00fan m\u00e9todo de transmisi\u00f3n a trav\u00e9s de Internet, o m\u00e9todo de almacenamiento electr\u00f3nico, es 100% seguro. No podemos asegurar o garantizar la seguridad de cualquier informaci\u00f3n que nos transmita, por lo que lo hace bajo su propio riesgo. Asimismo, no podemos garantizar que dicha informaci\u00f3n no pueda ser divulgada, alterada, destruida o que se tenga acceso a la misma al traspasar ilegalmente cualquiera de nuestras medidas de seguridad f\u00edsicas, t\u00e9cnicas o administrativas. Si cree que su IIP se ha visto comprometida, p\u00f3ngase en contacto con nosotros en la direcci\u00f3n proporcionada en la secci\u00f3n \u00abContacto\u00bb. Si descubrimos una violaci\u00f3n de los sistemas de seguridad, le informaremos a usted y a las autoridades de lo ocurrido respecto a la infracci\u00f3n de conformidad con la legislaci\u00f3n vigente.       <\/p>&#13;\n&#13;\n<p><strong>Retenci\u00f3n de datos<\/strong><strong>:<\/strong> solo retenemos la IIP recopilada de usted durante un per\u00edodo limitado de tiempo siempre que necesitemos dichos datos para cumplir con los fines para los que se recopilaron inicialmente, a menos que la ley exija lo contrario. Conservaremos y utilizaremos la informaci\u00f3n seg\u00fan sea necesario para cumplir con las obligaciones legales, la resoluci\u00f3n de disputas y el cumplimiento de nuestros acuerdos. <\/p>&#13;\n&#13;\n<p><strong>Privacidad UE-EE.UU.<\/strong><strong>:<\/strong> Hacemos todos los esfuerzos razonables para cumplir con el marco del Reglamento General de Protecci\u00f3n de Datos de la UE establecido por la Uni\u00f3n Europea con respecto a la recopilaci\u00f3n, uso y conservaci\u00f3n de datos personales de los pa\u00edses miembros de la Uni\u00f3n Europea. Cumplimos con los requisitos de notificaci\u00f3n, elecci\u00f3n, transferencia posterior, seguridad, integridad de los datos, acceso y cumplimiento. <\/p>&#13;\n&#13;\n<p><strong>Residentes de California<\/strong>: La California Consumer Privacy Act (Ley de Privacidad del Consumidor de California) otorga a algunos residentes de California los derechos adicionales que se enumeran a continuaci\u00f3n.<\/p>&#13;\n&#13;\n<ol class=\"wp-block-list\">&#13;\n<li>Derecho a la informaci\u00f3n. Tiene el derecho de saber y ver qu\u00e9 datos hemos recopilado sobre usted en los \u00faltimos 12 meses, incluidos: \n\n<ol>&#13;\n<li>Las categor\u00edas de informaci\u00f3n personal que recopilamos sobre usted;<\/li>&#13;\n<li>Las categor\u00edas de fuentes de las que se recopila la informaci\u00f3n personal;<\/li>&#13;\n<li>El prop\u00f3sito comercial o empresarial para recopilar su informaci\u00f3n personal;<\/li>&#13;\n<li>Las categor\u00edas de terceros con los que hemos compartido su informaci\u00f3n personal; y<\/li>&#13;\n<li>Las partes espec\u00edficas de informaci\u00f3n personal que recopilamos sobre usted.<\/li>&#13;\n<\/ol><\/li>&#13;\n<li>Derecho de eliminaci\u00f3n. Tiene el derecho a solicitar que eliminemos la informaci\u00f3n personal que hemos recopilado de usted (y pedir que nuestros proveedores de servicios hagan lo mismo). Existen varias excepciones, sin embargo, que incluyen, pero no se limitan a, cuando la informaci\u00f3n es necesaria para que nosotros o un tercero pueda hacer cualquiera de las siguientes:  \n\n<ol>&#13;\n<li>Completar una transacci\u00f3n;<\/li>&#13;\n<li>Suministrarle un bien o servicio:<\/li>&#13;\n<li>Ejecutar un contrato entre nosotros y usted;<\/li>&#13;\n<li>Proteger su seguridad y procesar a los responsables de violarla;<\/li>&#13;\n<li>Arreglar nuestro sistema en caso de un error, virus o malware;<\/li>&#13;\n<li>Proteger los derechos de libertad de expresi\u00f3n tanto de usted mismo como de otros usuarios;<\/li>&#13;\n<li>Cumplir con la Ley de Privacidad de Comunicaciones Electr\u00f3nicas de California (California Electronic Communications Privacy Act) (Cal. C\u00f3digo Penal \u00a71546 et seq.);<\/li>&#13;\n<li>Participar en investigaciones cient\u00edficas, hist\u00f3ricas o estad\u00edsticas p\u00fablicas o revisadas por compa\u00f1eros en el inter\u00e9s p\u00fablico que se adhieran a todas las dem\u00e1s leyes de \u00e9tica y privacidad aplicables;<\/li>&#13;\n<li>Cumplir con una obligaci\u00f3n legal; o<\/li>&#13;\n<li>Hacer otros usos internos y l\u00edcitos de la informaci\u00f3n que sean compatibles con el contexto en el que la proporcion\u00f3.<\/li>&#13;\n<\/ol><\/li>&#13;\n<li>Otros derechos. Puede solicitar cierta informaci\u00f3n sobre cualquier divulgaci\u00f3n de informaci\u00f3n personal a terceros para sus propios fines de marketing directo durante el a\u00f1o calendario anterior. Esta solicitud es gratuita y se puede realizar una vez al a\u00f1o. Tambi\u00e9n tiene derecho a no ser discriminado por ejercer cualquiera de los derechos enumerados anteriormente.   <\/li>&#13;\n<li>C\u00f3mo ejercer sus Derechos de Privacidad en California. Para solicitar el acceso o la eliminaci\u00f3n de su IIP, o para ejercer cualquier otro derecho de datos bajo la ley de California, p\u00f3ngase en contacto con nosotros tal y como se establece en la secci\u00f3n \u00abContacto\u00bb <\/li>&#13;\n<\/ol>&#13;\n&#13;\n<p><strong>Cambios y actualizaciones a esta Pol\u00edtica de Privacidad<\/strong><strong>:<\/strong> Vuelva a visitar esta p\u00e1gina peri\u00f3dicamente para mantenerse al tanto de cualquier cambio en esta Pol\u00edtica de Privacidad, que podemos actualizar de vez en cuando. Si modificamos la Pol\u00edtica de Privacidad, proporcionaremos un aviso en el Sitio Web, indicaremos la fecha de la \u00faltima revisi\u00f3n y cumpliremos con la ley aplicable. Su uso continuo del Sitio Web despu\u00e9s de que la Pol\u00edtica de Privacidad revisada haya entrado en vigor indica que ha le\u00eddo, entendido y aceptado la versi\u00f3n actual de la Pol\u00edtica de Privacidad.   <\/p>&#13;\n&#13;\n<p><strong>Contacto<\/strong><strong>:<\/strong> Si tiene cualquier pregunta con respecto a esta pol\u00edtica de privacidad, p\u00f3ngase en contacto con:<\/p>&#13;\n&#13;\n<p>Sensorimotor Psychotherapy Institute<br\/>outreach@sensorimotor.org<br\/>805 Burbank Street<br\/>Broomfield, Colorado 80020<br\/>EE.UU.<\/p>&#13;\n","protected":false},"excerpt":{"rendered":"<p>&#13; Sensorimotor Psychotherapy Institute, LLC (\u00abnosotros\u00bb o \u00abnuestro\u00bb) instituye las condiciones de esta Pol\u00edtica de Privacidad para garantizar que la informaci\u00f3n de identificaci\u00f3n personal(\u00abIIP\u00bb\u201d) se mantenga de una manera segura y responsable. A continuaci\u00f3n, se describe c\u00f3mo recopilamos, usamos y compartimos la IIP obtenida de y sobre las personas que usan el sitio web ubicado [&hellip;]<\/p>\n","protected":false},"author":2,"featured_media":0,"parent":0,"menu_order":0,"comment_status":"closed","ping_status":"open","template":"","meta":{"_acf_changed":false,"_et_pb_use_builder":"","_et_pb_old_content":"","_et_gb_content_width":"","om_disable_all_campaigns":false,"_monsterinsights_skip_tracking":false,"_monsterinsights_sitenote_active":false,"_monsterinsights_sitenote_note":"","_monsterinsights_sitenote_category":0,"footnotes":""},"class_list":["post-1415","page","type-page","status-publish","hentry"],"acf":[],"_links":{"self":[{"href":"https:\/\/sensorimotorpsychotherapy.org\/es\/wp-json\/wp\/v2\/pages\/1415","targetHints":{"allow":["GET"]}}],"collection":[{"href":"https:\/\/sensorimotorpsychotherapy.org\/es\/wp-json\/wp\/v2\/pages"}],"about":[{"href":"https:\/\/sensorimotorpsychotherapy.org\/es\/wp-json\/wp\/v2\/types\/page"}],"author":[{"embeddable":true,"href":"https:\/\/sensorimotorpsychotherapy.org\/es\/wp-json\/wp\/v2\/users\/2"}],"replies":[{"embeddable":true,"href":"https:\/\/sensorimotorpsychotherapy.org\/es\/wp-json\/wp\/v2\/comments?post=1415"}],"version-history":[{"count":0,"href":"https:\/\/sensorimotorpsychotherapy.org\/es\/wp-json\/wp\/v2\/pages\/1415\/revisions"}],"wp:attachment":[{"href":"https:\/\/sensorimotorpsychotherapy.org\/es\/wp-json\/wp\/v2\/media?parent=1415"}],"curies":[{"name":"wp","href":"https:\/\/api.w.org\/{rel}","templated":true}]}}