{"id":1417,"date":"2020-12-10T18:48:38","date_gmt":"2020-12-11T01:48:38","guid":{"rendered":"https:\/\/sensorimotorpsychotherapy.org\/pagina-principal\/"},"modified":"2022-04-11T11:34:43","modified_gmt":"2022-04-11T17:34:43","slug":"pagina-principal","status":"publish","type":"page","link":"https:\/\/sensorimotorpsychotherapy.org\/es\/","title":{"rendered":"P\u00e1gina principal"},"content":{"rendered":"<p>[et_pb_section fb_built=\u00bb1&#8243; fullwidth=\u00bbon\u00bb _builder_version=\u00bb4.16&#8243; collapsed=\u00bboff\u00bb global_colors_info=\u00bb{}\u00bb][et_pb_fullwidth_slider _builder_version=\u00bb4.17.0&#8243; header_font_size=\u00bb50px\u00bb body_text_align=\u00bbleft\u00bb text_orientation=\u00bbleft\u00bb width=\u00bb100%\u00bb content_max_width=\u00bb1200px\u00bb custom_padding=\u00bb100px|50%|120px|5%|false|false\u00bb custom_padding_tablet=\u00bb|10%|||false|false\u00bb custom_padding_phone=\u00bb\u00bb custom_padding_last_edited=\u00bbon|desktop\u00bb hover_enabled=\u00bb0&#8243; global_colors_info=\u00bb{}\u00bb sticky_enabled=\u00bb0&#8243;][et_pb_slide heading=\u00bbPor Que El Cuerpo\u00bb button_text=\u00bbVer Video\u00bb button_link=\u00bbhttps:\/\/youtu.be\/g9-sx-UYY9E\u00bb url_new_window=\u00bbon\u00bb _builder_version=\u00bb4.16&#8243; header_font=\u00bb|700||on|||||\u00bb header_font_size=\u00bb30px\u00bb header_letter_spacing=\u00bb0px\u00bb use_background_color_gradient=\u00bbon\u00bb background_color_gradient_direction=\u00bb270deg\u00bb background_color_gradient_stops=\u00bbrgba(0,0,0,0) 20%|#007572 75%\u00bb background_color_gradient_overlays_image=\u00bbon\u00bb background_color_gradient_start=\u00bbrgba(0,0,0,0)\u00bb background_color_gradient_start_position=\u00bb20%\u00bb background_color_gradient_end=\u00bb#007572&#8243; background_color_gradient_end_position=\u00bb75%\u00bb background_image=\u00bbhttps:\/\/sensorimotor.wpengine.com\/wp-content\/uploads\/2020\/01\/hero-1.jpg\u00bb background_enable_image=\u00bbon\u00bb global_colors_info=\u00bb{}\u00bb sticky_transition=\u00bbon\u00bb]<\/p>\n<p>\u00bfLuchas para ayudar a clientes adormecidos y desconectados que no pueden sentir emociones o explorar la experiencia interna? Aprenda un enfoque integral para conceptualizar las preocupaciones de sus clientes. Psicoterapia Sensoriomotora incluye de manera \u00fanica el cuerpo en la terapia como fuente de informaci\u00f3n y como objetivo para la intervenci\u00f3n. Vaya m\u00e1s all\u00e1 de las teor\u00edas y obtenga formas pr\u00e1cticas para abrir una nueva dimensi\u00f3n para la terapia efectiva.<\/p>\n<p>[\/et_pb_slide][et_pb_slide heading=\u00bbEn Solidaridad y Acci\u00f3n por la Justicia\u00bb button_text=\u00bbM\u00c1S INFORMACI\u00d3N\u00bb button_link=\u00bbhttps:\/\/anti-racism-spi.pages.ontraport.net\/\u00bb url_new_window=\u00bbon\u00bb _builder_version=\u00bb4.16&#8243; header_level=\u00bbh2&#8243; header_font=\u00bb|700||on|||||\u00bb header_text_align=\u00bbleft\u00bb header_font_size=\u00bb30px\u00bb use_background_color_gradient=\u00bbon\u00bb background_color_gradient_direction=\u00bb270deg\u00bb background_color_gradient_stops=\u00bbrgba(0,0,0,0) 12%|#007572 58%\u00bb background_color_gradient_overlays_image=\u00bbon\u00bb background_color_gradient_start=\u00bbrgba(0,0,0,0)\u00bb background_color_gradient_start_position=\u00bb12%\u00bb background_color_gradient_end=\u00bb#007572&#8243; background_color_gradient_end_position=\u00bb58%\u00bb background_image=\u00bbhttps:\/\/sensorimotorpsychotherapy.org\/wp-content\/uploads\/2020\/06\/Unity-And-Diversity-1182368541_1459x722.jpeg\u00bb background_enable_image=\u00bbon\u00bb global_colors_info=\u00bb{}\u00bb sticky_transition=\u00bbon\u00bb]<\/p>\n<p>Nos solidarizamos con la comunidad afroamericana, con los ind\u00edgenas y las personas de color en general, y con todos aquellos que luchan por la reforma y la justicia en los Estados Unidos y en todo el mundo. Unimos nuestras voces a los manifestantes para denunciar la brutalidad policial, la violencia racial y la opresi\u00f3n sist\u00e9mica en todas sus formas. Descubra lo que estamos haciendo y explore recursos gratuitos para apoyar un cambio en nuestra comunidad.<\/p>\n<p>[\/et_pb_slide][et_pb_slide heading=\u00bbApoyar a Ucrania\u00bb button_text=\u00bbM\u00c1S INFORMACI\u00d3N\u00bb button_link=\u00bbhttps:\/\/sensorimotorpsychotherapy.org\/standing-with-ukraine\/\u00bb url_new_window=\u00bbon\u00bb use_bg_overlay=\u00bboff\u00bb _builder_version=\u00bb4.17.0&#8243; header_level=\u00bbh2&#8243; header_font=\u00bb|700||on|||||\u00bb header_text_align=\u00bbleft\u00bb header_font_size=\u00bb30px\u00bb use_background_color_gradient=\u00bbon\u00bb background_color_gradient_direction=\u00bb270deg\u00bb background_color_gradient_stops=\u00bbrgba(0,0,0,0) 12%|#007572 58%\u00bb background_color_gradient_overlays_image=\u00bbon\u00bb background_color_gradient_start=\u00bbrgba(0,0,0,0)\u00bb background_color_gradient_start_position=\u00bb12%\u00bb background_color_gradient_end=\u00bb#007572&#8243; background_color_gradient_end_position=\u00bb58%\u00bb background_image=\u00bbhttps:\/\/sensorimotorpsychotherapy.org\/wp-content\/uploads\/2022\/04\/imgonline-com-ua-resize-9xAnuTpYnaPzO.jpg\u00bb background_enable_image=\u00bbon\u00bb background_position=\u00bbtop_center\u00bb hover_enabled=\u00bb0&#8243; global_colors_info=\u00bb{}\u00bb sticky_transition=\u00bbon\u00bb sticky_enabled=\u00bb0&#8243; title_text=\u00bbheart made of blue and yellow flowers in the hands of a child.\u00bb]<\/p>\n<p>Nos solidarizamos con la comunidad Ucraniana y nuestros socios globales contra la devastaci\u00f3n sufrida por el pueblo Ucraniano. Estamos reuniendo a nuestros l\u00edderes de opini\u00f3n para ofrecer apoyo gratuito a los afectados por la crisis en Ucrania. &#8211;<\/p>\n<p>[\/et_pb_slide][\/et_pb_fullwidth_slider][\/et_pb_section][et_pb_section fb_built=\u00bb1&#8243; _builder_version=\u00bb4.16&#8243; custom_padding=\u00bb50px||||false|false\u00bb global_colors_info=\u00bb{}\u00bb][et_pb_row _builder_version=\u00bb4.16&#8243; custom_margin=\u00bb||0px||false|false\u00bb custom_padding=\u00bb||0px||false|false\u00bb global_colors_info=\u00bb{}\u00bb][et_pb_column type=\u00bb4_4&#8243; _builder_version=\u00bb4.16&#8243; global_colors_info=\u00bb{}\u00bb][et_pb_text _builder_version=\u00bb4.16&#8243; global_colors_info=\u00bb{}\u00bb]<\/p>\n<h2 style=\"text-align: center;\">Aprenda a Trabajar con la Sabidur\u00eda del Cuerpo<\/h2>\n<p>[\/et_pb_text][\/et_pb_column][\/et_pb_row][et_pb_row column_structure=\u00bb1_3,1_3,1_3&#8243; use_custom_gutter=\u00bbon\u00bb gutter_width=\u00bb2&#8243; make_equal=\u00bbon\u00bb _builder_version=\u00bb4.16&#8243; global_colors_info=\u00bb{}\u00bb][et_pb_column type=\u00bb1_3&#8243; _builder_version=\u00bb4.16&#8243; background_color=\u00bb#3d4042&#8243; background_image=\u00bbhttps:\/\/sensorimotor.wpengine.com\/wp-content\/uploads\/2020\/05\/background-webinar2.png\u00bb custom_padding=\u00bb30px||40px||false|false\u00bb animation_style=\u00bbfade\u00bb box_shadow_style=\u00bbpreset3&#8243; global_colors_info=\u00bb{}\u00bb][et_pb_image src=\u00bbhttps:\/\/sensorimotor.wpengine.com\/wp-content\/uploads\/2020\/05\/webinars-fin.png\u00bb title_text=\u00bbwebinars-fin\u00bb show_bottom_space=\u00bboff\u00bb align=\u00bbcenter\u00bb _builder_version=\u00bb4.16&#8243; global_colors_info=\u00bb{}\u00bb][\/et_pb_image][et_pb_text _builder_version=\u00bb4.16&#8243; text_font=\u00bb|||on|||||\u00bb background_layout=\u00bbdark\u00bb custom_margin=\u00bb5px||10px||false|false\u00bb global_colors_info=\u00bb{}\u00bb]<\/p>\n<h3 style=\"text-align: center;\">Webcasts y seminarios digitales<\/h3>\n<p>[\/et_pb_text][et_pb_button button_url=\u00bbhttps:\/\/sensorimotorpsychotherapy.org\/es\/plan-de-estudios\/programas-en-linea\/\u00bb button_text=\u00bbM\u00c1S INFORMACI\u00d3N\u00bb button_alignment=\u00bbcenter\u00bb _builder_version=\u00bb4.16&#8243; custom_button=\u00bbon\u00bb button_text_color=\u00bb#000000&#8243; button_bg_color=\u00bb#1fb2ab\u00bb button_border_color=\u00bb#1fb2ab\u00bb custom_margin=\u00bb0px||||false|false\u00bb global_colors_info=\u00bb{}\u00bb][\/et_pb_button][\/et_pb_column][et_pb_column type=\u00bb1_3&#8243; _builder_version=\u00bb4.16&#8243; background_color=\u00bb#3d4042&#8243; background_image=\u00bbhttps:\/\/sensorimotor.wpengine.com\/wp-content\/uploads\/2020\/05\/background-training-fin.png\u00bb custom_padding=\u00bb30px||40px||false|false\u00bb animation_style=\u00bbfade\u00bb box_shadow_style=\u00bbpreset3&#8243; global_colors_info=\u00bb{}\u00bb][et_pb_image src=\u00bbhttps:\/\/sensorimotor.wpengine.com\/wp-content\/uploads\/2020\/01\/icon-training.png\u00bb show_bottom_space=\u00bboff\u00bb align=\u00bbcenter\u00bb _builder_version=\u00bb4.16&#8243; global_colors_info=\u00bb{}\u00bb][\/et_pb_image][et_pb_text _builder_version=\u00bb4.16&#8243; text_font=\u00bb|||on|||||\u00bb background_layout=\u00bbdark\u00bb custom_margin=\u00bb5px||10px||false|false\u00bb global_colors_info=\u00bb{}\u00bb]<\/p>\n<h3 style=\"text-align: center;\">Profesional<br \/>Programa de Formaci\u00f3n<\/h3>\n<p>[\/et_pb_text][et_pb_button button_url=\u00bbhttps:\/\/sensorimotorpsychotherapy.org\/es\/plan-de-estudios\/\u00bb button_text=\u00bbM\u00c1S INFORMACI\u00d3N\u00bb button_alignment=\u00bbcenter\u00bb _builder_version=\u00bb4.16&#8243; custom_button=\u00bbon\u00bb button_text_color=\u00bb#000000&#8243; button_bg_color=\u00bb#93a444&#8243; button_border_color=\u00bb#93a444&#8243; custom_margin=\u00bb0px||||false|false\u00bb global_colors_info=\u00bb{}\u00bb][\/et_pb_button][\/et_pb_column][et_pb_column type=\u00bb1_3&#8243; _builder_version=\u00bb4.16&#8243; background_color=\u00bb#3d4042&#8243; background_image=\u00bbhttps:\/\/sensorimotor.wpengine.com\/wp-content\/uploads\/2020\/05\/background-course-calendar.png\u00bb custom_padding=\u00bb30px||40px||false|false\u00bb animation_style=\u00bbfade\u00bb box_shadow_style=\u00bbpreset3&#8243; global_colors_info=\u00bb{}\u00bb][et_pb_image src=\u00bbhttps:\/\/sensorimotor.wpengine.com\/wp-content\/uploads\/2020\/01\/icon-catalog.png\u00bb show_bottom_space=\u00bboff\u00bb align=\u00bbcenter\u00bb _builder_version=\u00bb4.16&#8243; global_colors_info=\u00bb{}\u00bb][\/et_pb_image][et_pb_text _builder_version=\u00bb4.16&#8243; text_font=\u00bb|||on|||||\u00bb background_layout=\u00bbdark\u00bb custom_margin=\u00bb5px||10px||false|false\u00bb global_colors_info=\u00bb{}\u00bb]<\/p>\n<h3 style=\"text-align: center;\">Curso<br \/>Cat\u00e1logo<\/h3>\n<p>[\/et_pb_text][et_pb_button button_url=\u00bbhttps:\/\/sensorimotorpsychotherapy.org\/es\/calendario\/\u00bb button_text=\u00bbM\u00c1S INFORMACI\u00d3N\u00bb button_alignment=\u00bbcenter\u00bb _builder_version=\u00bb4.16&#8243; custom_button=\u00bbon\u00bb button_text_color=\u00bb#000000&#8243; button_bg_color=\u00bb#ded85e\u00bb button_border_color=\u00bb#ded85e\u00bb custom_margin=\u00bb0px||||false|false\u00bb global_colors_info=\u00bb{}\u00bb][\/et_pb_button][\/et_pb_column][\/et_pb_row][\/et_pb_section][et_pb_section fb_built=\u00bb1&#8243; _builder_version=\u00bb4.16&#8243; use_background_color_gradient=\u00bbon\u00bb background_color_gradient_direction=\u00bb90deg\u00bb background_color_gradient_stops=\u00bb#ded85e 0%|#cdc37b 100%\u00bb background_color_gradient_start=\u00bb#ded85e\u00bb background_color_gradient_end=\u00bb#cdc37b\u00bb box_shadow_style=\u00bbpreset6&#8243; global_colors_info=\u00bb{}\u00bb][et_pb_row column_structure=\u00bb1_2,1_2&#8243; make_equal=\u00bbon\u00bb _builder_version=\u00bb4.16&#8243; module_alignment=\u00bbcenter\u00bb global_colors_info=\u00bb{}\u00bb][et_pb_column type=\u00bb1_2&#8243; _builder_version=\u00bb4.16&#8243; global_colors_info=\u00bb{}\u00bb][et_pb_text module_class=\u00bbvertical-center\u00bb _builder_version=\u00bb4.16&#8243; animation_style=\u00bbfade\u00bb global_colors_info=\u00bb{}\u00bb]<\/p>\n<h2>Descubra un Enfoque Unificado para la Curaci\u00f3n<\/h2>\n<p>El cuerpo lleva el legado del trauma y la din\u00e1mica del apego en h\u00e1bitos procedimentales de movimiento, postura y regulaci\u00f3n del sistema nervioso que pueden mantener a los clientes atrapados en el pasado. Psicoterapia Sensoriomotora (PS) incorpora activamente la conciencia del cuerpo en la pr\u00e1ctica cl\u00ednica, centr\u00e1ndose en los h\u00e1bitos de acci\u00f3n f\u00edsica, la desregulaci\u00f3n auton\u00f3mica y la postura. Al abordar los efectos f\u00edsicos y psicol\u00f3gicos de la experiencia adversa en la mente y el cuerpo, SP respalda un enfoque profundo, efectivo y unificado para la curaci\u00f3n.<\/p>\n<p><a href=\"https:\/\/sensorimotorpsychotherapy.org\/es\/quienes-somos\/\"><strong>M\u00c1S INFORMACI\u00d3N &gt;<\/strong><\/a><\/p>\n<p>[\/et_pb_text][\/et_pb_column][et_pb_column type=\u00bb1_2&#8243; _builder_version=\u00bb4.16&#8243; global_colors_info=\u00bb{}\u00bb][et_pb_video src=\u00bbhttps:\/\/vimeo.com\/573116522&#8243; _builder_version=\u00bb4.16&#8243; _module_preset=\u00bbdefault\u00bb global_colors_info=\u00bb{}\u00bb][\/et_pb_video][\/et_pb_column][\/et_pb_row][\/et_pb_section][et_pb_section fb_built=\u00bb1&#8243; _builder_version=\u00bb4.16&#8243; global_colors_info=\u00bb{}\u00bb][et_pb_row _builder_version=\u00bb4.16&#8243; custom_margin=\u00bb||0px||false|false\u00bb custom_padding=\u00bb||0px||false|false\u00bb global_colors_info=\u00bb{}\u00bb][et_pb_column type=\u00bb4_4&#8243; _builder_version=\u00bb4.16&#8243; global_colors_info=\u00bb{}\u00bb][et_pb_text _builder_version=\u00bb4.16&#8243; global_colors_info=\u00bb{}\u00bb]<\/p>\n<h2 style=\"text-align: center;\">Lo Que la Gente Esta Diciendo<\/h2>\n<p>[\/et_pb_text][\/et_pb_column][\/et_pb_row][et_pb_row _builder_version=\u00bb4.16&#8243; module_alignment=\u00bbcenter\u00bb animation_style=\u00bbfade\u00bb global_colors_info=\u00bb{}\u00bb][et_pb_column type=\u00bb4_4&#8243; _builder_version=\u00bb4.16&#8243; global_colors_info=\u00bb{}\u00bb][dica_divi_carousel show_items_desktop=\u00bb2&#8243; show_items_tablet=\u00bb2&#8243; loop=\u00bbon\u00bb autoplay=\u00bbon\u00bb hoverpause=\u00bbon\u00bb autoplay_speed=\u00bb2000&#8243; arrow_nav=\u00bbon\u00bb item_spacing=\u00bb0&#8243; equal_height=\u00bbon\u00bb advanced_effect=\u00bb1&#8243; arrow_position=\u00bbmiddle-outside\u00bb arrow_alignment=\u00bbcenter\u00bb text_padding=\u00bb|50px||50px|false|false\u00bb _builder_version=\u00bb4.16&#8243; hover_transition_duration=\u00bb700ms\u00bb hover_transition_delay=\u00bb100ms\u00bb global_colors_info=\u00bb{}\u00bb][dica_divi_carouselitem button_url_new_window=\u00bb1&#8243; use_icon=\u00bbon\u00bb font_icon=\u00bb&#xe06a;||divi||400&#8243; icon_color=\u00bb#007572&#8243; content_padding=\u00bb10px||||false|false\u00bb _builder_version=\u00bb4.16&#8243; global_colors_info=\u00bb{}\u00bb]<\/p>\n<p>Pat Ogden y sus colegas son una de las fuentes m\u00e1s creativas y prominentes de modelos cl\u00ednicos informados desde el punto de vista neurobiol\u00f3gico, psicodin\u00e1mico y del desarrollo en el mundo en expansi\u00f3n de la psicoterapia centrada en lo som\u00e1tico.<\/p>\n<p><strong>\u2013 Allan Shore, PhD, autora de<\/strong> <strong><em>Affect Regulation and the Origin of Self<\/em><\/strong><\/p>\n<p>[\/dica_divi_carouselitem][dica_divi_carouselitem button_url_new_window=\u00bb1&#8243; use_icon=\u00bbon\u00bb font_icon=\u00bb&#xe06a;||divi||400&#8243; icon_color=\u00bb#007572&#8243; content_padding=\u00bb10px||||false|false\u00bb _builder_version=\u00bb4.16&#8243; global_colors_info=\u00bb{}\u00bb]<\/p>\n<p>Tejer la teor\u00eda y la pr\u00e1ctica de la psicoterapia sensoriomotora en modelos psicodin\u00e1micos o cognitivo-conductuales de terapia, incluidos EMDR y tratamientos de exposici\u00f3n, ayuda a unificar el cuerpo y la mente en el tratamiento del trauma. Adem\u00e1s, este trabajo se puede utilizar eficazmente como complemento de las modalidades psicoterap\u00e9uticas ya existentes.<\/p>\n<p style=\"text-align: left;\"><strong>\u2013 Daniel J. Siegel, MD, autora de<em>The Developing Mind: How Relationships and the Brain Interact to Shape Who We Are<\/em><br \/><\/strong><\/p>\n<p>[\/dica_divi_carouselitem][dica_divi_carouselitem button_url_new_window=\u00bb1&#8243; use_icon=\u00bbon\u00bb font_icon=\u00bb&#xe06a;||divi||400&#8243; icon_color=\u00bb#007572&#8243; content_padding=\u00bb10px||||false|false\u00bb _builder_version=\u00bb4.16&#8243; global_colors_info=\u00bb{}\u00bb]<\/p>\n<p>Dado que revivir el trauma a menudo ocurre en forma de sensaciones f\u00edsicas&#8230; aprender a manejar y desvincular las sensaciones f\u00edsicas de las emociones basadas en el trauma se ha convertido en uno de los aspectos esenciales del tratamiento efectivo del PTSD. Pat Ogden (el fundador de Sensorimotor Psychotherapy) es el maestro indiscutible de ense\u00f1ar a los m\u00e9dicos c\u00f3mo trabajar con la sensaci\u00f3n f\u00edsica para ayudar a las personas a superar su trauma. Para m\u00ed, su trabajo me ha abierto una nueva dimensi\u00f3n de terapia efectiva.<\/p>\n<p style=\"text-align: left;\"><strong>\u2013 Bessel A. van der Kolk, MD, autora de<em>Traumatic Stress: The Effects of Overwhelming Experience on Mind, Body and Society<\/em><\/strong><\/p>\n<p>&nbsp;<\/p>\n<p>[\/dica_divi_carouselitem][dica_divi_carouselitem button_url_new_window=\u00bb1&#8243; use_icon=\u00bbon\u00bb font_icon=\u00bb&#xe06a;||divi||400&#8243; icon_color=\u00bb#007572&#8243; content_padding=\u00bb10px||||false|false\u00bb _builder_version=\u00bb4.16&#8243; global_colors_info=\u00bb{}\u00bb]<\/p>\n<p>La Psicoterapia Sensoriomotriz es una terapia corporal conceptualmente elegante y poderosamente efectiva que involucra un amplio repertorio de intervenciones som\u00e1ticas dise\u00f1adas espec\u00edficamente para ayudar a los clientes a aprovechar la sabidur\u00eda de sus cuerpos. El Programa de Formaci\u00f3n SPI ofrece cursos intensivos ingeniosamente ense\u00f1ados para los terapeutas que buscan profundizar su comprensi\u00f3n del cuerpo.<\/p>\n<p style=\"text-align: left;\"><strong>\u2013 Martha Stark, MD, autora de <em>Working with Resistance and Modes of Therapeutic Action<\/em><br \/><\/strong><\/p>\n<p>[\/dica_divi_carouselitem][\/dica_divi_carousel][\/et_pb_column][\/et_pb_row][\/et_pb_section]<\/p>\n","protected":false},"excerpt":{"rendered":"<p>\u00bfLuchas para ayudar a clientes adormecidos y desconectados que no pueden sentir emociones o explorar la experiencia interna? Aprenda un enfoque integral para conceptualizar las preocupaciones de sus clientes. Psicoterapia Sensoriomotora incluye de manera \u00fanica el cuerpo en la terapia como fuente de informaci\u00f3n y como objetivo para la intervenci\u00f3n. Vaya m\u00e1s all\u00e1 de las [&hellip;]<\/p>\n","protected":false},"author":2,"featured_media":1291,"parent":0,"menu_order":0,"comment_status":"closed","ping_status":"open","template":"","meta":{"_acf_changed":false,"_et_pb_use_builder":"on","_et_pb_old_content":"","_et_gb_content_width":"","om_disable_all_campaigns":false,"_monsterinsights_skip_tracking":false,"_monsterinsights_sitenote_active":false,"_monsterinsights_sitenote_note":"","_monsterinsights_sitenote_category":0,"footnotes":""},"class_list":["post-1417","page","type-page","status-publish","has-post-thumbnail","hentry"],"acf":[],"_links":{"self":[{"href":"https:\/\/sensorimotorpsychotherapy.org\/es\/wp-json\/wp\/v2\/pages\/1417","targetHints":{"allow":["GET"]}}],"collection":[{"href":"https:\/\/sensorimotorpsychotherapy.org\/es\/wp-json\/wp\/v2\/pages"}],"about":[{"href":"https:\/\/sensorimotorpsychotherapy.org\/es\/wp-json\/wp\/v2\/types\/page"}],"author":[{"embeddable":true,"href":"https:\/\/sensorimotorpsychotherapy.org\/es\/wp-json\/wp\/v2\/users\/2"}],"replies":[{"embeddable":true,"href":"https:\/\/sensorimotorpsychotherapy.org\/es\/wp-json\/wp\/v2\/comments?post=1417"}],"version-history":[{"count":0,"href":"https:\/\/sensorimotorpsychotherapy.org\/es\/wp-json\/wp\/v2\/pages\/1417\/revisions"}],"wp:featuredmedia":[{"embeddable":true,"href":"https:\/\/sensorimotorpsychotherapy.org\/es\/wp-json\/wp\/v2\/media\/1291"}],"wp:attachment":[{"href":"https:\/\/sensorimotorpsychotherapy.org\/es\/wp-json\/wp\/v2\/media?parent=1417"}],"curies":[{"name":"wp","href":"https:\/\/api.w.org\/{rel}","templated":true}]}}