{"id":1419,"date":"2020-12-10T19:27:22","date_gmt":"2020-12-11T02:27:22","guid":{"rendered":"https:\/\/sensorimotorpsychotherapy.org\/condiciones-de-uso\/"},"modified":"2020-12-10T19:27:27","modified_gmt":"2020-12-11T02:27:27","slug":"condiciones-de-uso","status":"publish","type":"page","link":"https:\/\/sensorimotorpsychotherapy.org\/es\/condiciones-de-uso\/","title":{"rendered":"Condiciones de uso"},"content":{"rendered":"\n<p>Estas Condiciones de Servicio (\u00abCondiciones\u00bb) rigen su acceso y uso de los servicios proporcionados a trav\u00e9s del sitio web ubicado en www.sensorimotorpsychotherapy.org (\u00abSitio Web\u00bb) y cualquier material, informaci\u00f3n y dato alojado o transmitido a trav\u00e9s del Sitio web (\u00abContenido\u00bb) seg\u00fan lo proporcionado por Sensorimotor Psychotherapy Institute, LLC (\u00abnosotros\u00bb, \u00abnuestro\u00bb o \u00abnuestros\u00bb). Su acceso y uso del Sitio Web y el Contenido est\u00e1n condicionados a su aceptaci\u00f3n y cumplimiento de estas Condiciones de Servicio (\u00abCondiciones\u00bb).\n\n\n\n\n\n <strong>Please read these Terms carefully. <\/strong><\/p>\n\n<ol class=\"wp-block-list\"><li><strong>Condiciones.<\/strong><ol class=\"list-alpha\"><li>Al acceder o utilizar el Sitio Web, acepta estar sujeto a estas Condiciones. Si no est\u00e1 satisfecho con el Sitio Web, el Contenido o las Condiciones, acepta que su \u00fanica soluci\u00f3n es dejar de usar el Sitio web. Si es menor de trece (13) a\u00f1os, se le proh\u00edbe utilizar este Sitio Web.  <\/li><li>2. Reconoce y acepta que su uso del Sitio Web es bajo su exclusivo riesgo. Declara que tiene capacidad legal y autoridad para aceptar estas Condiciones y entiende que algunas de estas Condiciones pueden no aplicarse a usted, pero todas son vinculantes. Como propietario leg\u00edtimo del Sitio web, nos reservamos el derecho de cambiar o rescindir estas Condiciones en cualquier momento y de vez en cuando sin previo aviso. Cualquier cambio de este tipo formar\u00e1 parte autom\u00e1ticamente de estas Condiciones y le ser\u00e1n exigibles en su totalidad.   <\/li><\/ol><\/li><li><strong>Titularidad.<\/strong> El Sitio Web y el Contenido asociado son propiedad o est\u00e1n debidamente autorizados por Sensorimotor Psychotherapy Institute. El Contenido est\u00e1 protegido por derechos de autor, marcas comerciales, marcas de servicio, secretos comerciales u otros derechos de propiedad y leyes, incluidos todos los derechos de propiedad intelectual, est\u00e9n o no registrados esos derechos. Nos reservamos todos los derechos aplicables en y al Sitio Web y el Contenido. La recuperaci\u00f3n sistem\u00e1tica de datos u otro contenido del Sitio Web para crear o compilar, directa o indirectamente, una recopilaci\u00f3n, compilaci\u00f3n, recreaci\u00f3n, base de datos o directorio de los materiales del Sitio Web est\u00e1 prohibida, excepto seg\u00fan lo dispuesto en este documento.    <\/li><li><strong>Prohibiciones<\/strong>. No le est\u00e1 permitido: (a) realizar ingenier\u00eda inversa, descompilar, manipular o crear trabajos derivados del Sitio Web; (b) cambiar, modificar o alterar el Sitio Web; (c) eludir cualquier protecci\u00f3n que forme parte del Sitio Web; (d) usar el Sitio Web para cualquier prop\u00f3sito comercial o ilegal; (e) contactar o recopilar cualquier informaci\u00f3n sobre cualquier otro usuario del Sitio Web (f) usar el Sitio Web para violar cualquier derecho legal de cualquier tercero; (g) usar cualquier medio automatizado para acceder o usar el Sitio Web (incluidos scripts, \u201cbots\u201d o software similar); o (h) duplicar, reproducir, publicar, mostrar, distribuir o crear trabajos derivados del Contenido a trav\u00e9s de cualquier medio.         <\/li><li><strong>Uso.<\/strong> El Sitio web, incluido el Contenido, est\u00e1 protegido por las leyes de derechos de autor y se le recomienda expl\u00edcitamente que cualquier uso del Sitio Web o del Contenido que infrinja la ley est\u00e1 prohibido. Cualquier duplicaci\u00f3n, reproducci\u00f3n, rendimiento, exhibici\u00f3n, o distribuci\u00f3n no autorizadas, u obras derivadas de cualquier Contenido protegido por derechos de autor que no sea de su propiedad est\u00e1 en contra de la ley. Queda prohibido el uso del Sitio Web o el Contenido para cualquier prop\u00f3sito no previsto expresamente en el presente documento.  <\/li><li><strong>Conducta del usuario.<\/strong> Usted declara, garantiza y acepta que su uso del Sitio Web no violar\u00e1 ni infringir\u00e1 los derechos de ning\u00fan tercero, incluidos los derechos de autor, marca comercial, privacidad, publicidad u otros derechos personales o de propiedad exclusiva; o contendr\u00e1 material difamatorio, calumnioso o ilegal de otro modo. Adem\u00e1s, acepta no utilizar el Sitio Web para: <ol class=\"list-alpha\"><li>Tomar cualquier acci\u00f3n ilegal o no autorizada o de cualquier manera da\u00f1ar, deshabilitar, sobrecargar o da\u00f1ar el Sitio Web o los derechos de propiedad intelectual propiedad o licenciados por nosotros tal y como se describe en cualquier otra parte del presente documento;<\/li><li>Cargar, publicar, transmitir, compartir o de otro modo poner a disposici\u00f3n cualquier material que contenga virus de software o cualquier otro c\u00f3digo inform\u00e1tico, archivos o programas dise\u00f1ados para interrumpir, destruir o limitar la funcionalidad de cualquier software inform\u00e1tico, hardware o equipo de telecomunicaciones;<\/li><li>Interferir o interrumpir el Sitio Web o los servidores o redes conectados al sitio web, o desobedecer cualquier requisito, procedimiento, pol\u00edtica o normativa de las redes conectadas al Sitio Web.<\/li><\/ol><\/li><li><strong>Contenido del Usuario. El Sitio Web, y los servicios relacionados, pueden permitirle comunicarse, enviar, cargar o poner a disposici\u00f3n texto, im\u00e1genes, audio, v\u00eddeo u otro contenido (\u00abContenido del Usuario\u201d), que podr\u00e1 ser accesible y visible por el p\u00fablico. <\/strong><ol class=\"list-alpha\"><li>Su uso del Sitio Web est\u00e1 sujeto a todas las leyes y normativas aplicables, y usted es el \u00fanico responsable de su Contenido del Usuario. Est\u00e1 prohibido publicar, transmitir o compartir Contenido del Usuario a trav\u00e9s del Sitio Web que usted no haya creado, del que no tenga derechos o del que no tenga permiso para publicar. Usted comprende y acepta que podemos, pero no estamos obligados, a revisar y podemos borrar o eliminar (sin previo aviso) cualquier Contenido del Usuario a nuestra entera discreci\u00f3n, por cualquier motivo o sin motivo, incluido el Contenido del Usuario que, a nuestro exclusivo juicio, viole estas Condiciones o que pueda ser ofensivo, ilegal o que pueda violar los derechos, da\u00f1ar o amenazar la seguridad de los usuarios o de terceros. Usted es el \u00fanico responsable a su exclusivo coste de crear copias de seguridad y reemplazar cualquier Contenido del Usuario que publique o almacene en el Sitio Web o que nos proporcione.   <\/li><li>2. No reclamamos ninguna propiedad sobre su Contenido del Usuario, sin embargo, al publicar Contenido del Usuario a trav\u00e9s de cualquier parte del Sitio Web, usted otorga autom\u00e1ticamente, y usted declara y garantiza que tiene derecho a otorgarnos una licencia mundial irrevocable, perpetua, no exclusiva, transferible, totalmente pagada (con derecho a sublicencia) para usar, copiar, ejecutar p\u00fablicamente, exhibir, reformatear, traducir, extraer (en su totalidad o en parte), y distribuir dicho Contenido del Usuario para cualquier prop\u00f3sito, comercial, publicitario o de otro tipo, sobre o en relaci\u00f3n con el Sitio Web o su promoci\u00f3n, para preparar trabajos derivados de, o incorporar a otras obras, dicho Contenido del Usuario, y para otorgar y autorizar sublicencias de lo anterior.<\/li><li>Usted declara y garantiza que su Contenido del Usuario cumple con estas Condiciones y que posee o tiene los derechos y permisos necesarios para usar y explotar, y para autorizarnos a usar y explotar su Contenido del Usuario de todas las maneras contempladas en estas Condiciones. Usted acepta indemnizarnos y mantenernos indemnes de cualquier demanda, p\u00e9rdida, responsabilidad, reclamaci\u00f3n o gasto realizado contra nosotros por cualquier tercero que surja de o en relaci\u00f3n con nuestro uso y explotaci\u00f3n de su Contenido del Usuario. <\/li><\/ol><\/li><li><strong>Actualizaciones.<\/strong> De vez en cuando, podemos crear versiones actualizadas del Sitio Web. Las actualizaciones pueden transmitirse autom\u00e1ticamente a usted y acepta dichas actualizaciones de acuerdo con estas Condiciones. A menos que se indique expl\u00edcitamente lo contrario, todas las actualizaciones estar\u00e1n sujetas a estas Condiciones, incluidas las modificaciones de estas Condiciones.   <\/li><li>La Ley de Derechos de Autor para Medios Digitales en el Nuevo Milenio (<strong>Digital Millenium Copyright Act<\/strong>). Cumplimos con todas las leyes de derechos de autor, incluida la Digital Millennium Copyright Act (\u00abDMCA\u00bb). Si cree que el Sitio Web infringe cualquier derecho de autor que posea o controle, env\u00edenos una notificaci\u00f3n a outreach@sensorimotor.org que incluya:  <ol class=\"list-alpha\"><li>Una firma f\u00edsica o electr\u00f3nica del propietario de los derechos de autor o de una persona autorizada para actuar en nombre del propietario del derecho exclusivo que presuntamente se haya infringido;<\/li><li>La identificaci\u00f3n de la obra con derechos de autor que se haya sido infringido, o, si hay m\u00faltiples derechos de autor cubiertos por una sola notificaci\u00f3n, una lista representativa de dichas obras que se reclama que han sido infringidas.<\/li><li>Identificaci\u00f3n del material que se reclama que se est\u00e9 infringiendo o que est\u00e9 sujeto a actividad infractora y que debe eliminarse o cuyo acceso debe ser desactivado;<\/li><li>Informaci\u00f3n razonablemente suficiente para permitir que nos pongamos en contacto con usted, como una direcci\u00f3n, n\u00famero de tel\u00e9fono y un correo electr\u00f3nico en el que pueda ser contactado;<\/li><li>Una declaraci\u00f3n en la que crea de buena fe que el uso del material de la manera descrita en la reclamaci\u00f3n no est\u00e1 autorizado por usted, su agente o la ley; y<\/li><li>Una declaraci\u00f3n de que la informaci\u00f3n en la notificaci\u00f3n es exacta, y bajo pena de perjurio, que usted est\u00e1 autorizado para actuar en nombre del propietario del derecho exclusivo que presuntamente se ha infringido.<\/li><\/ol><\/li><li><strong>Sitios de Terceros.<\/strong> El Sitio Web puede contener (o puede enviarle a trav\u00e9s de o a) v\u00ednculos a sitios web y\/o software no pertenecientes al Sitio Web (\u00abSitios de Terceros\u00bb). No somos responsables de dichos Sitios de Terceros o de cualquier contenido publicado, disponible o instalado desde dichos Sitios de Terceros. La inclusi\u00f3n, vinculaci\u00f3n o autorizaci\u00f3n del uso o instalaci\u00f3n de dichos Sitios de Terceros no implica nuestra aprobaci\u00f3n de los mismos. No tendremos ninguna responsabilidad por cualquier Sitio de Terceros al que se acceda a trav\u00e9s del uso del Sitio Web. Su uso e interacci\u00f3n con Sitios de Terceros podr\u00e1 estar sujeto a t\u00e9rminos y condiciones diferentes de dichos Sitios de Terceros. Si accede a Sitios de Terceros, deber\u00e1 cumplir con los t\u00e9rminos y condiciones aplicables.      <\/li><li><strong>Pol\u00edtica de Privacidad.<\/strong> La informaci\u00f3n que obtenemos a trav\u00e9s de su uso del Sitio Web est\u00e1 sujeta a una Pol\u00edtica de Privacidad que est\u00e1 disponible en www.sensorimotorpsychotherapy.org\/privacy-policy y se incorpora espec\u00edficamente como referencia en estas Condiciones.<\/li><li><strong>Resoluci\u00f3n.<\/strong> Usted acepta que podemos, a nuestra entera discreci\u00f3n, resolver o suspender su acceso a todo o parte del Sitio Web con o sin previo aviso y por cualquier motivo, incluido el incumplimiento de estas Condiciones. Cualquier sospecha de actividad fraudulenta, abusiva o ilegal puede ser motivo para impedir su acceso a este Sitio Web y reportarle a las autoridades competentes. 12. Exclusi\u00f3n de Garant\u00edas.  <\/li><li><strong>Exclusi\u00f3n de Garant\u00edas<\/strong>. <ol class=\"list-alpha\"><li>El Sitio Webse proporciona \u00abtal cual\u00bb, con todos sus defectos y sin garant\u00eda de ning\u00fan tipo. Por la presente renunciamos a todas las garant\u00edas con respecto al Sitio Web, ya sean expresas, impl\u00edcitas o legales, incluidas, entre otras, las garant\u00edas impl\u00edcitas de comerciabilidad, calidad satisfactoria, idoneidad para un prop\u00f3sito particular, precisi\u00f3n, disfrute silencioso y no infracci\u00f3n de los derechos de terceros. No garantizamos ni declaramos que el Sitio Web sea confiable, seguro o preciso, que satisfaga sus necesidades o requisitos, que el Sitio Web est\u00e9 disponible en cualquier momento o ubicaci\u00f3n en particular, que se corrija cualquier defecto o error, o que el Contenido est\u00e9 libre de virus u otros componentes da\u00f1inos. Usted utiliza el Sitio Web bajo su propio riesgo. Ninguna comunicaci\u00f3n oral o escrita nuestra crear\u00e1 una garant\u00eda o de ninguna manera aumentar\u00e1 el alcance de estas Condiciones, y usted no puede basarse en dichas comunicaciones. Algunas jurisdicciones no permiten la exclusi\u00f3n o limitaci\u00f3n de ciertas garant\u00edas o derechos del consumidor, por lo que es posible que algunas exclusiones o limitaciones no se apliquen a usted, pero se aplicar\u00e1n en la mayor medida permitida por la ley.     <\/li><li>El Sitio Web no pretende sustituir el asesoramiento profesional. Bajo ninguna circunstancia seremos responsables de ninguna p\u00e9rdida o da\u00f1o causado por su confianza en la informaci\u00f3n obtenida a trav\u00e9s del Sitio Web. Es su responsabilidad evaluar la exactitud, integridad o utilidad de cualquier informaci\u00f3n, opini\u00f3n, consejo u otro contenido disponible a trav\u00e9s del Sitio Web.  <\/li><li>No respaldamos, y nada en el Sitio Web se considerar\u00e1 como un respaldo, representaci\u00f3n o garant\u00eda de ning\u00fan tercero, ya sea en relaci\u00f3n con los productos, servicios, sitios web, experiencia o antecedentes de dicho tercero. No hacemos ninguna representaci\u00f3n o garant\u00eda con respecto a ning\u00fan material publicado por los usuarios. <\/li><li>Proporcionamos el \u00abDirectorio de Terapeutas SPI\u00bb como un servicio p\u00fablico para aquellos interesados en buscar un terapeuta capacitado por Sensorimotor Psychotherapy Institute. No tenemos ni pretendemos tener ninguna obligaci\u00f3n \u00e9tica y\/o legal con usted en base a su uso del directorio o cualquier informaci\u00f3n contenida en el mismo, ya sea en contrato, agravio o cualquier otro concepto de ley o equidad. Usted asume toda la responsabilidad y el riesgo al seleccionar un profesional del directorio para atender a sus necesidades espec\u00edficas. Bajo ninguna circunstancia seremos responsables de ning\u00fan da\u00f1o directo, indirecto, incidental, especial o consecuente, o lucro cesante que resulte de la selecci\u00f3n y uso de un profesional del directorio. Los profesionales enumerados en el directorio no son nuestros empleados, agentes o representantes remunerados a menos que se indique espec\u00edficamente. Usted acepta indemnizarnos y mantenernos indemnes por cualquier demanda, responsabilidad, coste, gasto (incluidos los honorarios razonables de abogados y los costes judiciales), p\u00e9rdida o da\u00f1o que surja de los actos, omisiones, decisiones o servicios de cualquier profesional elegido por usted del directorio.     <\/li><\/ol><\/li><li><strong>Limitaci\u00f3n de Responsabilidad.<\/strong> Por la presente, usted acepta que nosotros, junto con nuestras subsidiarias, afiliadas y cesionarias, y cada uno de sus directores, funcionarios, agentes, contratistas, socios y empleados, no seremos responsables ante usted o cualquier tercero por cualquier da\u00f1o indirecto, especial, consecuente o incidental, incluidos, entre otros, da\u00f1os por p\u00e9rdida de fondos o propiedad, interrupci\u00f3n comercial, p\u00e9rdida de oportunidad comercial, p\u00e9rdida de datos o cualquier otra dificultad, da\u00f1o o p\u00e9rdida que surja o est\u00e9 relacionada con: el uso o incapacidad para usar el Sitio Web, independientemente de su causa; acceso no autorizado o accidental o alteraci\u00f3n de datos; declaraciones o conducta de cualquier tercero; o cualquier asunto relacionado con el uso del Sitio Web; e incluso si se nos ha informado de la posibilidad de dichos da\u00f1os. Algunas jurisdicciones no permiten la exclusi\u00f3n o limitaci\u00f3n de ciertos recursos o da\u00f1os y perjuicios, por lo que es posible que algunas exclusiones o limitaciones no se apliquen a usted, pero se aplicar\u00e1n en la mayor medida permitida por la ley. <\/li><li><strong>Indemnizaci\u00f3n<\/strong>. Por la presente, usted nos mantiene indemnes a nosotros, nuestras subsidiarias, afiliados y cesionarios, y a cada uno de sus directores, directivos, agentes, contratistas, socios y empleados, de y contra cualquier p\u00e9rdida, responsabilidad, reclamo, demanda, da\u00f1o, coste y gasto, incluidos los honorarios razonables de abogados, que surjan de estas Condiciones o en conexi\u00f3n con cualquier uso del Sitio Web, incluyendo, pero no limitado a, cualquier da\u00f1o, p\u00e9rdida o responsabilidad con respecto o que surja de la posesi\u00f3n, uso u operaci\u00f3n del Sitio Web. <\/li><li><strong>Divisibilidad<\/strong>. Si se determina que alguna disposici\u00f3n de las presentes Condiciones es inaplicable o ilegal, podemos reformar dicha disposici\u00f3n para hacerla aplicable y legal o dicha disposici\u00f3n puede ser eliminada y en cualquier caso estas Condiciones con dicha disposici\u00f3n modificada o eliminada permanecer\u00e1n en pleno vigor y efecto en la mayor medida permitida por la ley. Nuestra incapacidad para hacer cumplir cualquier parte de estas Condiciones no se considerar\u00e1 una renuncia.  <\/li><li><strong>Ley Aplicable<\/strong>. Estas Condiciones se rigen de acuerdo con las leyes del Estado de Colorado, Estados Unidos de Am\u00e9rica. Todas las reclamaciones, procedimientos legales o litigios que surjan en relaci\u00f3n con el Sitio Web se presentar\u00e1n \u00fanicamente en los tribunales ubicados en Colorado y usted acepta la jurisdicci\u00f3n exclusiva y el lugar en dichos tribunales y renuncia a cualquier objeci\u00f3n en cuanto a jurisdicci\u00f3n inconveniente.  <\/li><li><strong>Integridad del Acuerdo<\/strong>. Estas Condiciones constituyen el acuerdo \u00edntegro entre usted y nosotros con respecto a la materia objeto del presente y reemplazan todos los entendimientos, promesas y compromisos previos, si los hubiere, realizados oralmente o por escrito con respecto a la materia objeto del presente documento. No podr\u00e1 ceder ninguna de estas Condiciones. Podemos ceder la totalidad o parte de estas Condiciones a nuestra entera discreci\u00f3n. Ninguna modificaci\u00f3n, enmienda, renuncia, rescisi\u00f3n o descarga de cualquier parte de estas Condiciones ser\u00e1 vinculante a menos que lo hagamos y confirmemos por escrito.    <\/li><\/ol>\n","protected":false},"excerpt":{"rendered":"<p>Estas Condiciones de Servicio (\u00abCondiciones\u00bb) rigen su acceso y uso de los servicios proporcionados a trav\u00e9s del sitio web ubicado en www.sensorimotorpsychotherapy.org (\u00abSitio Web\u00bb) y cualquier material, informaci\u00f3n y dato alojado o transmitido a trav\u00e9s del Sitio web (\u00abContenido\u00bb) seg\u00fan lo proporcionado por Sensorimotor Psychotherapy Institute, LLC (\u00abnosotros\u00bb, \u00abnuestro\u00bb o \u00abnuestros\u00bb). Su acceso y uso [&hellip;]<\/p>\n","protected":false},"author":2,"featured_media":0,"parent":0,"menu_order":0,"comment_status":"closed","ping_status":"open","template":"","meta":{"_acf_changed":false,"_et_pb_use_builder":"off","_et_pb_old_content":"","_et_gb_content_width":"","om_disable_all_campaigns":false,"_monsterinsights_skip_tracking":false,"_monsterinsights_sitenote_active":false,"_monsterinsights_sitenote_note":"","_monsterinsights_sitenote_category":0,"footnotes":""},"class_list":["post-1419","page","type-page","status-publish","hentry"],"acf":[],"_links":{"self":[{"href":"https:\/\/sensorimotorpsychotherapy.org\/es\/wp-json\/wp\/v2\/pages\/1419","targetHints":{"allow":["GET"]}}],"collection":[{"href":"https:\/\/sensorimotorpsychotherapy.org\/es\/wp-json\/wp\/v2\/pages"}],"about":[{"href":"https:\/\/sensorimotorpsychotherapy.org\/es\/wp-json\/wp\/v2\/types\/page"}],"author":[{"embeddable":true,"href":"https:\/\/sensorimotorpsychotherapy.org\/es\/wp-json\/wp\/v2\/users\/2"}],"replies":[{"embeddable":true,"href":"https:\/\/sensorimotorpsychotherapy.org\/es\/wp-json\/wp\/v2\/comments?post=1419"}],"version-history":[{"count":0,"href":"https:\/\/sensorimotorpsychotherapy.org\/es\/wp-json\/wp\/v2\/pages\/1419\/revisions"}],"wp:attachment":[{"href":"https:\/\/sensorimotorpsychotherapy.org\/es\/wp-json\/wp\/v2\/media?parent=1419"}],"curies":[{"name":"wp","href":"https:\/\/api.w.org\/{rel}","templated":true}]}}