{"id":5555,"date":"2022-04-11T14:50:05","date_gmt":"2022-04-11T20:50:05","guid":{"rendered":"https:\/\/sensorimotorpsychotherapy.org\/admisiones\/educacion-continua\/"},"modified":"2022-07-15T16:01:33","modified_gmt":"2022-07-15T22:01:33","slug":"educacion-continua","status":"publish","type":"page","link":"https:\/\/sensorimotorpsychotherapy.org\/es\/admisiones\/educacion-continua\/","title":{"rendered":"Educaci\u00f3n Continua"},"content":{"rendered":"<p>[et_pb_section fb_built=\u00bb1&#8243; admin_label=\u00bbsection\u00bb _builder_version=\u00bb4.16&#8243; global_colors_info=\u00bb{}\u00bb][et_pb_row admin_label=\u00bbrow\u00bb _builder_version=\u00bb4.16&#8243; background_size=\u00bbinitial\u00bb background_position=\u00bbtop_left\u00bb background_repeat=\u00bbrepeat\u00bb global_colors_info=\u00bb{}\u00bb][et_pb_column type=\u00bb4_4&#8243; _builder_version=\u00bb4.16&#8243; custom_padding=\u00bb|||\u00bb global_colors_info=\u00bb{}\u00bb custom_padding__hover=\u00bb|||\u00bb][et_pb_text admin_label=\u00bbText\u00bb _builder_version=\u00bb4.16&#8243; background_size=\u00bbinitial\u00bb background_position=\u00bbtop_left\u00bb background_repeat=\u00bbrepeat\u00bb hover_enabled=\u00bb0&#8243; global_colors_info=\u00bb{}\u00bb sticky_enabled=\u00bb0&#8243;]<\/p>\n<h1 style=\"text-align: left;\">Educaci\u00f3n Continua<\/h1>\n<p>[\/et_pb_text][\/et_pb_column][\/et_pb_row][et_pb_row column_structure=\u00bb1_2,1_2&#8243; _builder_version=\u00bb4.16&#8243; global_colors_info=\u00bb{}\u00bb][et_pb_column type=\u00bb1_2&#8243; _builder_version=\u00bb4.16&#8243; global_colors_info=\u00bb{}\u00bb][et_pb_text _builder_version=\u00bb4.16&#8243; global_colors_info=\u00bb{}\u00bb]<\/p>\n<h3>Estados Unidos<\/h3>\n<p><span style=\"text-decoration: underline;\"><strong><a href=\"https:\/\/sensorimotorpsychotherapy.org\/es\/calendario\/\">&#8211;<\/a><\/strong><\/span><\/p>\n<ul>\n<li>&#8211;<\/li>\n<\/ul>\n<p><strong><span style=\"text-decoration: underline;\"><a href=\"https:\/\/sensorimotorpsychotherapy.org\/es\/contacta-con-nosotros\/\">&#8211;<\/a><\/span><\/strong><\/p>\n<p>[\/et_pb_text][\/et_pb_column][et_pb_column type=\u00bb1_2&#8243; _builder_version=\u00bb4.16&#8243; global_colors_info=\u00bb{}\u00bb][et_pb_text _builder_version=\u00bb4.17.0&#8243; hover_enabled=\u00bb0&#8243; global_colors_info=\u00bb{}\u00bb sticky_enabled=\u00bb0&#8243;]<\/p>\n<h3>Internacional<\/h3>\n<p>Los eventos internacionales no est\u00e1n patrocinados por el Instituto de Educaci\u00f3n Continua o los Seminarios Educativos de la Commonwealth. Los estudiantes que requieran cr\u00e9dito CE para eventos fuera de los Estados Unidos deben comunicarse con SPI para confirmar la disponibilidad.<\/p>\n<h3>Adaptaciones de aprendizaje<\/h3>\n<p>El Instituto de Psicoterapia Sensoriomotora se compromete a proporcionar adaptaciones razonables para estudiantes con discapacidades f\u00edsicas, de aprendizaje y\/u otros tipos de discapacidades. Si necesita adaptaciones, comun\u00edquese con: <a href=\"mailto:admissions@sensorimotor.org\">admisiones@sensorimotor.org<\/a><\/p>\n<h3>Pol\u00edtica de quejos<\/h3>\n<p>El Instituto de Psicoterapia Sensoriomotora y sus socios de Educaci\u00f3n Continua buscan garantizar un trato equitativo para todas las personas y hacer todo lo posible para resolver los quejos de manera justa. <span style=\"text-decoration: underline;\"><strong><a href=\"\/wp-content\/uploads\/2020\/01\/GreivancePolicy2019.04.19.pdf%20\">&#8211;<\/a><\/strong><\/span> <a href=\"mailto:grievance@sensorimotor.org\">&#8211;<\/a><\/p>\n<p>[\/et_pb_text][\/et_pb_column][\/et_pb_row][et_pb_row _builder_version=\u00bb4.16&#8243; custom_padding=\u00bb70px||10px||false|false\u00bb global_colors_info=\u00bb{}\u00bb][et_pb_column type=\u00bb4_4&#8243; _builder_version=\u00bb4.16&#8243; global_colors_info=\u00bb{}\u00bb][et_pb_divider color=\u00bb#1fb2ab\u00bb divider_weight=\u00bb5px\u00bb _builder_version=\u00bb4.16&#8243; module_alignment=\u00bbleft\u00bb custom_margin=\u00bb||0px||false|false\u00bb global_colors_info=\u00bb{}\u00bb][\/et_pb_divider][et_pb_text _builder_version=\u00bb4.16&#8243; global_colors_info=\u00bb{}\u00bb]<\/p>\n<h2>&#8211;<\/h2>\n<p>[\/et_pb_text][et_pb_tabs _builder_version=\u00bb4.16&#8243; global_colors_info=\u00bb{}\u00bb][et_pb_tab title=\u00bbTalleres de trabajo\u00bb _builder_version=\u00bb4.16&#8243; global_colors_info=\u00bb{}\u00bb]<\/p>\n<p>&#8211; El cr\u00e9dito de CE est\u00e1 incluido como parte de la matr\u00edcula.<\/p>\n<p>Eventos sin cr\u00e9dito<\/p>\n<ul>\n<li>Registro<\/li>\n<li>Desayuno<\/li>\n<li>Almuerzo<\/li>\n<li>Descansos<\/li>\n<\/ul>\n<p>Metodolog\u00eda Instruccional<\/p>\n<p>Puede incluir conferencias, demostraciones, audio\/visual, pr\u00e1ctica experimental de t\u00e9cnicas, discusi\u00f3n en grupos grandes y peque\u00f1os.<\/p>\n<p>[\/et_pb_tab][et_pb_tab title=\u00bbProgramas\/Cursos de los Entrenamientos\u00bb _builder_version=\u00bb4.16&#8243; global_colors_info=\u00bb{}\u00bb]<\/p>\n<p>Se ofrece cr\u00e9dito de educaci\u00f3n continua para los cursos SPI en los Estados Unidos. El cr\u00e9dito CE se otorga m\u00f3dulo por m\u00f3dulo, y se requiere asistencia completa para cada m\u00f3dulo al que se asisti\u00f3. No se ofrece cr\u00e9dito de m\u00f3dulo parcial. El cr\u00e9dito CE est\u00e1 incluido en la matr\u00edcula del curso. La verificaci\u00f3n de CE se env\u00eda por correo a los participantes de CE del curso despu\u00e9s de cada m\u00f3dulo y cuando se procesa la documentaci\u00f3n completa. &#8211;<\/p>\n<p>Eventos sin cr\u00e9dito<\/p>\n<ul>\n<li>Inscripci\u00f3n<\/li>\n<li>Desayuno<\/li>\n<li>Almuerzo<\/li>\n<li>Descansos<\/li>\n<\/ul>\n<h3>Metodolog\u00eda Instruccional<\/h3>\n<p>Puede incluir conferencias, demostraciones, audio\/visual, pr\u00e1ctica experimental de t\u00e9cnicas, debates en grupos grandes y peque\u00f1os.<\/p>\n<h4>Objetivos de aprendizaje<\/h4>\n<ul>\n<li><strong>Nivel I<\/strong><br \/><a href=\"\/wp-content\/uploads\/2020\/03\/Level_I_Learning_Objectives_3_Mod_Format.pdf\">&#8211;<\/a><br \/><a href=\"\/wp-content\/uploads\/2020\/03\/Level_I_Learning_Objectives_4_Mod_Format.pdf\">&#8211;<\/a><br \/><a href=\"\/wp-content\/uploads\/2020\/03\/Level_I_Learning_Objectives_6_Mod_Format.pdf\">&#8211;<\/a>\n<\/li>\n<li><strong>&#8211;<\/strong><br \/><a href=\"\/wp-content\/uploads\/2020\/03\/Level_II_Learning_Objectives_7_Mod_Format.pdf\">&#8211;<\/a><br \/><a href=\"\/wp-content\/uploads\/2020\/03\/Level_II_Learning_Objectives_10_Mod_Format.pdf\">&#8211;<\/a><br \/><a href=\"\/wp-content\/uploads\/2020\/03\/Level_II_Learning_Objectives_13_Mod_Format.pdf\">&#8211;<\/a>\n<\/li>\n<li><strong>&#8211;<\/strong><br \/><a href=\"\/wp-content\/uploads\/2020\/03\/Level_III_Learning_Objectives_8_Mod_Format.pdf\">&#8211; <\/a><\/li>\n<\/ul>\n<p>[\/et_pb_tab][et_pb_tab title=\u00bbJunta de Licencias\/Certificaci\u00f3n\u00bb _builder_version=\u00bb4.16&#8243; global_colors_info=\u00bb{}\u00bb]<\/p>\n<p>&#8211;<\/p>\n<p><em>&#8211;<\/em><\/p>\n<h3>&#8211;<\/h3>\n<p><em>&#8211;<\/em> <em>&#8211;<\/em><\/p>\n<p><strong>&#8211;<\/strong> <em>&#8211;<\/em><\/p>\n<h3>&#8211;<\/h3>\n<p><em>&#8211;<\/em><\/p>\n<p><strong>&#8211;<\/strong><em>&#8211;<\/em> &#8211;<\/p>\n<h3>&#8211;<\/h3>\n<p>&#8211;<br \/>&#8211;<\/p>\n<p><strong>&#8211;<\/strong><em>&#8211;<\/em><br \/><strong>&#8211;<\/strong><\/p>\n<h3>&#8211;<\/h3>\n<p><em>&#8211;<\/em> <em>&#8211;<\/em> &#8211;<\/p>\n<p><strong>&#8211;<\/strong><\/p>\n<h3>&#8211;<\/h3>\n<p><em>&#8211;<\/em> &#8211;<\/p>\n<p>&nbsp;<\/p>\n<p>[\/et_pb_tab][\/et_pb_tabs][\/et_pb_column][\/et_pb_row][et_pb_row _builder_version=\u00bb4.16&#8243; custom_padding=\u00bb70px||10px||false|false\u00bb global_colors_info=\u00bb{}\u00bb][et_pb_column type=\u00bb4_4&#8243; _builder_version=\u00bb4.16&#8243; global_colors_info=\u00bb{}\u00bb][et_pb_divider color=\u00bb#1fb2ab\u00bb divider_weight=\u00bb5px\u00bb _builder_version=\u00bb4.16&#8243; module_alignment=\u00bbleft\u00bb custom_margin=\u00bb||0px||false|false\u00bb global_colors_info=\u00bb{}\u00bb][\/et_pb_divider][et_pb_text _builder_version=\u00bb4.16&#8243; global_colors_info=\u00bb{}\u00bb]<\/p>\n<h2>&#8211;<\/h2>\n<p><img loading=\"lazy\" decoding=\"async\" class=\"wp-image-3941 alignnone \" src=\"https:\/\/sensorimotorpsychotherapy.org\/wp-content\/uploads\/2021\/10\/CME-300x206.jpg\" alt=\"\" width=\"178\" height=\"122\"><\/p>\n<p>[\/et_pb_text][et_pb_tabs _builder_version=\u00bb4.16&#8243; global_colors_info=\u00bb{}\u00bb][et_pb_tab title=\u00bbProgramas\/Cursos de los Entrenamientos\u00bb _builder_version=\u00bb4.16&#8243; global_colors_info=\u00bb{}\u00bb]<\/p>\n<p>&#8211; Para obtener m\u00e1s informaci\u00f3n acerca de CME Outfitters, LLC, <a href=\"https:\/\/www.cmeoutfitters.com\/about-us\/\" target=\"_blank\" rel=\"noopener\">haga clic aqu\u00ed<\/a>.<\/p>\n<p>En apoyo a la mejora de la atenci\u00f3n del paciente, CME Outfitters, LLC y el Instituto de <strong>Psicoterapia Sensoriomotora han planeado e implementado el curso Psicoterapia sensoriomotora<\/strong> para temas traum\u00e1ticos en l\u00ednea.<\/p>\n<p>Est\u00e1 pendiente el curso <strong>Entrenamiento Integrativa Avanzada en Psicoterapia Sensoriomotora<\/strong>.<\/p>\n<h5>Objetivos formativos<\/h5>\n<p><a href=\"https:\/\/sensorimotorpsychotherapy.org\/wp-content\/uploads\/2021\/10\/Module-1A-CE-Information.pdf\" target=\"_blank\" rel=\"attachment noopener wp-att-3945\">Psicoterapia Sensoriomotora para Temas Traum\u00e1ticos &#8211; Online<\/a><\/p>\n<p><a href=\"\/wp-content\/uploads\/2020\/03\/Advanced_integrative_Training_in_SP.pdf\">Entrenamiento Integrativa Avanzada en Psicoterapia Sensoriomotora<\/a><\/p>\n<p>[\/et_pb_tab][et_pb_tab title=\u00bbJunta de Licencias\/Certificaci\u00f3n\u00bb _builder_version=\u00bb4.16&#8243; global_colors_info=\u00bb{}\u00bb]<\/p>\n<h3>Psic\u00f3logos<\/h3>\n<p>CME Outfitters, LLC est\u00e1 aprobada por la Asociaci\u00f3n Estadounidense de Psicolog\u00eda para patrocinar la educaci\u00f3n continua para psic\u00f3logos. CME Outfitters, LLC mantiene la responsabilidad de estos programas y su contenido.<\/p>\n<h3>Enfermeros<\/h3>\n<p>Como proveedor aprobado por la American Psychological Association (APA), los programas de CME Outfitters, LLC son aceptados por el American Nurses Credentialing Center (ANCC). Estos cursos pueden ser utilizados por enfermeros para renovar su certificaci\u00f3n y ser\u00e1n aceptados por la ANCC. Cada Junta de Enfermer\u00eda estatal acepta programas aprobados por ANCC excepto California e Iowa, sin embargo, CME Outfitters, LLC tambi\u00e9n es un proveedor de Educaci\u00f3n Contin\u00faa aprobado por la Junta de Enfermer\u00eda Registrada de California (Proveedor # CEP15567) que tambi\u00e9n es aceptado por la Junta de Enfermer\u00eda de Iowa.<\/p>\n<h3>Otros profesionales de la salud mental<\/h3>\n<p>Consulte con la junta de su estado para determinar si se aceptan los cr\u00e9ditos de educaci\u00f3n continua de APA.<\/p>\n<p>[\/et_pb_tab][\/et_pb_tabs][\/et_pb_column][\/et_pb_row][\/et_pb_section]<\/p>\n","protected":false},"excerpt":{"rendered":"<p>Educaci\u00f3n ContinuaEstados Unidos &#8211; &#8211; -Internacional Los eventos internacionales no est\u00e1n patrocinados por el Instituto de Educaci\u00f3n Continua o los Seminarios Educativos de la Commonwealth. Los estudiantes que requieran cr\u00e9dito CE para eventos fuera de los Estados Unidos deben comunicarse con SPI para confirmar la disponibilidad. Adaptaciones de aprendizaje El Instituto de Psicoterapia Sensoriomotora se [&hellip;]<\/p>\n","protected":false},"author":2,"featured_media":0,"parent":1382,"menu_order":0,"comment_status":"closed","ping_status":"open","template":"","meta":{"_acf_changed":false,"_et_pb_use_builder":"on","_et_pb_old_content":"","_et_gb_content_width":"","om_disable_all_campaigns":false,"_monsterinsights_skip_tracking":false,"_monsterinsights_sitenote_active":false,"_monsterinsights_sitenote_note":"","_monsterinsights_sitenote_category":0,"footnotes":""},"class_list":["post-5555","page","type-page","status-publish","hentry"],"acf":[],"_links":{"self":[{"href":"https:\/\/sensorimotorpsychotherapy.org\/es\/wp-json\/wp\/v2\/pages\/5555","targetHints":{"allow":["GET"]}}],"collection":[{"href":"https:\/\/sensorimotorpsychotherapy.org\/es\/wp-json\/wp\/v2\/pages"}],"about":[{"href":"https:\/\/sensorimotorpsychotherapy.org\/es\/wp-json\/wp\/v2\/types\/page"}],"author":[{"embeddable":true,"href":"https:\/\/sensorimotorpsychotherapy.org\/es\/wp-json\/wp\/v2\/users\/2"}],"replies":[{"embeddable":true,"href":"https:\/\/sensorimotorpsychotherapy.org\/es\/wp-json\/wp\/v2\/comments?post=5555"}],"version-history":[{"count":0,"href":"https:\/\/sensorimotorpsychotherapy.org\/es\/wp-json\/wp\/v2\/pages\/5555\/revisions"}],"up":[{"embeddable":true,"href":"https:\/\/sensorimotorpsychotherapy.org\/es\/wp-json\/wp\/v2\/pages\/1382"}],"wp:attachment":[{"href":"https:\/\/sensorimotorpsychotherapy.org\/es\/wp-json\/wp\/v2\/media?parent=5555"}],"curies":[{"name":"wp","href":"https:\/\/api.w.org\/{rel}","templated":true}]}}